{"id":13945,"date":"2020-01-06T17:27:23","date_gmt":"2020-01-06T16:27:23","guid":{"rendered":"http:\/\/culturesconnection.com\/?page_id=13945"},"modified":"2022-06-25T03:45:52","modified_gmt":"2022-06-25T01:45:52","slug":"traduccion-audiovisual-de-griego","status":"publish","type":"page","link":"https:\/\/culturesconnection.com\/es\/servicios-de-traduccion-de-griego\/traduccion-audiovisual-de-griego\/","title":{"rendered":"Traducci\u00f3n audiovisual de griego"},"content":{"rendered":"\n<h2 class=\"wp-block-heading\">TRADUCCI\u00d3N AUDIOVISUAL GRIEGO-ESPA\u00d1OL: LA DIFUSI\u00d3N DE SUS V\u00cdDEOS EN GRECIA<\/h2>\n\n\n\n<p>La <a href=\"https:\/\/culturesconnection.com\/es\/traduccion-audiovisual\/\">traducci\u00f3n audiovisual<\/a> es actualmente un sector en pleno auge gracias a la multiplicaci\u00f3n de soportes audiovisuales existentes. Si, por ejemplo, desea presentar una nueva pel\u00edcula en Grecia, necesitar\u00e1 los servicios de un traductor profesional para hacer accesible su contenido multimedia al p\u00fablico griego. El especialista en traducci\u00f3n audiovisual es capaz de realizar cualquier tipo de prestaci\u00f3n ligada a este \u00e1mbito, como la subtitulaci\u00f3n, la voz en <em>off<\/em> o el doblaje. Conf\u00ede sus proyectos audiovisuales a nuestra agencia de traducci\u00f3n para obtener resultados precisos y de calidad.<\/p>\n\n\n\n<h2 class=\"wp-block-heading\">SERVICIOS DE TRADUCCI\u00d3N AUDIOVISUAL DE GRIEGO<\/h2>\n\n\n\n<p>Nuestra <a href=\"https:\/\/culturesconnection.com\/es\/\">agencia de traducci\u00f3n<\/a> le ofrece servicios de traducci\u00f3n audiovisual de griego de gran calidad. Nuestros colaboradores dominan los aspectos t\u00e9cnicos de su profesi\u00f3n as\u00ed como sus lenguas de trabajo. Y para poder garantizarle las mejores traducciones posibles solamente traducen hacia su lengua materna. De esta manera, si tiene un proyecto de traducci\u00f3n audiovisual en griego, conf\u00ede en Cultures Connection para encontrar al traductor que necesita. La subtitulaci\u00f3n no es un trabajo f\u00e1cil en particular, pero nuestro especialista sabr\u00e1 esquivar todas las dificultades y podr\u00e1 traducirlas adapt\u00e1ndolas a las complejidades del sector audiovisual.<\/p>\n\n\n\n<h2 class=\"wp-block-heading\">SU MATERIAL AUDIOVISUAL DE GRIEGO<\/h2>\n\n\n\n<p>Existen muchas opciones de traducci\u00f3n en el \u00e1mbito audiovisual. He aqu\u00ed varios ejemplos de proyectos audiovisuales de griego realizados por Cultures Connection:<\/p>\n\n\n\n<ul class=\"wp-block-list\"><li>V\u00eddeos comerciales y publicitarios<\/li><li>V\u00eddeos corporativos<\/li><li>V\u00eddeos institucionales<\/li><li>Audios<\/li><li>Documentales<\/li><li>Videojuegos<\/li><\/ul>\n\n\n\n<h3 class=\"wp-block-heading\"><img decoding=\"async\" src=\"https:\/\/upload.wikimedia.org\/wikipedia\/commons\/thumb\/8\/8d\/U%2B2192.svg\/25px-U%2B2192.svg.png\" alt=\"U + 2192.svg\"><strong>&nbsp;Traducciones audiovisuales en todos los idiomas<\/strong><\/h3>\n\n\n\n<ul class=\"wp-block-list\"><li><a href=\"https:\/\/culturesconnection.com\/es\/traduccion-audiovisual-en-ingles\/\">Traducci\u00f3n audiovisual de ingl\u00e9s<\/a><\/li><li><a href=\"https:\/\/culturesconnection.com\/es\/traduccion-audiovisual-al-frances\/\">Traducci\u00f3n audiovisual de franc\u00e9s<\/a><\/li><li><a href=\"https:\/\/culturesconnection.com\/es\/traduccion-audiovisual-en-aleman\/\">Traducci\u00f3n audiovisual de alem\u00e1n<\/a><\/li><li><a href=\"https:\/\/culturesconnection.com\/es\/traduccion-audiovisual-de-chino\/\">Traducci\u00f3n audiovisual de chino<\/a><\/li><li><a href=\"https:\/\/culturesconnection.com\/es\/traduccion-audiovisual-en-arabe\/\">Traducci\u00f3n audiovisual de \u00e1rabe<\/a><\/li><li><a href=\"https:\/\/culturesconnection.com\/es\/traduccion-audiovisual-de-portugues\/\">Traducci\u00f3n audiovisual de portugu\u00e9s<\/a><\/li><li><a href=\"https:\/\/culturesconnection.com\/es\/traduccion-audiovisual-en-italiano\/\">Traducci\u00f3n audiovisual de italiano<\/a><\/li><li><a href=\"https:\/\/culturesconnection.com\/es\/traduccion-audiovisual-de-neerlandes\/\">Traducci\u00f3n audiovisual de neerland\u00e9s<\/a><\/li><li><a href=\"https:\/\/culturesconnection.com\/es\/traduccion-audiovisual-de-turco\/\">Traducci\u00f3n audiovisual de turco<\/a><\/li><li><a href=\"https:\/\/culturesconnection.com\/es\/traduccion-audiovisual-de-japones\/\">Traducci\u00f3n audiovisual de japon\u00e9s<\/a><\/li><li><a href=\"https:\/\/culturesconnection.com\/es\/traduccion-audiovisual-de-ruso\/\">Traducci\u00f3n audiovisual de ruso<\/a><\/li><\/ul>\n","protected":false},"excerpt":{"rendered":"<p>TRADUCCI\u00d3N AUDIOVISUAL GRIEGO-ESPA\u00d1OL: LA DIFUSI\u00d3N DE SUS V\u00cdDEOS EN GRECIA La traducci\u00f3n audiovisual es actualmente un sector en pleno auge gracias a la multiplicaci\u00f3n de [&#8230;]<\/p>\n<p><a class=\"btn btn-secondary understrap-read-more-link\" href=\"https:\/\/culturesconnection.com\/es\/servicios-de-traduccion-de-griego\/traduccion-audiovisual-de-griego\/\">Leer m\u00e1s&#8230;<span class=\"screen-reader-text\"> from Traducci\u00f3n audiovisual de griego<\/span><\/a><\/p>\n","protected":false},"author":53,"featured_media":24337,"parent":10979,"menu_order":0,"comment_status":"closed","ping_status":"closed","template":"","meta":{"_acf_changed":false,"_editorskit_title_hidden":false,"_editorskit_reading_time":0,"_editorskit_is_block_options_detached":false,"_editorskit_block_options_position":"{}","footnotes":""},"class_list":["post-13945","page","type-page","status-publish","has-post-thumbnail","hentry"],"acf":[],"_links":{"self":[{"href":"https:\/\/culturesconnection.com\/es\/wp-json\/wp\/v2\/pages\/13945","targetHints":{"allow":["GET"]}}],"collection":[{"href":"https:\/\/culturesconnection.com\/es\/wp-json\/wp\/v2\/pages"}],"about":[{"href":"https:\/\/culturesconnection.com\/es\/wp-json\/wp\/v2\/types\/page"}],"author":[{"embeddable":true,"href":"https:\/\/culturesconnection.com\/es\/wp-json\/wp\/v2\/users\/53"}],"replies":[{"embeddable":true,"href":"https:\/\/culturesconnection.com\/es\/wp-json\/wp\/v2\/comments?post=13945"}],"version-history":[{"count":0,"href":"https:\/\/culturesconnection.com\/es\/wp-json\/wp\/v2\/pages\/13945\/revisions"}],"up":[{"embeddable":true,"href":"https:\/\/culturesconnection.com\/es\/wp-json\/wp\/v2\/pages\/10979"}],"wp:featuredmedia":[{"embeddable":true,"href":"https:\/\/culturesconnection.com\/es\/wp-json\/wp\/v2\/media\/24337"}],"wp:attachment":[{"href":"https:\/\/culturesconnection.com\/es\/wp-json\/wp\/v2\/media?parent=13945"}],"curies":[{"name":"wp","href":"https:\/\/api.w.org\/{rel}","templated":true}]}}