{"id":13899,"date":"2019-02-28T12:29:00","date_gmt":"2019-02-28T11:29:00","guid":{"rendered":"http:\/\/culturesconnection.com\/?page_id=13899"},"modified":"2022-12-02T14:35:52","modified_gmt":"2022-12-02T13:35:52","slug":"servicios-de-traduccion-de-turco","status":"publish","type":"page","link":"https:\/\/culturesconnection.com\/es\/servicios-de-traduccion-de-turco\/","title":{"rendered":"Traducci\u00f3n de Turco"},"content":{"rendered":"\n<h2 class=\"wp-block-heading\">Servicios de traducci\u00f3n profesional de turco<\/h2>\n\n\n\n<p>\u00bfNecesita traducir sus documentos al turco? \u00a1Es una gran idea! La econom\u00eda turca est\u00e1 caracterizada por la presencia de un mercado dom\u00e9stico de 75 millones de consumidores y de significantes inversiones. Esto podr\u00eda representar una verdadera oportunidad para su negocio, por no mencionar que la econom\u00eda turca est\u00e1 relativamente abierta al comercio internacional, representando el 48% de su PIB. Adem\u00e1s, \u00bfsab\u00eda que la Uni\u00f3n Europea es el mayor socio comercial de Turqu\u00eda? Si su empresa se encuentra en un pa\u00eds europeo, \u00a1aproveche esta relaci\u00f3n comercial privilegiada con ayuda de nuestras traducciones espa\u00f1ol-turco y viceversa!<\/p>\n\n\n\n<p>\u00bfSu empresa aspira a crecer en el mercado turco? Traducir sus documentos o su p\u00e1gina web le proporcionar\u00e1 grandes ventajas frente a otras empresas. Cultures Connection le ofrece servicios de traducci\u00f3n desde o hacia el turco sin importar la naturaleza del proyecto o el sector al que pertenezca su empresa.<\/p>\n\n\n\n<h2 class=\"wp-block-heading\">\u00bfBusca un traductor de turco?<\/h2>\n\n\n\n<p>\u00bfNecesita un traductor espa\u00f1ol-turco o turco-espa\u00f1ol? Ya sea una gran empresa o una PyME, Cultures Connection es el intermediario que necesita. Nuestra <a href=\"https:\/\/culturesconnection.com\/es\/\">agencia de traducci\u00f3n<\/a> trabaja con muchos traductores turcos y se preocupa por seleccionar a los expertos <a href=\"https:\/\/culturesconnection.com\/es\/traductor-profesional\/\">ling\u00fc\u00edsticos<\/a> mejor cualificados para su proyecto. Nuestra amplia red de especialistas nos permite ocuparnos de sus solicitudes con rapidez en muchos sectores comerciales.<\/p>\n\n\n\n<p>Adem\u00e1s de sus habilidades ling\u00fc\u00edsticas, nuestros traductores son expertos destacados de sus campos de trabajo. Por ello, si necesita una traducci\u00f3n comercial de turco, nuestra agencia de traducci\u00f3n contactar\u00e1 a un profesional con experiencia demostrada en ventas y\/o marketing. Todos nuestros traductores de turco cuentan con estudios y con, al menos, cinco a\u00f1os de experiencia profesional demostrada. Conforme a las regulaciones en vigor, todos ellos traducen \u00fanicamente hacia su lengua materna.<\/p>\n","protected":false},"excerpt":{"rendered":"<p>Servicios de traducci\u00f3n profesional de turco \u00bfNecesita traducir sus documentos al turco? \u00a1Es una gran idea! La econom\u00eda turca est\u00e1 caracterizada por la presencia de [&#8230;]<\/p>\n<p><a class=\"btn btn-secondary understrap-read-more-link\" href=\"https:\/\/culturesconnection.com\/es\/servicios-de-traduccion-de-turco\/\">Leer m\u00e1s&#8230;<span class=\"screen-reader-text\"> from Traducci\u00f3n de Turco<\/span><\/a><\/p>\n","protected":false},"author":53,"featured_media":23259,"parent":0,"menu_order":0,"comment_status":"closed","ping_status":"closed","template":"","meta":{"_acf_changed":false,"_editorskit_title_hidden":false,"_editorskit_reading_time":0,"_editorskit_is_block_options_detached":false,"_editorskit_block_options_position":"{}","footnotes":""},"class_list":["post-13899","page","type-page","status-publish","has-post-thumbnail","hentry"],"acf":[],"yoast_head":"<!-- This site is optimized with the Yoast SEO Premium plugin v23.4 (Yoast SEO v27.3) - https:\/\/yoast.com\/product\/yoast-seo-premium-wordpress\/ -->\n<title>Servicios de traducci\u00f3n de turco<\/title>\n<meta name=\"description\" content=\"Cultures Connection ofrece servicios de traducci\u00f3n de turco de gran calidad. Solo trabajamos con traductores profesionales. \u00a1Pida su presupuesto gratuito!\" \/>\n<meta name=\"robots\" content=\"index, follow, max-snippet:-1, max-image-preview:large, max-video-preview:-1\" \/>\n<link rel=\"canonical\" href=\"https:\/\/culturesconnection.com\/es\/servicios-de-traduccion-de-turco\/\" \/>\n<meta property=\"og:locale\" content=\"es_ES\" \/>\n<meta property=\"og:type\" content=\"article\" \/>\n<meta property=\"og:title\" content=\"Traducci\u00f3n de Turco\" \/>\n<meta property=\"og:description\" content=\"Cultures Connection ofrece servicios de traducci\u00f3n de turco de gran calidad. Solo trabajamos con traductores profesionales. \u00a1Pida su presupuesto gratuito!\" \/>\n<meta property=\"og:url\" content=\"https:\/\/culturesconnection.com\/es\/servicios-de-traduccion-de-turco\/\" \/>\n<meta property=\"og:site_name\" content=\"Cultures Connection\" \/>\n<meta property=\"article:publisher\" content=\"https:\/\/www.facebook.com\/CulturesConnection\" \/>\n<meta property=\"article:modified_time\" content=\"2022-12-02T13:35:52+00:00\" \/>\n<meta property=\"og:image\" content=\"https:\/\/culturesconnection.com\/wp-content\/uploads\/2020\/09\/P\u00e4gina_Servicios_de_traducci\u00f3n_por_idioma.png\" \/>\n\t<meta property=\"og:image:width\" content=\"1417\" \/>\n\t<meta property=\"og:image:height\" content=\"561\" \/>\n\t<meta property=\"og:image:type\" content=\"image\/png\" \/>\n<meta name=\"twitter:card\" content=\"summary_large_image\" \/>\n<meta name=\"twitter:site\" content=\"@CulturesCo_\" \/>\n<meta name=\"twitter:label1\" content=\"Tiempo de lectura\" \/>\n\t<meta name=\"twitter:data1\" content=\"2 minutos\" \/>\n<script type=\"application\/ld+json\" class=\"yoast-schema-graph\">{\"@context\":\"https:\\\/\\\/schema.org\",\"@graph\":[{\"@type\":\"WebPage\",\"@id\":\"https:\\\/\\\/culturesconnection.com\\\/es\\\/servicios-de-traduccion-de-turco\\\/\",\"url\":\"https:\\\/\\\/culturesconnection.com\\\/es\\\/servicios-de-traduccion-de-turco\\\/\",\"name\":\"Servicios de traducci\u00f3n de turco\",\"isPartOf\":{\"@id\":\"https:\\\/\\\/culturesconnection.com\\\/fr\\\/#website\"},\"primaryImageOfPage\":{\"@id\":\"https:\\\/\\\/culturesconnection.com\\\/es\\\/servicios-de-traduccion-de-turco\\\/#primaryimage\"},\"image\":{\"@id\":\"https:\\\/\\\/culturesconnection.com\\\/es\\\/servicios-de-traduccion-de-turco\\\/#primaryimage\"},\"thumbnailUrl\":\"https:\\\/\\\/culturesconnection.com\\\/wp-content\\\/uploads\\\/2020\\\/09\\\/P\u00e4gina_Servicios_de_traducci\u00f3n_por_idioma.png\",\"datePublished\":\"2019-02-28T11:29:00+00:00\",\"dateModified\":\"2022-12-02T13:35:52+00:00\",\"description\":\"Cultures Connection ofrece servicios de traducci\u00f3n de turco de gran calidad. Solo trabajamos con traductores profesionales. \u00a1Pida su presupuesto gratuito!\",\"breadcrumb\":{\"@id\":\"https:\\\/\\\/culturesconnection.com\\\/es\\\/servicios-de-traduccion-de-turco\\\/#breadcrumb\"},\"inLanguage\":\"es\",\"potentialAction\":[{\"@type\":\"ReadAction\",\"target\":[\"https:\\\/\\\/culturesconnection.com\\\/es\\\/servicios-de-traduccion-de-turco\\\/\"]}]},{\"@type\":\"ImageObject\",\"inLanguage\":\"es\",\"@id\":\"https:\\\/\\\/culturesconnection.com\\\/es\\\/servicios-de-traduccion-de-turco\\\/#primaryimage\",\"url\":\"https:\\\/\\\/culturesconnection.com\\\/wp-content\\\/uploads\\\/2020\\\/09\\\/P\u00e4gina_Servicios_de_traducci\u00f3n_por_idioma.png\",\"contentUrl\":\"https:\\\/\\\/culturesconnection.com\\\/wp-content\\\/uploads\\\/2020\\\/09\\\/P\u00e4gina_Servicios_de_traducci\u00f3n_por_idioma.png\",\"width\":1417,\"height\":561},{\"@type\":\"BreadcrumbList\",\"@id\":\"https:\\\/\\\/culturesconnection.com\\\/es\\\/servicios-de-traduccion-de-turco\\\/#breadcrumb\",\"itemListElement\":[{\"@type\":\"ListItem\",\"position\":1,\"name\":\"Home\",\"item\":\"https:\\\/\\\/culturesconnection.com\\\/es\\\/\"},{\"@type\":\"ListItem\",\"position\":2,\"name\":\"Traducci\u00f3n de Turco\"}]},{\"@type\":\"WebSite\",\"@id\":\"https:\\\/\\\/culturesconnection.com\\\/fr\\\/#website\",\"url\":\"https:\\\/\\\/culturesconnection.com\\\/fr\\\/\",\"name\":\"Cultures Connection\",\"description\":\"Cultures Connection is a translation agency dedicated to the success of its international clients.\",\"publisher\":{\"@id\":\"https:\\\/\\\/culturesconnection.com\\\/fr\\\/#organization\"},\"potentialAction\":[{\"@type\":\"SearchAction\",\"target\":{\"@type\":\"EntryPoint\",\"urlTemplate\":\"https:\\\/\\\/culturesconnection.com\\\/fr\\\/?s={search_term_string}\"},\"query-input\":{\"@type\":\"PropertyValueSpecification\",\"valueRequired\":true,\"valueName\":\"search_term_string\"}}],\"inLanguage\":\"es\"},{\"@type\":\"Organization\",\"@id\":\"https:\\\/\\\/culturesconnection.com\\\/fr\\\/#organization\",\"name\":\"Cultures Connection\",\"url\":\"https:\\\/\\\/culturesconnection.com\\\/fr\\\/\",\"logo\":{\"@type\":\"ImageObject\",\"inLanguage\":\"es\",\"@id\":\"https:\\\/\\\/culturesconnection.com\\\/fr\\\/#\\\/schema\\\/logo\\\/image\\\/\",\"url\":\"https:\\\/\\\/culturesconnection.com\\\/wp-content\\\/uploads\\\/2022\\\/06\\\/cropped-favicon512x512.png\",\"contentUrl\":\"https:\\\/\\\/culturesconnection.com\\\/wp-content\\\/uploads\\\/2022\\\/06\\\/cropped-favicon512x512.png\",\"width\":512,\"height\":512,\"caption\":\"Cultures Connection\"},\"image\":{\"@id\":\"https:\\\/\\\/culturesconnection.com\\\/fr\\\/#\\\/schema\\\/logo\\\/image\\\/\"},\"sameAs\":[\"https:\\\/\\\/www.facebook.com\\\/CulturesConnection\",\"https:\\\/\\\/x.com\\\/CulturesCo_\"]}]}<\/script>\n<!-- \/ Yoast SEO Premium plugin. -->","yoast_head_json":{"title":"Servicios de traducci\u00f3n de turco","description":"Cultures Connection ofrece servicios de traducci\u00f3n de turco de gran calidad. Solo trabajamos con traductores profesionales. \u00a1Pida su presupuesto gratuito!","robots":{"index":"index","follow":"follow","max-snippet":"max-snippet:-1","max-image-preview":"max-image-preview:large","max-video-preview":"max-video-preview:-1"},"canonical":"https:\/\/culturesconnection.com\/es\/servicios-de-traduccion-de-turco\/","og_locale":"es_ES","og_type":"article","og_title":"Traducci\u00f3n de Turco","og_description":"Cultures Connection ofrece servicios de traducci\u00f3n de turco de gran calidad. Solo trabajamos con traductores profesionales. \u00a1Pida su presupuesto gratuito!","og_url":"https:\/\/culturesconnection.com\/es\/servicios-de-traduccion-de-turco\/","og_site_name":"Cultures Connection","article_publisher":"https:\/\/www.facebook.com\/CulturesConnection","article_modified_time":"2022-12-02T13:35:52+00:00","og_image":[{"width":1417,"height":561,"url":"https:\/\/culturesconnection.com\/wp-content\/uploads\/2020\/09\/P\u00e4gina_Servicios_de_traducci\u00f3n_por_idioma.png","type":"image\/png"}],"twitter_card":"summary_large_image","twitter_site":"@CulturesCo_","twitter_misc":{"Tiempo de lectura":"2 minutos"},"schema":{"@context":"https:\/\/schema.org","@graph":[{"@type":"WebPage","@id":"https:\/\/culturesconnection.com\/es\/servicios-de-traduccion-de-turco\/","url":"https:\/\/culturesconnection.com\/es\/servicios-de-traduccion-de-turco\/","name":"Servicios de traducci\u00f3n de turco","isPartOf":{"@id":"https:\/\/culturesconnection.com\/fr\/#website"},"primaryImageOfPage":{"@id":"https:\/\/culturesconnection.com\/es\/servicios-de-traduccion-de-turco\/#primaryimage"},"image":{"@id":"https:\/\/culturesconnection.com\/es\/servicios-de-traduccion-de-turco\/#primaryimage"},"thumbnailUrl":"https:\/\/culturesconnection.com\/wp-content\/uploads\/2020\/09\/P\u00e4gina_Servicios_de_traducci\u00f3n_por_idioma.png","datePublished":"2019-02-28T11:29:00+00:00","dateModified":"2022-12-02T13:35:52+00:00","description":"Cultures Connection ofrece servicios de traducci\u00f3n de turco de gran calidad. Solo trabajamos con traductores profesionales. \u00a1Pida su presupuesto gratuito!","breadcrumb":{"@id":"https:\/\/culturesconnection.com\/es\/servicios-de-traduccion-de-turco\/#breadcrumb"},"inLanguage":"es","potentialAction":[{"@type":"ReadAction","target":["https:\/\/culturesconnection.com\/es\/servicios-de-traduccion-de-turco\/"]}]},{"@type":"ImageObject","inLanguage":"es","@id":"https:\/\/culturesconnection.com\/es\/servicios-de-traduccion-de-turco\/#primaryimage","url":"https:\/\/culturesconnection.com\/wp-content\/uploads\/2020\/09\/P\u00e4gina_Servicios_de_traducci\u00f3n_por_idioma.png","contentUrl":"https:\/\/culturesconnection.com\/wp-content\/uploads\/2020\/09\/P\u00e4gina_Servicios_de_traducci\u00f3n_por_idioma.png","width":1417,"height":561},{"@type":"BreadcrumbList","@id":"https:\/\/culturesconnection.com\/es\/servicios-de-traduccion-de-turco\/#breadcrumb","itemListElement":[{"@type":"ListItem","position":1,"name":"Home","item":"https:\/\/culturesconnection.com\/es\/"},{"@type":"ListItem","position":2,"name":"Traducci\u00f3n de Turco"}]},{"@type":"WebSite","@id":"https:\/\/culturesconnection.com\/fr\/#website","url":"https:\/\/culturesconnection.com\/fr\/","name":"Cultures Connection","description":"Cultures Connection is a translation agency dedicated to the success of its international clients.","publisher":{"@id":"https:\/\/culturesconnection.com\/fr\/#organization"},"potentialAction":[{"@type":"SearchAction","target":{"@type":"EntryPoint","urlTemplate":"https:\/\/culturesconnection.com\/fr\/?s={search_term_string}"},"query-input":{"@type":"PropertyValueSpecification","valueRequired":true,"valueName":"search_term_string"}}],"inLanguage":"es"},{"@type":"Organization","@id":"https:\/\/culturesconnection.com\/fr\/#organization","name":"Cultures Connection","url":"https:\/\/culturesconnection.com\/fr\/","logo":{"@type":"ImageObject","inLanguage":"es","@id":"https:\/\/culturesconnection.com\/fr\/#\/schema\/logo\/image\/","url":"https:\/\/culturesconnection.com\/wp-content\/uploads\/2022\/06\/cropped-favicon512x512.png","contentUrl":"https:\/\/culturesconnection.com\/wp-content\/uploads\/2022\/06\/cropped-favicon512x512.png","width":512,"height":512,"caption":"Cultures Connection"},"image":{"@id":"https:\/\/culturesconnection.com\/fr\/#\/schema\/logo\/image\/"},"sameAs":["https:\/\/www.facebook.com\/CulturesConnection","https:\/\/x.com\/CulturesCo_"]}]}},"_links":{"self":[{"href":"https:\/\/culturesconnection.com\/es\/wp-json\/wp\/v2\/pages\/13899","targetHints":{"allow":["GET"]}}],"collection":[{"href":"https:\/\/culturesconnection.com\/es\/wp-json\/wp\/v2\/pages"}],"about":[{"href":"https:\/\/culturesconnection.com\/es\/wp-json\/wp\/v2\/types\/page"}],"author":[{"embeddable":true,"href":"https:\/\/culturesconnection.com\/es\/wp-json\/wp\/v2\/users\/53"}],"replies":[{"embeddable":true,"href":"https:\/\/culturesconnection.com\/es\/wp-json\/wp\/v2\/comments?post=13899"}],"version-history":[{"count":0,"href":"https:\/\/culturesconnection.com\/es\/wp-json\/wp\/v2\/pages\/13899\/revisions"}],"wp:featuredmedia":[{"embeddable":true,"href":"https:\/\/culturesconnection.com\/es\/wp-json\/wp\/v2\/media\/23259"}],"wp:attachment":[{"href":"https:\/\/culturesconnection.com\/es\/wp-json\/wp\/v2\/media?parent=13899"}],"curies":[{"name":"wp","href":"https:\/\/api.w.org\/{rel}","templated":true}]}}