{"id":13898,"date":"2019-02-28T12:30:45","date_gmt":"2019-02-28T10:30:45","guid":{"rendered":"http:\/\/culturesconnection.com\/?page_id=13898"},"modified":"2022-07-29T15:21:36","modified_gmt":"2022-07-29T13:21:36","slug":"traduccion-cientifica-de-turco","status":"publish","type":"page","link":"https:\/\/culturesconnection.com\/es\/servicios-de-traduccion-de-turco\/traduccion-cientifica-de-turco\/","title":{"rendered":"Traducci\u00f3n cient\u00edfica de turco"},"content":{"rendered":"\n<h2 class=\"wp-block-heading\">Traducci\u00f3n cient\u00edfica de turco: un trabajo meticuloso<\/h2>\n\n\n\n<p>La traducci\u00f3n cient\u00edfica y la b\u00fasqueda terminol\u00f3gica van de la mano. Es m\u00e1s, el hecho de comenzar una traducci\u00f3n cient\u00edfica de turco sin haber realizado una b\u00fasqueda terminol\u00f3gica previa es impensable. Es una b\u00fasqueda minuciosa, porque existen muchas \u00e1reas cient\u00edficas y los t\u00e9rminos pueden variar de un \u00e1rea a otra. Los libros y diccionarios especializados existen para ayudar al traductor t\u00e9cnico, aunque, a veces, se recurre al cliente para resolver dudas con el fin de proveer traducciones de la mayor calidad posible.<\/p>\n\n\n\n<h2 class=\"wp-block-heading\">Nuestra agencia de traducci\u00f3n<\/h2>\n\n\n\n<p><a href=\"https:\/\/culturesconnection.com\/es\/\">Cultures Connection<\/a> trabaja con muchos traductores y correctores de turco. Al ser tantos, podemos cubrir una amplia variedad de \u00e1reas cient\u00edficas, como la manipulaci\u00f3n gen\u00e9tica, la geolog\u00eda, el desarrollo sostenible y la medicina, solo por nombrar unos pocos. Todos tienen profundos conocimientos en lenguas y, por consiguiente, conocen a la perfecci\u00f3n la terminolog\u00eda cient\u00edfica en ambos idiomas de trabajo. Nuestros traductores cient\u00edficos de turco producen un trabajo que combina precisi\u00f3n, calidad y puntualidad. Si busca los mejores <a href=\"https:\/\/culturesconnection.com\/es\/servicios-de-traduccion\/\">servicios de traducci\u00f3n<\/a>, est\u00e1 en el lugar adecuado.<\/p>\n\n\n\n<h2 class=\"wp-block-heading\">Traducci\u00f3n cient\u00edfica de documentos<\/h2>\n\n\n\n<p>Nos encargamos de traducir una gran variedad de <a href=\"https:\/\/culturesconnection.com\/es\/traduccion-cientifica\/\">documentos<\/a> desde y hacia el turco. He aqu\u00ed un resumen:<\/p>\n\n\n\n<ul class=\"wp-block-list\"><li>L\u00e9xicos, enciclopedias cient\u00edficas y glosarios<\/li><li>Documentos t\u00e9cnicos y art\u00edculos de investigaci\u00f3n<\/li><li>Manuales del operario y de usuario<\/li><li>Ensayos de laboratorio, procedimientos de ensayos<\/li><li>Documentos jur\u00eddicos, patentes y directivas<\/li><li>Pliegos de condiciones<\/li><li>Proyectos y estudios de mercado multipa\u00eds<\/li><li>Programas de simulaci\u00f3n (biotecnolog\u00eda, medio ambiente, rehabilitaci\u00f3n de \u00e1reas industriales)<\/li><li>Presentaciones multimedia y v\u00eddeos<\/li><li>Traducci\u00f3n y localizaci\u00f3n de p\u00e1ginas web<\/li><li>Traducci\u00f3n de instrucciones t\u00e9cnicas, presentaciones de congreso<\/li><\/ul>\n","protected":false},"excerpt":{"rendered":"<p>Traducci\u00f3n cient\u00edfica de turco: un trabajo meticuloso La traducci\u00f3n cient\u00edfica y la b\u00fasqueda terminol\u00f3gica van de la mano. Es m\u00e1s, el hecho de comenzar una [&#8230;]<\/p>\n<p><a class=\"btn btn-secondary understrap-read-more-link\" href=\"https:\/\/culturesconnection.com\/es\/servicios-de-traduccion-de-turco\/traduccion-cientifica-de-turco\/\">Leer m\u00e1s&#8230;<span class=\"screen-reader-text\"> from Traducci\u00f3n cient\u00edfica de turco<\/span><\/a><\/p>\n","protected":false},"author":53,"featured_media":24337,"parent":13899,"menu_order":0,"comment_status":"closed","ping_status":"closed","template":"","meta":{"_acf_changed":false,"_editorskit_title_hidden":false,"_editorskit_reading_time":1,"_editorskit_is_block_options_detached":false,"_editorskit_block_options_position":"{}","footnotes":""},"class_list":["post-13898","page","type-page","status-publish","has-post-thumbnail","hentry"],"acf":[],"_links":{"self":[{"href":"https:\/\/culturesconnection.com\/es\/wp-json\/wp\/v2\/pages\/13898","targetHints":{"allow":["GET"]}}],"collection":[{"href":"https:\/\/culturesconnection.com\/es\/wp-json\/wp\/v2\/pages"}],"about":[{"href":"https:\/\/culturesconnection.com\/es\/wp-json\/wp\/v2\/types\/page"}],"author":[{"embeddable":true,"href":"https:\/\/culturesconnection.com\/es\/wp-json\/wp\/v2\/users\/53"}],"replies":[{"embeddable":true,"href":"https:\/\/culturesconnection.com\/es\/wp-json\/wp\/v2\/comments?post=13898"}],"version-history":[{"count":0,"href":"https:\/\/culturesconnection.com\/es\/wp-json\/wp\/v2\/pages\/13898\/revisions"}],"up":[{"embeddable":true,"href":"https:\/\/culturesconnection.com\/es\/wp-json\/wp\/v2\/pages\/13899"}],"wp:featuredmedia":[{"embeddable":true,"href":"https:\/\/culturesconnection.com\/es\/wp-json\/wp\/v2\/media\/24337"}],"wp:attachment":[{"href":"https:\/\/culturesconnection.com\/es\/wp-json\/wp\/v2\/media?parent=13898"}],"curies":[{"name":"wp","href":"https:\/\/api.w.org\/{rel}","templated":true}]}}