{"id":13837,"date":"2019-01-10T04:48:47","date_gmt":"2019-01-10T03:48:47","guid":{"rendered":"http:\/\/culturesconnection.com\/?page_id=13837"},"modified":"2024-10-02T18:54:13","modified_gmt":"2024-10-02T16:54:13","slug":"servicios-de-traduccion-de-wordpress","status":"publish","type":"page","link":"https:\/\/culturesconnection.com\/es\/servicios-de-traduccion-de-wordpress\/","title":{"rendered":"Localizaci\u00f3n de P\u00e1ginas Web WordPress"},"content":{"rendered":"\n<h2 class=\"wp-block-heading\">Somos especialistas en WordPress<\/h2>\n\n\n\n<p>Los datos son contundentes. WordPress se utiliza en el 60% de los sitios Web con gestores de contenidos (CMS) y en el 30% de todas las p\u00e1ginas que existen en Internet. Para un mundo globalizado, con un mercado internacional de bienes, servicios y comunicaciones que crece d\u00eda a d\u00eda, la traducci\u00f3n de su sitio web en WordPress es una herramienta clave para llegar a un mayor n\u00famero de usuarios en otras latitudes.<\/p>\n\n\n\n<p><a href=\"https:\/\/culturesconnection.com\/es\/\">Cultures Connection<\/a> se especializa en servicios de traducci\u00f3n para WordPress desde la creaci\u00f3n de la plataforma en 2004. Ya sea para comercios electr\u00f3nicos que deseen ampliar sus negocios en mercados extranjeros, u organizaciones gubernamentales o no gubernamentales con varios idiomas de trabajo, coordinamos una gran diversidad de proyectos con <a href=\"https:\/\/culturesconnection.com\/es\/traductor-profesional\/\">una red amplia de profesionales<\/a> en todo el mundo que se especializan en 40 idiomas y son expertos en <a href=\"https:\/\/culturesconnection.com\/es\/seo-multilingue-optimizacion-de-sitio-web\/\">posicionamiento SEO<\/a>. Gracias a la integraci\u00f3n con el plugin WPML para WordPress, Cultures Connection hace que la traducci\u00f3n y el mantenimiento de las traducciones sea f\u00e1cil y asequible.<\/p>\n\n\n\n<p>Nunca es tarde para que su p\u00e1gina Web hable el idioma nativo de sus lectores, logre la mayor visibilidad posible y transmita sus mensajes de manera clara y precisa.<\/p>\n\n\n\n<h2 class=\"wp-block-heading\">Nuestros servicios de localizaci\u00f3n tienen en cuenta los detalles culturales<\/h2>\n\n\n\n<p>El ingl\u00e9s es la lengua franca en Internet y es utilizada por el 25,5% de los casi 3.885 millones de usuarios que navegan en Internet. Sin embargo, muchos otros idiomas comienzan a mostrar con distinta fuerza su mayor presencia online, y el chino y el espa\u00f1ol, segunda y tercera hablas m\u00e1s usadas, le siguen los pasos con m\u00e1s de 773 millones y 315 millones de usuarios. Hay dos tendencias evidentes: las personas prefieren leer aquellas p\u00e1ginas que hablan como ellos y hay un crecimiento en la oferta de portales multiling\u00fces para hacerlo.<\/p>\n\n\n\n<p>El trabajo de Cultures Connection no se limita a adaptar los contenidos de WordPress de manera lineal. Capta las particularidades ling\u00fc\u00edsticas, las expresiones locales y las referencias culturales del idioma de origen para traducirlas con naturalidad al solicitado por nuestros clientes. Como los v\u00ednculos no son los mismos en cada pa\u00eds y, por dar un caso, la forma de hacer negocios en Estados Unidos no es la misma que en Jap\u00f3n o Alemania, tiene en cuenta tambi\u00e9n los c\u00f3digos de cada sociedad.<\/p>\n\n\n\n<p>Si tiene algo para decirle al mundo, hay que ser sensible a sus formas. Siempre es la mejor manera de transmitir ideas y valores.<\/p>\n\n\n\n<h2 class=\"wp-block-heading\">Traductores con cabeza SEO<\/h2>\n\n\n\n<p>No aparecer en Google es casi lo mismo que no existir.<\/p>\n\n\n\n<p>Cultures Connection trabaja con traductores que, a la hora de hacer sus versiones de los contenidos de WordPress, tienen en cuenta los par\u00e1metros con los que el buscador m\u00e1s popular de Internet mide por inedexaci\u00f3n si un sitio Web es \u00fatil para un cibernauta y lo posiciona en las b\u00fasquedas.<\/p>\n\n\n\n<p>Use t\u00edtulos y meta descripciones SEO atractivos. Incluya las t\u00edpicas palabras claves que utilizan sus potenciales lectores en las b\u00fasquedas en Google, pero h\u00e1galo sin exagerar. Genere textos ricos en informaci\u00f3n. Permita que sus contenidos escritos y audiovisuales se adapten a los dispositivos m\u00f3viles. Su WordPress debe ser funcional pero resultar natural para leer.<\/p>\n\n\n\n<p>Para ser el n\u00famero 1 hay que estar en todos los detalles.<\/p>\n\n\n\n<h2 class=\"wp-block-heading\">Nos asociamos con WPML para hacer que la traducci\u00f3n de su sitio sea eficiente<\/h2>\n\n\n\n<p><a href=\"https:\/\/wpml.org\/translation-service\/cultures-connection\/\" target=\"_blank\" rel=\"noopener noreferrer\">WPML<\/a> es el plugin multiling\u00fce l\u00edder en el mercado con m\u00e1s de 600.000 usuarios en todo el mundo. Cultures Connection se uni\u00f3 a WPML para mejorar la calidad de las traducciones en WordPress. Cultures Connection aporta su excelencia en <a href=\"https:\/\/culturesconnection.com\/es\/servicios-de-traduccion\/\">servicios de traducci\u00f3n profesional<\/a>, WPML facilita tener contenidos en decenas de idiomas gracias a su administrador de textos en la plataforma. Una combinaci\u00f3n ideal para traducciones m\u00e1s f\u00e1ciles y exactas.<\/p>\n\n\n\n<p>WPML tiene un panel de control que ofrece m\u00e1s de 40 idiomas y permite contactar a Cultures Connection con el fin de solicitar presupuestos, ordenar traducciones y publicarlas en su p\u00e1gina Web. Todo sin salir de WordPress.<\/p>\n\n\n\n<p>\u00bfQuiere saber cu\u00e1nto le costar\u00e1 traducir su sitio Web? Como el precio final de un trabajo se calcula por la cantidad de palabras, WPML tiene una herramienta para contar las palabras de los contenidos que desea traducir. Haga el c\u00e1lculo con WPML, p\u00f3ngase en contacto con nosotros y le enviaremos un presupuesto preciso.<\/p>\n\n\n\n<p>Ideal para ahorrarse problemas con los formatos de sus textos, ganar en confidencialidad y obtener un servicio personalizado inmediato, en su idioma y en cualquier momento del d\u00eda.<\/p>\n\n\n\n<h2 class=\"wp-block-heading\" id=\"anchor\">\u00bfNecesita un Token para conectar WPML con Cultures Connection? <\/h2>\n\n\n\n<p id=\"anchor\"><a href=\"https:\/\/wpml.org?tsid=7ed3f4bbe8a3193a8c81252f3f5a199a\" target=\"_blank\" rel=\"noreferrer noopener\"><img loading=\"lazy\" decoding=\"async\" width=\"150\" height=\"79\" class=\"wp-image-78933\" style=\"width: 150px;\" src=\"https:\/\/culturesconnection.com\/wp-content\/uploads\/2022\/06\/wpml-fb-dark-bg-1.jpg\" alt=\"\" srcset=\"https:\/\/culturesconnection.com\/wp-content\/uploads\/2022\/06\/wpml-fb-dark-bg-1.jpg 1200w, https:\/\/culturesconnection.com\/wp-content\/uploads\/2022\/06\/wpml-fb-dark-bg-1-300x157.jpg 300w, https:\/\/culturesconnection.com\/wp-content\/uploads\/2022\/06\/wpml-fb-dark-bg-1-1024x536.jpg 1024w, https:\/\/culturesconnection.com\/wp-content\/uploads\/2022\/06\/wpml-fb-dark-bg-1-768x402.jpg 768w\" sizes=\"auto, (max-width: 150px) 100vw, 150px\" \/><\/a><\/p>\n","protected":false},"excerpt":{"rendered":"<p>Somos especialistas en WordPress Los datos son contundentes. WordPress se utiliza en el 60% de los sitios Web con gestores de contenidos (CMS) y en [&#8230;]<\/p>\n<p><a class=\"btn btn-secondary understrap-read-more-link\" href=\"https:\/\/culturesconnection.com\/es\/servicios-de-traduccion-de-wordpress\/\">Leer m\u00e1s&#8230;<span class=\"screen-reader-text\"> from Localizaci\u00f3n de P\u00e1ginas Web WordPress<\/span><\/a><\/p>\n","protected":false},"author":42,"featured_media":698,"parent":0,"menu_order":0,"comment_status":"closed","ping_status":"closed","template":"","meta":{"_acf_changed":false,"_editorskit_title_hidden":false,"_editorskit_reading_time":0,"_editorskit_is_block_options_detached":false,"_editorskit_block_options_position":"{}","footnotes":""},"class_list":["post-13837","page","type-page","status-publish","has-post-thumbnail","hentry"],"acf":[],"_links":{"self":[{"href":"https:\/\/culturesconnection.com\/es\/wp-json\/wp\/v2\/pages\/13837","targetHints":{"allow":["GET"]}}],"collection":[{"href":"https:\/\/culturesconnection.com\/es\/wp-json\/wp\/v2\/pages"}],"about":[{"href":"https:\/\/culturesconnection.com\/es\/wp-json\/wp\/v2\/types\/page"}],"author":[{"embeddable":true,"href":"https:\/\/culturesconnection.com\/es\/wp-json\/wp\/v2\/users\/42"}],"replies":[{"embeddable":true,"href":"https:\/\/culturesconnection.com\/es\/wp-json\/wp\/v2\/comments?post=13837"}],"version-history":[{"count":0,"href":"https:\/\/culturesconnection.com\/es\/wp-json\/wp\/v2\/pages\/13837\/revisions"}],"wp:featuredmedia":[{"embeddable":true,"href":"https:\/\/culturesconnection.com\/es\/wp-json\/wp\/v2\/media\/698"}],"wp:attachment":[{"href":"https:\/\/culturesconnection.com\/es\/wp-json\/wp\/v2\/media?parent=13837"}],"curies":[{"name":"wp","href":"https:\/\/api.w.org\/{rel}","templated":true}]}}