{"id":13820,"date":"2019-02-28T12:34:51","date_gmt":"2019-02-28T10:34:51","guid":{"rendered":"http:\/\/culturesconnection.com\/?page_id=13820"},"modified":"2022-06-22T03:10:38","modified_gmt":"2022-06-22T01:10:38","slug":"traduccion-de-marketing-al-turco","status":"publish","type":"page","link":"https:\/\/culturesconnection.com\/es\/servicios-de-traduccion-de-turco\/traduccion-de-marketing-al-turco\/","title":{"rendered":"Traducci\u00f3n de marketing de turco"},"content":{"rendered":"\n<h2 class=\"wp-block-heading\">Nuestros servicios de traducci\u00f3n de marketing<\/h2>\n\n\n\n<p>En la traducci\u00f3n de marketing, es m\u00e1s importante tener en cuenta el mensaje del texto de origen que las palabras que contiene. Por ello, no se trata de transponer palabras de una lengua a otra, sino de adaptar el mensaje seg\u00fan las variedades socioculturales del p\u00fablico objetivo: la publicidad no es igual en Espa\u00f1a que en Turqu\u00eda. Por estas razones, es m\u00e1s acertado hablar de localizaci\u00f3n de marketing que de traducci\u00f3n de marketing. El objetivo de estos textos es despertar inter\u00e9s en el mercado objetivo y aumentar las ventas. No obstante, hay que tener cuidado, porque un error de traducci\u00f3n podr\u00eda tener el efecto contrario y da\u00f1ar la imagen de su empresa.<\/p>\n\n\n\n<h2 class=\"wp-block-heading\">Nuestra agencia de traducci\u00f3n<\/h2>\n\n\n\n<p>\u00bfQui\u00e9n puede estar m\u00e1s capacitado para ocuparse de su proyecto que un traductor de marketing que proviene del mercado al que desea acercarse?&nbsp;Gracias a nuestra extensa red de especialistas ling\u00fc\u00edsticos y a nuestra amplia variedad de <a href=\"https:\/\/culturesconnection.com\/es\/servicios-de-traduccion\/\">servicios de traducci\u00f3n<\/a>, encontrar\u00e1 al traductor de turco especializado en <a href=\"https:\/\/culturesconnection.com\/es\/traduccion-marketing\/\">traducci\u00f3n de marketing<\/a> que necesita: un experto que conozca a la perfecci\u00f3n el espa\u00f1ol y el turco, as\u00ed como las culturas de dichas lenguas y la realidad del mercado en el que trata de implantar su empresa. Si elige nuestra <a href=\"https:\/\/culturesconnection.com\/es\/\">agencia de traducci\u00f3n<\/a> para localizar su material de marketing, est\u00e1 eligiendo resultados de calidad.<\/p>\n\n\n\n<h2 class=\"wp-block-heading\">Traducci\u00f3n de documentos de marketing de turco<\/h2>\n\n\n\n<p>A continuaci\u00f3n, encontrar\u00e1 una lista de&nbsp;documentos de marketing que traducimos desde y hacia el turco:<\/p>\n\n\n\n<ul class=\"wp-block-list\"><li>Folletos<\/li><li>Material publicitario<\/li><li>Boletines informativos<\/li><li>P\u00e1ginas web de comercio electr\u00f3nico<\/li><li>Folletos<\/li><li>Campa\u00f1as de marketing<\/li><li>Anuncios<\/li><li>P\u00e1ginas web<\/li><li>Esl\u00f3ganes<\/li><li>Logotipos<\/li><li>Presentaciones<\/li><li>Lanzamientos de productos<\/li><li>Comunicados de prensa<\/li><li>Libros electr\u00f3nicos<\/li><\/ul>\n","protected":false},"excerpt":{"rendered":"<p>Nuestros servicios de traducci\u00f3n de marketing En la traducci\u00f3n de marketing, es m\u00e1s importante tener en cuenta el mensaje del texto de origen que las [&#8230;]<\/p>\n<p><a class=\"btn btn-secondary understrap-read-more-link\" href=\"https:\/\/culturesconnection.com\/es\/servicios-de-traduccion-de-turco\/traduccion-de-marketing-al-turco\/\">Leer m\u00e1s&#8230;<span class=\"screen-reader-text\"> from Traducci\u00f3n de marketing de turco<\/span><\/a><\/p>\n","protected":false},"author":53,"featured_media":24337,"parent":13899,"menu_order":0,"comment_status":"closed","ping_status":"closed","template":"","meta":{"_acf_changed":false,"_editorskit_title_hidden":false,"_editorskit_reading_time":0,"_editorskit_is_block_options_detached":false,"_editorskit_block_options_position":"{}","footnotes":""},"class_list":["post-13820","page","type-page","status-publish","has-post-thumbnail","hentry"],"acf":[],"_links":{"self":[{"href":"https:\/\/culturesconnection.com\/es\/wp-json\/wp\/v2\/pages\/13820","targetHints":{"allow":["GET"]}}],"collection":[{"href":"https:\/\/culturesconnection.com\/es\/wp-json\/wp\/v2\/pages"}],"about":[{"href":"https:\/\/culturesconnection.com\/es\/wp-json\/wp\/v2\/types\/page"}],"author":[{"embeddable":true,"href":"https:\/\/culturesconnection.com\/es\/wp-json\/wp\/v2\/users\/53"}],"replies":[{"embeddable":true,"href":"https:\/\/culturesconnection.com\/es\/wp-json\/wp\/v2\/comments?post=13820"}],"version-history":[{"count":0,"href":"https:\/\/culturesconnection.com\/es\/wp-json\/wp\/v2\/pages\/13820\/revisions"}],"up":[{"embeddable":true,"href":"https:\/\/culturesconnection.com\/es\/wp-json\/wp\/v2\/pages\/13899"}],"wp:featuredmedia":[{"embeddable":true,"href":"https:\/\/culturesconnection.com\/es\/wp-json\/wp\/v2\/media\/24337"}],"wp:attachment":[{"href":"https:\/\/culturesconnection.com\/es\/wp-json\/wp\/v2\/media?parent=13820"}],"curies":[{"name":"wp","href":"https:\/\/api.w.org\/{rel}","templated":true}]}}