{"id":13537,"date":"2019-01-03T13:57:51","date_gmt":"2019-01-03T12:57:51","guid":{"rendered":"http:\/\/culturesconnection.com\/?page_id=13537"},"modified":"2022-12-02T13:53:05","modified_gmt":"2022-12-02T12:53:05","slug":"servicios-de-traduccion-de-frances","status":"publish","type":"page","link":"https:\/\/culturesconnection.com\/es\/servicios-de-traduccion-de-frances\/","title":{"rendered":"Traducci\u00f3n de franc\u00e9s"},"content":{"rendered":"\n<h2 class=\"wp-block-heading\">El franc\u00e9s tiene una fuerte presencia en el mundo<\/h2>\n\n\n\n<p>Unas 285 millones de personas hablan franc\u00e9s. Es el quinto idioma m\u00e1s utilizado del mundo, 29 pa\u00edses lo emplean de manera oficial y es una de las lenguas de trabajo de las Naciones Unidas y la Uni\u00f3n Europea. Su presencia en todo el globo hace al franc\u00e9s imprescindible en reuniones y acuerdos comerciales, diplom\u00e1ticos y cient\u00edficos.<\/p>\n\n\n\n<p>Cada territorio donde se habla franc\u00e9s tiene su propia variante ling\u00fc\u00edstica. El franc\u00e9s de Quebec es muy distinto al que se habla en Francia, tanto en pronunciaci\u00f3n como en vocabulario y expresiones locales. Lo mismo sucede con el l\u00e9xico y el habla de los pa\u00edses franc\u00f3fonos en \u00c1frica o en pa\u00edses europeos como Suiza y B\u00e9lgica. Incluso en el interior de Francia existen diferencias notables de acuerdo a cada regi\u00f3n.<\/p>\n\n\n\n<p><a href=\"https:\/\/culturesconnection.com\/es\/\">Cultures Connection<\/a> presta especial atenci\u00f3n a las particularidades ling\u00fc\u00edsticas, las expresiones y las referencias culturales relativas a los sectores de trabajo objetivos. No importa d\u00f3nde te encuentres, para qu\u00e9 industria trabajes o cu\u00e1l sea tu audiencia, Cultures Connection te garantiza traducciones desde y hacia el franc\u00e9s de calidad.<\/p>\n\n\n\n<h2 class=\"wp-block-heading\">\u00bfNecesitas una traducci\u00f3n profesional de franc\u00e9s?<\/h2>\n\n\n\n<p>Conf\u00eda tus <a href=\"https:\/\/culturesconnection.com\/es\/servicios-de-traduccion\/\">traducciones<\/a> a Cultures Connection. Contamos con una amplia red de traductores en Francia y en todo el planeta.<\/p>\n\n\n\n<p>Para cada proyecto seleccionamos <a href=\"https:\/\/culturesconnection.com\/es\/traductor-profesional\/\">traductores profesionales<\/a> que tengan una extensa experiencia con textos del sector de trabajo y de las combinaciones ling\u00fc\u00edsticas solicitados por nuestros clientes.<\/p>\n\n\n\n<p>Todos nuestros especialistas traducen \u00fanicamente hacia su lengua materna para asegurarnos traducciones perfectamente localizadas.<\/p>\n\n\n\n<h2 class=\"wp-block-heading\">Nuestros servicios de traducci\u00f3n de franc\u00e9s<\/h2>\n\n\n\n<ul class=\"wp-block-list\"><li><a href=\"https:\/\/culturesconnection.com\/es\/traduccion-medica-de-frances\/\">M\u00e9dico<\/a><\/li><\/ul>\n\n\n\n<p>Ofrecemos servicios ling\u00fc\u00edsticos profesionales ligados al \u00e1mbito m\u00e9dico y farmac\u00e9utico, \u00e1mbitos en los cuales cada especialidad requiere traductores expertos. Podemos traducir tus informes m\u00e9dicos, documentos relativos a productos sanitarios, prospectos, documentos internos y trabajos de investigaci\u00f3n. Las empresas de ingenier\u00eda biom\u00e9dica, los servicios sanitarios y los laboratorios de investigaci\u00f3n pueden recurrir a nuestros servicios y confiar en nosotros por completo, les garantizaremos traducciones de calidad para que se establezcan en los mercados franc\u00f3fonos del mundo entero.<\/p>\n\n\n\n<ul class=\"wp-block-list\"><li><a href=\"https:\/\/culturesconnection.com\/es\/traduccion-juridica-de-frances\/\">Jur\u00eddico<\/a><\/li><\/ul>\n\n\n\n<p>Cada modelo jur\u00eddico posee unas particularidades que solo los traductores pertenecientes a este \u00e1mbito o formados en traducci\u00f3n jur\u00eddica pueden comprender y traducir con exactitud y precisi\u00f3n. Nuestros traductores dominan el lenguaje jur\u00eddico y realizan traducciones profesionales de todo tipo de documentos jur\u00eddicos, como contratos, reglamentos, informes periciales, certificados, condiciones generales de venta, etc.<\/p>\n\n\n\n<ul class=\"wp-block-list\"><li><a href=\"https:\/\/culturesconnection.com\/es\/traduccion-financiera-de-frances\/\">Financiero<\/a><\/li><\/ul>\n\n\n\n<p>El franc\u00e9s es, por detr\u00e1s del ingl\u00e9s y el chino, el tercer idioma m\u00e1s empleado en el mundo de los negocios as\u00ed como el tercero para las empresas angl\u00f3fonas dedicadas a la actividad econ\u00f3mica, tras el alem\u00e1n. Existen numerosos grupos franceses, suizos, belgas y canadienses en los sectores bancario, financiero y de inversiones. Su presencia global lo convierte en una lengua ineludible.<\/p>\n\n\n\n<ul class=\"wp-block-list\"><li><a href=\"https:\/\/culturesconnection.com\/es\/traduccion-cientifica-de-frances\/\">Cient\u00edfico<\/a><\/li><\/ul>\n\n\n\n<p>La inversi\u00f3n en investigaci\u00f3n y desarrollo en diversas ramas cient\u00edficas como energ\u00eda nuclear, tecnolog\u00eda aeroespacial y biotecnolog\u00eda es muy importante en pa\u00edses franc\u00f3fonos como Francia, B\u00e9lgica, Suiza o Canad\u00e1. No resulta extra\u00f1o entonces que el franc\u00e9s sea el tercer idioma m\u00e1s empleado en los campos cient\u00edficos y acad\u00e9micos.<\/p>\n\n\n\n<ul class=\"wp-block-list\"><li><a href=\"https:\/\/culturesconnection.com\/es\/traduccion-audiovisual-al-frances\/\">Audiovisual<\/a><\/li><\/ul>\n\n\n\n<p>Francia y los pa\u00edses franc\u00f3fonos de \u00c1frica muestran un gran entusiasmo por programas provenientes de Estados Unidos y de pa\u00edses asi\u00e1ticos como Jap\u00f3n, Corea del Sur y China. Nuestros traductores audiovisuales est\u00e1n especializados en videojuegos, cine, v\u00eddeos a la carta y marketing digital, y encuentran las palabras y el tono exactos para subtitular cualquier tipo de contenido audiovisual, ya sean pel\u00edculas, documentales, v\u00eddeos de marketing o v\u00eddeos pedag\u00f3gicos.<\/p>\n\n\n\n<ul class=\"wp-block-list\"><li><a href=\"https:\/\/culturesconnection.com\/es\/traduccion-comercial-de-frances\/\">Comercial<\/a><\/li><\/ul>\n\n\n\n<p>Francia es el cuarto pa\u00eds del planeta con m\u00e1s transacciones de servicios, Canad\u00e1 es uno de los actores econ\u00f3micos m\u00e1s din\u00e1micos del sector y \u00c1frica, con casi la mitad de sus pa\u00edses franc\u00f3fonos, tiene una creciente actividad exportadora de petr\u00f3leo. Las relaciones comerciales que se tejen a escala mundial necesitan de traductores profesionales, completos conocedores de los desaf\u00edos del sector empresarial.<\/p>\n\n\n\n<ul class=\"wp-block-list\"><li><a href=\"https:\/\/culturesconnection.com\/es\/traduccion-de-marketing-al-frances\/\">Marketing<\/a><\/li><\/ul>\n\n\n\n<p>El marketing re\u00fane el conjunto de medios empleados por una empresa con el fin de influenciar el comportamiento de clientes potenciales. El cliente se encuentra en el coraz\u00f3n de esta ciencia cuyo objetivo es el fortalecimiento permanente de su satisfacci\u00f3n. Encargar traducciones de documentos, p\u00e1ginas web, campa\u00f1as de publicidad u otras herramientas estrat\u00e9gicas a profesionales de la lengua del mercado objetivo constituye el primer paso esencial para obtener un buen resultado de ventas.<\/p>\n\n\n\n<ul class=\"wp-block-list\"><li><strong>Organizaciones internacionales<\/strong><\/li><\/ul>\n\n\n\n<p>El idioma de la diplomacia por naturaleza es el franc\u00e9s, que funciona como lengua oficial para la realizaci\u00f3n de documentos, discursos y reuniones de organizaciones internacionales relevantes como las Naciones Unidas, la Uni\u00f3n Europea o la Organizaci\u00f3n del Tratado del Atl\u00e1ntico Norte. Nuestros traductores especializados en organizaciones internacionales, en sus diferentes \u00f3rganos, procedimientos y terminolog\u00eda responden perfectamente a las grandes exigencias de tales estructuras.<\/p>\n\n\n\n<ul class=\"wp-block-list\"><li><a href=\"https:\/\/culturesconnection.com\/es\/traduccion-de-paginas-web-al-frances\/\">Sitios web y comercio electr\u00f3nico<\/a><\/li><\/ul>\n\n\n\n<p>El franc\u00e9s es el s\u00e9ptimo idioma m\u00e1s usado en Internet. Si traduces tu sitio web al franc\u00e9s, permitir\u00e1s que un p\u00fablico m\u00e1s amplio acceda a tus productos y, por lo tanto, ampliar\u00e1s tu clientela potencial. Est\u00e1 comprobado que la mejor forma de llegar a un p\u00fablico extranjero es habl\u00e1ndole en su lengua, adaptando el mensaje a la cultura del pa\u00eds gracias a profesionales de la localizaci\u00f3n.<\/p>\n\n\n\n<ul class=\"wp-block-list\"><li><a href=\"https:\/\/culturesconnection.com\/es\/traduccion-de-videojuegos-al-frances\/\">Videojuegos<\/a><\/li><\/ul>\n\n\n\n<p>La industria de videojuegos lidera las ventas del sector de entretenimiento mundial, alcanzando casi los 200 mil millones de d\u00f3lares El p\u00fablico franc\u00f3fono es uno de los principales consumidores de videojuegos, especialmente el franc\u00e9s, pa\u00eds donde dos tercios de la poblaci\u00f3n juega a videojuegos. Adem\u00e1s, es en este pa\u00eds donde se encuentran empresas protagonistas del mercado, como por ejemplo Ubisoft y Gameloft, lo que explica el crecimiento exponencial de las necesidades de traducci\u00f3n desde y hacia el franc\u00e9s en este sector.<\/p>\n","protected":false},"excerpt":{"rendered":"<p>El franc\u00e9s tiene una fuerte presencia en el mundo Unas 285 millones de personas hablan franc\u00e9s. Es el quinto idioma m\u00e1s utilizado del mundo, 29 [&#8230;]<\/p>\n<p><a class=\"btn btn-secondary understrap-read-more-link\" href=\"https:\/\/culturesconnection.com\/es\/servicios-de-traduccion-de-frances\/\">Leer m\u00e1s&#8230;<span class=\"screen-reader-text\"> from Traducci\u00f3n de franc\u00e9s<\/span><\/a><\/p>\n","protected":false},"author":53,"featured_media":23259,"parent":0,"menu_order":0,"comment_status":"closed","ping_status":"closed","template":"","meta":{"_acf_changed":false,"_editorskit_title_hidden":false,"_editorskit_reading_time":0,"_editorskit_is_block_options_detached":false,"_editorskit_block_options_position":"{}","footnotes":""},"class_list":["post-13537","page","type-page","status-publish","has-post-thumbnail","hentry"],"acf":[],"_links":{"self":[{"href":"https:\/\/culturesconnection.com\/es\/wp-json\/wp\/v2\/pages\/13537","targetHints":{"allow":["GET"]}}],"collection":[{"href":"https:\/\/culturesconnection.com\/es\/wp-json\/wp\/v2\/pages"}],"about":[{"href":"https:\/\/culturesconnection.com\/es\/wp-json\/wp\/v2\/types\/page"}],"author":[{"embeddable":true,"href":"https:\/\/culturesconnection.com\/es\/wp-json\/wp\/v2\/users\/53"}],"replies":[{"embeddable":true,"href":"https:\/\/culturesconnection.com\/es\/wp-json\/wp\/v2\/comments?post=13537"}],"version-history":[{"count":0,"href":"https:\/\/culturesconnection.com\/es\/wp-json\/wp\/v2\/pages\/13537\/revisions"}],"wp:featuredmedia":[{"embeddable":true,"href":"https:\/\/culturesconnection.com\/es\/wp-json\/wp\/v2\/media\/23259"}],"wp:attachment":[{"href":"https:\/\/culturesconnection.com\/es\/wp-json\/wp\/v2\/media?parent=13537"}],"curies":[{"name":"wp","href":"https:\/\/api.w.org\/{rel}","templated":true}]}}