{"id":13309,"date":"2018-11-29T13:33:31","date_gmt":"2018-11-29T12:33:31","guid":{"rendered":"http:\/\/culturesconnection.com\/?page_id=13309"},"modified":"2022-06-25T06:27:58","modified_gmt":"2022-06-25T04:27:58","slug":"servicios-de-traduccion-de-ingles","status":"publish","type":"page","link":"https:\/\/culturesconnection.com\/es\/servicios-de-traduccion-de-ingles\/","title":{"rendered":"Traducci\u00f3n de ingl\u00e9s"},"content":{"rendered":"\n<h2 class=\"wp-block-heading\">Traducci\u00f3n profesional de ingl\u00e9s<\/h2>\n\n\n\n<p>Con m\u00e1s de 500 millones de hablantes repartidos por los 5 continentes, la lengua inglesa es, sin duda, una lengua esencial para cualquier empresa que desee establecerse en el extranjero. Cultures Connection ha seleccionado a traductores profesionales que est\u00e1n preparados para poner sus habilidades a su servicio. Estos expertos est\u00e1n especializados en diferentes \u00e1reas (negocios, finanzas, ciencias, organizaciones internacionales, nuevas tecnolog\u00edas, etc.) en las que el empleo de la lengua inglesa es bastante com\u00fan. Las traducciones espa\u00f1ol-ingl\u00e9s e ingl\u00e9s-espa\u00f1ol se encuentran entre los servicios ling\u00fc\u00edsticos m\u00e1s demandados por nuestros clientes.<\/p>\n\n\n\n<h2 class=\"wp-block-heading\">\u00bfNecesita una traducci\u00f3n de ingl\u00e9s?<\/h2>\n\n\n\n<p>Si necesita un traductor profesional de ingl\u00e9s, Cultures Connection es el intermediario que necesita. Nuestra <a href=\"https:\/\/culturesconnection.com\/es\/\">agencia de traducci\u00f3n<\/a> colabora con muchos traductores de ingl\u00e9s y se preocupa por seleccionar a los expertos ling\u00fc\u00edsticos m\u00e1s cualificados para su proyecto. Nuestra amplia red de traductores de espa\u00f1ol-ingl\u00e9s e ingl\u00e9s-espa\u00f1ol, nos permite encargarnos de <a href=\"https:\/\/culturesconnection.com\/es\/servicios-de-traduccion\/\">traducciones de muchas especialidades<\/a>.<\/p>\n\n\n\n<p>Adem\u00e1s de sus conocimientos ling\u00fc\u00edsticos, nuestros traductores tambi\u00e9n est\u00e1n especializados en otros campos. Por lo tanto, si necesita una traducci\u00f3n comercial, nuestra empresa contactar\u00e1 a un profesional con experiencia demostrada en ventas y\/o marketing. Todos nuestros traductores de ingl\u00e9s cuentan con diplomas y con, al menos, cinco a\u00f1os de experiencia comprobada. Con el fin de transmitir todos los detalles culturales y ling\u00fc\u00edsticos a la perfecci\u00f3n, todos <a href=\"https:\/\/culturesconnection.com\/es\/traductor-profesional\/\">nuestros traductores<\/a> traducen solamente hacia su lengua materna.<\/p>\n","protected":false},"excerpt":{"rendered":"<p>Traducci\u00f3n profesional de ingl\u00e9s Con m\u00e1s de 500 millones de hablantes repartidos por los 5 continentes, la lengua inglesa es, sin duda, una lengua esencial [&#8230;]<\/p>\n<p><a class=\"btn btn-secondary understrap-read-more-link\" href=\"https:\/\/culturesconnection.com\/es\/servicios-de-traduccion-de-ingles\/\">Leer m\u00e1s&#8230;<span class=\"screen-reader-text\"> from Traducci\u00f3n de ingl\u00e9s<\/span><\/a><\/p>\n","protected":false},"author":53,"featured_media":23259,"parent":0,"menu_order":0,"comment_status":"closed","ping_status":"closed","template":"","meta":{"_acf_changed":false,"_editorskit_title_hidden":false,"_editorskit_reading_time":0,"_editorskit_is_block_options_detached":false,"_editorskit_block_options_position":"{}","footnotes":""},"class_list":["post-13309","page","type-page","status-publish","has-post-thumbnail","hentry"],"acf":[],"yoast_head":"<!-- This site is optimized with the Yoast SEO Premium plugin v23.4 (Yoast SEO v27.3) - https:\/\/yoast.com\/product\/yoast-seo-premium-wordpress\/ -->\n<title>Servicios de traducci\u00f3n de ingl\u00e9s<\/title>\n<meta name=\"description\" content=\"\u00bfBusca servicios de traducci\u00f3n de ingl\u00e9s? Cultures Connection le proporciona traducciones de gran calidad a precios competitivos. Pida un presupuesto aqu\u00ed.\" \/>\n<meta name=\"robots\" content=\"index, follow, max-snippet:-1, max-image-preview:large, max-video-preview:-1\" \/>\n<link rel=\"canonical\" href=\"https:\/\/culturesconnection.com\/es\/servicios-de-traduccion-de-ingles\/\" \/>\n<meta property=\"og:locale\" content=\"es_ES\" \/>\n<meta property=\"og:type\" content=\"article\" \/>\n<meta property=\"og:title\" content=\"Traducci\u00f3n de ingl\u00e9s\" \/>\n<meta property=\"og:description\" content=\"\u00bfBusca servicios de traducci\u00f3n de ingl\u00e9s? Cultures Connection le proporciona traducciones de gran calidad a precios competitivos. Pida un presupuesto aqu\u00ed.\" \/>\n<meta property=\"og:url\" content=\"https:\/\/culturesconnection.com\/es\/servicios-de-traduccion-de-ingles\/\" \/>\n<meta property=\"og:site_name\" content=\"Cultures Connection\" \/>\n<meta property=\"article:publisher\" content=\"https:\/\/www.facebook.com\/CulturesConnection\" \/>\n<meta property=\"article:modified_time\" content=\"2022-06-25T04:27:58+00:00\" \/>\n<meta property=\"og:image\" content=\"https:\/\/culturesconnection.com\/wp-content\/uploads\/2020\/09\/P\u00e4gina_Servicios_de_traducci\u00f3n_por_idioma.png\" \/>\n\t<meta property=\"og:image:width\" content=\"1417\" \/>\n\t<meta property=\"og:image:height\" content=\"561\" \/>\n\t<meta property=\"og:image:type\" content=\"image\/png\" \/>\n<meta name=\"twitter:card\" content=\"summary_large_image\" \/>\n<meta name=\"twitter:site\" content=\"@CulturesCo_\" \/>\n<meta name=\"twitter:label1\" content=\"Tiempo de lectura\" \/>\n\t<meta name=\"twitter:data1\" content=\"1 minuto\" \/>\n<script type=\"application\/ld+json\" class=\"yoast-schema-graph\">{\"@context\":\"https:\\\/\\\/schema.org\",\"@graph\":[{\"@type\":\"WebPage\",\"@id\":\"https:\\\/\\\/culturesconnection.com\\\/es\\\/servicios-de-traduccion-de-ingles\\\/\",\"url\":\"https:\\\/\\\/culturesconnection.com\\\/es\\\/servicios-de-traduccion-de-ingles\\\/\",\"name\":\"Servicios de traducci\u00f3n de ingl\u00e9s\",\"isPartOf\":{\"@id\":\"https:\\\/\\\/culturesconnection.com\\\/fr\\\/#website\"},\"primaryImageOfPage\":{\"@id\":\"https:\\\/\\\/culturesconnection.com\\\/es\\\/servicios-de-traduccion-de-ingles\\\/#primaryimage\"},\"image\":{\"@id\":\"https:\\\/\\\/culturesconnection.com\\\/es\\\/servicios-de-traduccion-de-ingles\\\/#primaryimage\"},\"thumbnailUrl\":\"https:\\\/\\\/culturesconnection.com\\\/wp-content\\\/uploads\\\/2020\\\/09\\\/P\u00e4gina_Servicios_de_traducci\u00f3n_por_idioma.png\",\"datePublished\":\"2018-11-29T12:33:31+00:00\",\"dateModified\":\"2022-06-25T04:27:58+00:00\",\"description\":\"\u00bfBusca servicios de traducci\u00f3n de ingl\u00e9s? Cultures Connection le proporciona traducciones de gran calidad a precios competitivos. Pida un presupuesto aqu\u00ed.\",\"breadcrumb\":{\"@id\":\"https:\\\/\\\/culturesconnection.com\\\/es\\\/servicios-de-traduccion-de-ingles\\\/#breadcrumb\"},\"inLanguage\":\"es\",\"potentialAction\":[{\"@type\":\"ReadAction\",\"target\":[\"https:\\\/\\\/culturesconnection.com\\\/es\\\/servicios-de-traduccion-de-ingles\\\/\"]}]},{\"@type\":\"ImageObject\",\"inLanguage\":\"es\",\"@id\":\"https:\\\/\\\/culturesconnection.com\\\/es\\\/servicios-de-traduccion-de-ingles\\\/#primaryimage\",\"url\":\"https:\\\/\\\/culturesconnection.com\\\/wp-content\\\/uploads\\\/2020\\\/09\\\/P\u00e4gina_Servicios_de_traducci\u00f3n_por_idioma.png\",\"contentUrl\":\"https:\\\/\\\/culturesconnection.com\\\/wp-content\\\/uploads\\\/2020\\\/09\\\/P\u00e4gina_Servicios_de_traducci\u00f3n_por_idioma.png\",\"width\":1417,\"height\":561},{\"@type\":\"BreadcrumbList\",\"@id\":\"https:\\\/\\\/culturesconnection.com\\\/es\\\/servicios-de-traduccion-de-ingles\\\/#breadcrumb\",\"itemListElement\":[{\"@type\":\"ListItem\",\"position\":1,\"name\":\"Home\",\"item\":\"https:\\\/\\\/culturesconnection.com\\\/es\\\/\"},{\"@type\":\"ListItem\",\"position\":2,\"name\":\"Traducci\u00f3n de ingl\u00e9s\"}]},{\"@type\":\"WebSite\",\"@id\":\"https:\\\/\\\/culturesconnection.com\\\/fr\\\/#website\",\"url\":\"https:\\\/\\\/culturesconnection.com\\\/fr\\\/\",\"name\":\"Cultures Connection\",\"description\":\"Cultures Connection is a translation agency dedicated to the success of its international clients.\",\"publisher\":{\"@id\":\"https:\\\/\\\/culturesconnection.com\\\/fr\\\/#organization\"},\"potentialAction\":[{\"@type\":\"SearchAction\",\"target\":{\"@type\":\"EntryPoint\",\"urlTemplate\":\"https:\\\/\\\/culturesconnection.com\\\/fr\\\/?s={search_term_string}\"},\"query-input\":{\"@type\":\"PropertyValueSpecification\",\"valueRequired\":true,\"valueName\":\"search_term_string\"}}],\"inLanguage\":\"es\"},{\"@type\":\"Organization\",\"@id\":\"https:\\\/\\\/culturesconnection.com\\\/fr\\\/#organization\",\"name\":\"Cultures Connection\",\"url\":\"https:\\\/\\\/culturesconnection.com\\\/fr\\\/\",\"logo\":{\"@type\":\"ImageObject\",\"inLanguage\":\"es\",\"@id\":\"https:\\\/\\\/culturesconnection.com\\\/fr\\\/#\\\/schema\\\/logo\\\/image\\\/\",\"url\":\"https:\\\/\\\/culturesconnection.com\\\/wp-content\\\/uploads\\\/2022\\\/06\\\/cropped-favicon512x512.png\",\"contentUrl\":\"https:\\\/\\\/culturesconnection.com\\\/wp-content\\\/uploads\\\/2022\\\/06\\\/cropped-favicon512x512.png\",\"width\":512,\"height\":512,\"caption\":\"Cultures Connection\"},\"image\":{\"@id\":\"https:\\\/\\\/culturesconnection.com\\\/fr\\\/#\\\/schema\\\/logo\\\/image\\\/\"},\"sameAs\":[\"https:\\\/\\\/www.facebook.com\\\/CulturesConnection\",\"https:\\\/\\\/x.com\\\/CulturesCo_\"]}]}<\/script>\n<!-- \/ Yoast SEO Premium plugin. -->","yoast_head_json":{"title":"Servicios de traducci\u00f3n de ingl\u00e9s","description":"\u00bfBusca servicios de traducci\u00f3n de ingl\u00e9s? Cultures Connection le proporciona traducciones de gran calidad a precios competitivos. Pida un presupuesto aqu\u00ed.","robots":{"index":"index","follow":"follow","max-snippet":"max-snippet:-1","max-image-preview":"max-image-preview:large","max-video-preview":"max-video-preview:-1"},"canonical":"https:\/\/culturesconnection.com\/es\/servicios-de-traduccion-de-ingles\/","og_locale":"es_ES","og_type":"article","og_title":"Traducci\u00f3n de ingl\u00e9s","og_description":"\u00bfBusca servicios de traducci\u00f3n de ingl\u00e9s? Cultures Connection le proporciona traducciones de gran calidad a precios competitivos. Pida un presupuesto aqu\u00ed.","og_url":"https:\/\/culturesconnection.com\/es\/servicios-de-traduccion-de-ingles\/","og_site_name":"Cultures Connection","article_publisher":"https:\/\/www.facebook.com\/CulturesConnection","article_modified_time":"2022-06-25T04:27:58+00:00","og_image":[{"width":1417,"height":561,"url":"https:\/\/culturesconnection.com\/wp-content\/uploads\/2020\/09\/P\u00e4gina_Servicios_de_traducci\u00f3n_por_idioma.png","type":"image\/png"}],"twitter_card":"summary_large_image","twitter_site":"@CulturesCo_","twitter_misc":{"Tiempo de lectura":"1 minuto"},"schema":{"@context":"https:\/\/schema.org","@graph":[{"@type":"WebPage","@id":"https:\/\/culturesconnection.com\/es\/servicios-de-traduccion-de-ingles\/","url":"https:\/\/culturesconnection.com\/es\/servicios-de-traduccion-de-ingles\/","name":"Servicios de traducci\u00f3n de ingl\u00e9s","isPartOf":{"@id":"https:\/\/culturesconnection.com\/fr\/#website"},"primaryImageOfPage":{"@id":"https:\/\/culturesconnection.com\/es\/servicios-de-traduccion-de-ingles\/#primaryimage"},"image":{"@id":"https:\/\/culturesconnection.com\/es\/servicios-de-traduccion-de-ingles\/#primaryimage"},"thumbnailUrl":"https:\/\/culturesconnection.com\/wp-content\/uploads\/2020\/09\/P\u00e4gina_Servicios_de_traducci\u00f3n_por_idioma.png","datePublished":"2018-11-29T12:33:31+00:00","dateModified":"2022-06-25T04:27:58+00:00","description":"\u00bfBusca servicios de traducci\u00f3n de ingl\u00e9s? Cultures Connection le proporciona traducciones de gran calidad a precios competitivos. Pida un presupuesto aqu\u00ed.","breadcrumb":{"@id":"https:\/\/culturesconnection.com\/es\/servicios-de-traduccion-de-ingles\/#breadcrumb"},"inLanguage":"es","potentialAction":[{"@type":"ReadAction","target":["https:\/\/culturesconnection.com\/es\/servicios-de-traduccion-de-ingles\/"]}]},{"@type":"ImageObject","inLanguage":"es","@id":"https:\/\/culturesconnection.com\/es\/servicios-de-traduccion-de-ingles\/#primaryimage","url":"https:\/\/culturesconnection.com\/wp-content\/uploads\/2020\/09\/P\u00e4gina_Servicios_de_traducci\u00f3n_por_idioma.png","contentUrl":"https:\/\/culturesconnection.com\/wp-content\/uploads\/2020\/09\/P\u00e4gina_Servicios_de_traducci\u00f3n_por_idioma.png","width":1417,"height":561},{"@type":"BreadcrumbList","@id":"https:\/\/culturesconnection.com\/es\/servicios-de-traduccion-de-ingles\/#breadcrumb","itemListElement":[{"@type":"ListItem","position":1,"name":"Home","item":"https:\/\/culturesconnection.com\/es\/"},{"@type":"ListItem","position":2,"name":"Traducci\u00f3n de ingl\u00e9s"}]},{"@type":"WebSite","@id":"https:\/\/culturesconnection.com\/fr\/#website","url":"https:\/\/culturesconnection.com\/fr\/","name":"Cultures Connection","description":"Cultures Connection is a translation agency dedicated to the success of its international clients.","publisher":{"@id":"https:\/\/culturesconnection.com\/fr\/#organization"},"potentialAction":[{"@type":"SearchAction","target":{"@type":"EntryPoint","urlTemplate":"https:\/\/culturesconnection.com\/fr\/?s={search_term_string}"},"query-input":{"@type":"PropertyValueSpecification","valueRequired":true,"valueName":"search_term_string"}}],"inLanguage":"es"},{"@type":"Organization","@id":"https:\/\/culturesconnection.com\/fr\/#organization","name":"Cultures Connection","url":"https:\/\/culturesconnection.com\/fr\/","logo":{"@type":"ImageObject","inLanguage":"es","@id":"https:\/\/culturesconnection.com\/fr\/#\/schema\/logo\/image\/","url":"https:\/\/culturesconnection.com\/wp-content\/uploads\/2022\/06\/cropped-favicon512x512.png","contentUrl":"https:\/\/culturesconnection.com\/wp-content\/uploads\/2022\/06\/cropped-favicon512x512.png","width":512,"height":512,"caption":"Cultures Connection"},"image":{"@id":"https:\/\/culturesconnection.com\/fr\/#\/schema\/logo\/image\/"},"sameAs":["https:\/\/www.facebook.com\/CulturesConnection","https:\/\/x.com\/CulturesCo_"]}]}},"_links":{"self":[{"href":"https:\/\/culturesconnection.com\/es\/wp-json\/wp\/v2\/pages\/13309","targetHints":{"allow":["GET"]}}],"collection":[{"href":"https:\/\/culturesconnection.com\/es\/wp-json\/wp\/v2\/pages"}],"about":[{"href":"https:\/\/culturesconnection.com\/es\/wp-json\/wp\/v2\/types\/page"}],"author":[{"embeddable":true,"href":"https:\/\/culturesconnection.com\/es\/wp-json\/wp\/v2\/users\/53"}],"replies":[{"embeddable":true,"href":"https:\/\/culturesconnection.com\/es\/wp-json\/wp\/v2\/comments?post=13309"}],"version-history":[{"count":0,"href":"https:\/\/culturesconnection.com\/es\/wp-json\/wp\/v2\/pages\/13309\/revisions"}],"wp:featuredmedia":[{"embeddable":true,"href":"https:\/\/culturesconnection.com\/es\/wp-json\/wp\/v2\/media\/23259"}],"wp:attachment":[{"href":"https:\/\/culturesconnection.com\/es\/wp-json\/wp\/v2\/media?parent=13309"}],"curies":[{"name":"wp","href":"https:\/\/api.w.org\/{rel}","templated":true}]}}