{"id":12904,"date":"2018-11-14T16:13:41","date_gmt":"2018-11-14T15:13:41","guid":{"rendered":"http:\/\/culturesconnection.com\/?page_id=12904"},"modified":"2022-06-25T03:38:23","modified_gmt":"2022-06-25T01:38:23","slug":"traduccion-de-videojuegos-al-urdu","status":"publish","type":"page","link":"https:\/\/culturesconnection.com\/es\/servicios-de-traduccion-urdu\/traduccion-de-videojuegos-al-urdu\/","title":{"rendered":"Traducci\u00f3n de videojuegos de urdu"},"content":{"rendered":"\n<h2 class=\"wp-block-heading\">TRADUCCI\u00d3N DE VIDEOJUEGOS DE URDU<\/h2>\n\n\n\n<p>La <a href=\"https:\/\/culturesconnection.com\/es\/traduccion-localizacion-videojuegos\/\">traducci\u00f3n de videojuegos<\/a> compete m\u00e1s a la localizaci\u00f3n que a la traducci\u00f3n. La misi\u00f3n de un traductor localizador consiste en adaptar el contenido multimedia a un p\u00fablico espec\u00edfico teniendo en cuenta los aspectos culturales del mercado. El traductor tiene una doble misi\u00f3n: debe traducir las palabras integradas en los di\u00e1logos y en la interfaz de juego, pero tambi\u00e9n debe poseer competencias t\u00e9cnicas. Por ello, si desea lanzar su videojuego en la India, por ejemplo, recurra a un traductor especializado que le garantice un servicio de calidad.<\/p>\n\n\n\n<h2 class=\"wp-block-heading\">LOCALICE SUS VIDEOJUEGOS DE URDU<\/h2>\n\n\n\n<p>Actualmente, los videojuegos constituyen una industria en pleno esplendor. Por esta raz\u00f3n, cada vez es m\u00e1s importante que los traduzcan y localicen traductores profesionales; as\u00ed se torna m\u00e1s f\u00e1cil conseguir jugadores. Nuestra agencia de traducci\u00f3n le propone servicios de traducci\u00f3n realizados por una amplia red de profesionales, que comparten su pasi\u00f3n por los videojuegos y conocen a la perfecci\u00f3n las t\u00e9cnicas empleadas para garantizarle las mejores condiciones de juego. <a href=\"https:\/\/culturesconnection.com\/es\/\">Cultures Connection<\/a> se encarga de todo su material para proporcionarle la mejor calidad posible.<\/p>\n\n\n\n<h2 class=\"wp-block-heading\">NUESTROS SERVICIOS DE TRADUCCI\u00d3N DE VIDEOJUEGOS<\/h2>\n\n\n\n<p>A continuaci\u00f3n, encontrar\u00e1 varios ejemplos de traducciones de videojuegos que efectuamos en Cultures Connection:<\/p>\n\n\n\n<ul class=\"wp-block-list\"><li>Traducci\u00f3n de videojuegos<\/li><li>Localizaci\u00f3n de videojuegos<\/li><li>Gesti\u00f3n de proyectos<\/li><li>Subtitulaci\u00f3n<\/li><li>Grabaci\u00f3n y doblaje<\/li><li>Control de calidad<\/li><\/ul>\n\n\n\n<h3 class=\"wp-block-heading\">&nbsp;Traducci\u00f3n de videojuegos en todos los idiomas<\/h3>\n\n\n\n<ul class=\"wp-block-list\"><li><a href=\"https:\/\/culturesconnection.com\/es\/traduccion-de-videojuegos-al-frances\/\">Traducci\u00f3n de videojuegos de franc\u00e9s<\/a><\/li><li><a href=\"https:\/\/culturesconnection.com\/es\/traduccion-de-videojuegos-al-ingles\/\">Traducci\u00f3n de videojuegos de ingl\u00e9s<\/a><\/li><li><a href=\"https:\/\/culturesconnection.com\/es\/traduccion-de-videojuegos-al-aleman\/\">Traducci\u00f3n de videojuegos de alem\u00e1n<\/a><\/li><li><a href=\"https:\/\/culturesconnection.com\/es\/servicios-de-traduccion-de-videojuegos-al-chino\/\">Traducci\u00f3n de videojuegos de chino<\/a><\/li><li><a href=\"https:\/\/culturesconnection.com\/es\/traduccion-de-videojuegos-al-portugues\/\">Traducci\u00f3n de videojuegos de portugu\u00e9s<\/a><\/li><li><a href=\"https:\/\/culturesconnection.com\/es\/traduccion-de-videojuegos-al-italiano\/\">Traducci\u00f3n de videojuegos de italiano<\/a><\/li><li><a href=\"https:\/\/culturesconnection.com\/es\/servicios-de-traduccion-de-videojuegos-al-neerlandes\/\">Traducci\u00f3n de videojuegos de neerland\u00e9s<\/a><\/li><li><a href=\"https:\/\/culturesconnection.com\/es\/traduccion-de-videojuegos-al-turco\/\">Traducci\u00f3n de videojuegos de turco<\/a><\/li><li><a href=\"https:\/\/culturesconnection.com\/es\/traduccion-de-videojuegos-al-japones\/\">Traducci\u00f3n de videojuegos de japon\u00e9s<\/a><\/li><li><a href=\"https:\/\/culturesconnection.com\/es\/traduccion-de-videojuegos-al-ruso\/\">Traducci\u00f3n de videojuegos de ruso<\/a><\/li><\/ul>\n","protected":false},"excerpt":{"rendered":"<p>TRADUCCI\u00d3N DE VIDEOJUEGOS DE URDU La traducci\u00f3n de videojuegos compete m\u00e1s a la localizaci\u00f3n que a la traducci\u00f3n. La misi\u00f3n de un traductor localizador consiste [&#8230;]<\/p>\n<p><a class=\"btn btn-secondary understrap-read-more-link\" href=\"https:\/\/culturesconnection.com\/es\/servicios-de-traduccion-urdu\/traduccion-de-videojuegos-al-urdu\/\">Leer m\u00e1s&#8230;<span class=\"screen-reader-text\"> from Traducci\u00f3n de videojuegos de urdu<\/span><\/a><\/p>\n","protected":false},"author":53,"featured_media":24337,"parent":12889,"menu_order":0,"comment_status":"closed","ping_status":"closed","template":"","meta":{"_acf_changed":false,"_editorskit_title_hidden":false,"_editorskit_reading_time":0,"_editorskit_is_block_options_detached":false,"_editorskit_block_options_position":"{}","footnotes":""},"class_list":["post-12904","page","type-page","status-publish","has-post-thumbnail","hentry"],"acf":[],"_links":{"self":[{"href":"https:\/\/culturesconnection.com\/es\/wp-json\/wp\/v2\/pages\/12904","targetHints":{"allow":["GET"]}}],"collection":[{"href":"https:\/\/culturesconnection.com\/es\/wp-json\/wp\/v2\/pages"}],"about":[{"href":"https:\/\/culturesconnection.com\/es\/wp-json\/wp\/v2\/types\/page"}],"author":[{"embeddable":true,"href":"https:\/\/culturesconnection.com\/es\/wp-json\/wp\/v2\/users\/53"}],"replies":[{"embeddable":true,"href":"https:\/\/culturesconnection.com\/es\/wp-json\/wp\/v2\/comments?post=12904"}],"version-history":[{"count":0,"href":"https:\/\/culturesconnection.com\/es\/wp-json\/wp\/v2\/pages\/12904\/revisions"}],"up":[{"embeddable":true,"href":"https:\/\/culturesconnection.com\/es\/wp-json\/wp\/v2\/pages\/12889"}],"wp:featuredmedia":[{"embeddable":true,"href":"https:\/\/culturesconnection.com\/es\/wp-json\/wp\/v2\/media\/24337"}],"wp:attachment":[{"href":"https:\/\/culturesconnection.com\/es\/wp-json\/wp\/v2\/media?parent=12904"}],"curies":[{"name":"wp","href":"https:\/\/api.w.org\/{rel}","templated":true}]}}