{"id":12902,"date":"2018-11-14T17:09:46","date_gmt":"2018-11-14T16:09:46","guid":{"rendered":"http:\/\/culturesconnection.com\/?page_id=12902"},"modified":"2022-06-25T03:39:15","modified_gmt":"2022-06-25T01:39:15","slug":"traduccion-tecnica-de-urdu","status":"publish","type":"page","link":"https:\/\/culturesconnection.com\/es\/servicios-de-traduccion-urdu\/traduccion-tecnica-de-urdu\/","title":{"rendered":"Traducci\u00f3n t\u00e9cnica de urdu"},"content":{"rendered":"\n<h2 class=\"wp-block-heading\">TRADUCCI\u00d3N T\u00c9CNICA URDU-ESPA\u00d1OL: RIGOR TERMINOL\u00d3GICO<\/h2>\n\n\n\n<p>Debido a su diversidad, la traducci\u00f3n t\u00e9cnica consiste en un trabajo dif\u00edcil de llevar a cabo si no se cuenta con las competencias adecuadas. El traductor t\u00e9cnico profesional debe estar especializado en el \u00e1mbito t\u00e9cnico para ser capaz de comprender las diferentes nociones y t\u00e9rminos. El traductor tendr\u00e1 entonces una doble misi\u00f3n: traducir correctamente entre el espa\u00f1ol y el urdu y, lo m\u00e1s importante, encontrar el t\u00e9rmino m\u00e1s adecuado para cada concepto. Puede confiar en nuestra <a href=\"https:\/\/culturesconnection.com\/es\/\">agencia de traducci\u00f3n<\/a>, le garantizamos servicios de traducci\u00f3n de calidad a precios competitivos.<\/p>\n\n\n\n<h2 class=\"wp-block-heading\">NUESTROS SERVICIOS DE TRADUCCI\u00d3N T\u00c9CNICA DE URDU<\/h2>\n\n\n\n<p>La <a href=\"https:\/\/culturesconnection.com\/es\/traduccion-tecnica\/\">traducci\u00f3n t\u00e9cnica<\/a> es uno de los sectores preferidos de nuestra agencia de traducci\u00f3n. De hecho, a lo largo de los a\u00f1os, hemos podido crear una red de traductores t\u00e9cnicos en los cuales confiamos plenamente para que traduzcan todos sus documentos t\u00e9cnicos de urdu. Los seleccionamos seg\u00fan estrictos criterios de calidad, lo que nos permite ofrecerle servicios de traducci\u00f3n fiables, r\u00e1pidos, de gran calidad y a un buen precio. \u00a1Si tiene documentos t\u00e9cnicos para traducir desde o hacia el urdu, cont\u00e1ctenos!<\/p>\n\n\n\n<h2 class=\"wp-block-heading\">DOCUMENTOS T\u00c9CNICOS DE URDU<\/h2>\n\n\n\n<p>Existen muchos tipos de traducci\u00f3n de documentos t\u00e9cnicos al urdu. He aqu\u00ed algunos ejemplos:<\/p>\n\n\n\n<ul class=\"wp-block-list\"><li>Presupuestos<\/li><li>Textos sobre ingenier\u00eda<\/li><li>Manuales de instrucciones de herramientas mec\u00e1nicas (o de cualquier otro tipo de herramienta)<\/li><li>Descripciones de productos y fichas t\u00e9cnicas<\/li><li>Normas<\/li><li>Pliegos de condiciones<\/li><li>Patentes t\u00e9cnicas<\/li><li>Manuales t\u00e9cnicos<\/li><li>Manuales de instrucciones<\/li><li>Gu\u00edas de usuario<\/li><\/ul>\n\n\n\n<h3 class=\"wp-block-heading\">&nbsp;Traducciones t\u00e9cnicas en todos los idiomas<\/h3>\n\n\n\n<ul class=\"wp-block-list\"><li><a href=\"https:\/\/culturesconnection.com\/es\/traduccion-tecnica\/\">Traducci\u00f3n t\u00e9cnica de franc\u00e9s<\/a><\/li><li><a href=\"https:\/\/culturesconnection.com\/es\/traduccion-tecnica-ingles\/\">Traducci\u00f3n t\u00e9cnica de ingl\u00e9s<\/a><\/li><li><a href=\"https:\/\/culturesconnection.com\/es\/servicios-de-traduccion-tecnica-de-aleman\/\">Traducci\u00f3n t\u00e9cnica de alem\u00e1n<\/a><\/li><li><a href=\"https:\/\/culturesconnection.com\/es\/servicios-de-traduccion-tecnica-de-chino\/\">Traducci\u00f3n t\u00e9cnica de chino<\/a><\/li><li><a href=\"https:\/\/culturesconnection.com\/es\/traduccion-tecnica-de-portugues\/\">Traducci\u00f3n t\u00e9cnica de portugu\u00e9s<\/a><\/li><li><a href=\"https:\/\/culturesconnection.com\/es\/servicios-de-traduccion-tecnica-de-italiano\/\">Traducci\u00f3n t\u00e9cnica de italiano<\/a><\/li><li><a href=\"https:\/\/culturesconnection.com\/es\/traduccion-tecnica-de-neerlandes\/\">Traducci\u00f3n t\u00e9cnica de neerland\u00e9s<\/a><\/li><li><a href=\"https:\/\/culturesconnection.com\/es\/traduccion-tecnica-de-turco\/\">Traducci\u00f3n t\u00e9cnica de turco<\/a><\/li><li><a href=\"https:\/\/culturesconnection.com\/es\/traduccion-tecnica-de-japones\/\">Traducci\u00f3n t\u00e9cnica de japon\u00e9s<\/a><\/li><li><a href=\"https:\/\/culturesconnection.com\/es\/traduccion-tecnica-de-ruso\/\">Traducci\u00f3n t\u00e9cnica de ruso<\/a><\/li><\/ul>\n","protected":false},"excerpt":{"rendered":"<p>TRADUCCI\u00d3N T\u00c9CNICA URDU-ESPA\u00d1OL: RIGOR TERMINOL\u00d3GICO Debido a su diversidad, la traducci\u00f3n t\u00e9cnica consiste en un trabajo dif\u00edcil de llevar a cabo si no se cuenta [&#8230;]<\/p>\n<p><a class=\"btn btn-secondary understrap-read-more-link\" href=\"https:\/\/culturesconnection.com\/es\/servicios-de-traduccion-urdu\/traduccion-tecnica-de-urdu\/\">Leer m\u00e1s&#8230;<span class=\"screen-reader-text\"> from Traducci\u00f3n t\u00e9cnica de urdu<\/span><\/a><\/p>\n","protected":false},"author":53,"featured_media":24337,"parent":12889,"menu_order":0,"comment_status":"closed","ping_status":"closed","template":"","meta":{"_acf_changed":false,"_editorskit_title_hidden":false,"_editorskit_reading_time":0,"_editorskit_is_block_options_detached":false,"_editorskit_block_options_position":"{}","footnotes":""},"class_list":["post-12902","page","type-page","status-publish","has-post-thumbnail","hentry"],"acf":[],"_links":{"self":[{"href":"https:\/\/culturesconnection.com\/es\/wp-json\/wp\/v2\/pages\/12902","targetHints":{"allow":["GET"]}}],"collection":[{"href":"https:\/\/culturesconnection.com\/es\/wp-json\/wp\/v2\/pages"}],"about":[{"href":"https:\/\/culturesconnection.com\/es\/wp-json\/wp\/v2\/types\/page"}],"author":[{"embeddable":true,"href":"https:\/\/culturesconnection.com\/es\/wp-json\/wp\/v2\/users\/53"}],"replies":[{"embeddable":true,"href":"https:\/\/culturesconnection.com\/es\/wp-json\/wp\/v2\/comments?post=12902"}],"version-history":[{"count":0,"href":"https:\/\/culturesconnection.com\/es\/wp-json\/wp\/v2\/pages\/12902\/revisions"}],"up":[{"embeddable":true,"href":"https:\/\/culturesconnection.com\/es\/wp-json\/wp\/v2\/pages\/12889"}],"wp:featuredmedia":[{"embeddable":true,"href":"https:\/\/culturesconnection.com\/es\/wp-json\/wp\/v2\/media\/24337"}],"wp:attachment":[{"href":"https:\/\/culturesconnection.com\/es\/wp-json\/wp\/v2\/media?parent=12902"}],"curies":[{"name":"wp","href":"https:\/\/api.w.org\/{rel}","templated":true}]}}