{"id":12894,"date":"2018-11-15T17:37:32","date_gmt":"2018-11-15T16:37:32","guid":{"rendered":"http:\/\/culturesconnection.com\/?page_id=12894"},"modified":"2022-06-25T03:37:03","modified_gmt":"2022-06-25T01:37:03","slug":"traduccion-medica-de-urdu","status":"publish","type":"page","link":"https:\/\/culturesconnection.com\/es\/servicios-de-traduccion-urdu\/traduccion-medica-de-urdu\/","title":{"rendered":"Traducci\u00f3n m\u00e9dica de urdu"},"content":{"rendered":"\n<h2 class=\"wp-block-heading\">TRADUCCI\u00d3N M\u00c9DICA URDU-ESPA\u00d1OL: PRECISI\u00d3N TERMINOL\u00d3GICA<\/h2>\n\n\n\n<p>La traducci\u00f3n m\u00e9dica es un sector que se ha ido expandiendo por todo el mundo. Adem\u00e1s, es uno de los \u00e1mbitos de la traducci\u00f3n m\u00e1s complejos, ya que los t\u00e9rminos empleados son muy precisos. En este tipo de trabajos, el traductor no puede cometer ning\u00fan error, porque cualquier malentendido puede ser fatal para un paciente, por poner un ejemplo. Por lo tanto, es esencial recurrir a un traductor profesional especializado en el \u00e1mbito de la medicina, que posea experiencia y unos conocimientos profundos en la jerga m\u00e9dica empleada. Conf\u00ede en nuestra <a href=\"https:\/\/culturesconnection.com\/es\/\">agencia de traducci\u00f3n<\/a>, encontraremos al especialista perfecto para usted.<\/p>\n\n\n\n<h2 class=\"wp-block-heading\">TRADUCTORES M\u00c9DICOS A SU SERVICIO<\/h2>\n\n\n\n<p>\u00bfNecesita traducir documentos m\u00e9dicos desde o hacia el urdu? \u00a1No busque m\u00e1s!, en Cultures Connection tenemos la soluci\u00f3n: una red de traductores especializados en traducci\u00f3n m\u00e9dica, seleccionados seg\u00fan su experiencia y sus diplomas relacionados con la medicina. Nuestros servicios de traducci\u00f3n son r\u00e1pidos, fiables y de gran calidad, porque somos conscientes de los desaf\u00edos de la <a href=\"https:\/\/culturesconnection.com\/es\/traduccion-medica\/\">traducci\u00f3n m\u00e9dica<\/a> y del rigor que requiere la terminolog\u00eda. Todos nuestros traductores traducen \u00fanicamente hacia su lengua materna y solo trabajan en sus campos de especializaci\u00f3n.<\/p>\n\n\n\n<h2 class=\"wp-block-heading\">SUS DOCUMENTOS M\u00c9DICOS DE URDU<\/h2>\n\n\n\n<p>A continuaci\u00f3n, encontrar\u00e1 una lista de documentos m\u00e9dicos que traducimos desde y hacia el urdu:<\/p>\n\n\n\n<ul class=\"wp-block-list\"><li>Revistas<\/li><li>Informes de conferencia<\/li><li>Publicaciones<\/li><li>Proyectos e informes de investigaci\u00f3n<\/li><li>Resultados de estudios y estado de nuevas investigaciones<\/li><li>Obras de divulgaci\u00f3n<\/li><li>Informes de ensayos<\/li><li>Cuestionarios<\/li><li>Prospectos<\/li><li>Posolog\u00eda de nuevos productos<\/li><li>Resultados de ensayos cl\u00ednicos<\/li><li>Reglamentaci\u00f3n farmac\u00e9utica<\/li><li>Informes de evaluaci\u00f3n m\u00e9dica<\/li><\/ul>\n\n\n\n<h3 class=\"wp-block-heading\">&nbsp;Traducciones m\u00e9dicas en todos los idiomas<\/h3>\n\n\n\n<ul class=\"wp-block-list\"><li><a href=\"https:\/\/culturesconnection.com\/es\/traduccion-medica-de-frances\/\">Servicios de traducci\u00f3n m\u00e9dica de franc\u00e9s<\/a><\/li><li><a href=\"https:\/\/culturesconnection.com\/es\/traduccion-medica-de-ingles\/\">Servicios de traducci\u00f3n m\u00e9dica de ingl\u00e9s<\/a><\/li><li><a href=\"https:\/\/culturesconnection.com\/es\/servicios-de-traduccion-medica-de-aleman\/\">Servicios de traducci\u00f3n m\u00e9dica de alem\u00e1n<\/a><\/li><li><a href=\"https:\/\/culturesconnection.com\/es\/servicios-de-traduccion-medica-de-chino\/\">Servicios de traducci\u00f3n m\u00e9dica de chino<\/a><\/li><li><a href=\"https:\/\/culturesconnection.com\/es\/traduccion-medica-de-portugues\/\">Servicios de traducci\u00f3n m\u00e9dica de portugu\u00e9s<\/a><\/li><li><a href=\"https:\/\/culturesconnection.com\/es\/servicios-de-traduccion-medica-de-italiano\/\">Servicios de traducci\u00f3n m\u00e9dica de italiano<\/a><\/li><li><a href=\"https:\/\/culturesconnection.com\/es\/traduccion-medica-de-neerlandes\/\">Servicios de traducci\u00f3n m\u00e9dica de neerland\u00e9s<\/a><\/li><li><a href=\"https:\/\/culturesconnection.com\/es\/traduccion-medica-de-turco\/\">Servicios de traducci\u00f3n m\u00e9dica de turco<\/a><\/li><li><a href=\"https:\/\/culturesconnection.com\/es\/traduccion-medica-de-japones\/\">Servicios de traducci\u00f3n m\u00e9dica de japon\u00e9s<\/a><\/li><li><a href=\"https:\/\/culturesconnection.com\/es\/traduccion-medica-de-ruso\/\">Servicios de traducci\u00f3n m\u00e9dica de ruso<\/a><\/li><\/ul>\n","protected":false},"excerpt":{"rendered":"<p>TRADUCCI\u00d3N M\u00c9DICA URDU-ESPA\u00d1OL: PRECISI\u00d3N TERMINOL\u00d3GICA La traducci\u00f3n m\u00e9dica es un sector que se ha ido expandiendo por todo el mundo. Adem\u00e1s, es uno de los [&#8230;]<\/p>\n<p><a class=\"btn btn-secondary understrap-read-more-link\" href=\"https:\/\/culturesconnection.com\/es\/servicios-de-traduccion-urdu\/traduccion-medica-de-urdu\/\">Leer m\u00e1s&#8230;<span class=\"screen-reader-text\"> from Traducci\u00f3n m\u00e9dica de urdu<\/span><\/a><\/p>\n","protected":false},"author":53,"featured_media":24337,"parent":12889,"menu_order":0,"comment_status":"closed","ping_status":"closed","template":"","meta":{"_acf_changed":false,"_editorskit_title_hidden":false,"_editorskit_reading_time":0,"_editorskit_is_block_options_detached":false,"_editorskit_block_options_position":"{}","footnotes":""},"class_list":["post-12894","page","type-page","status-publish","has-post-thumbnail","hentry"],"acf":[],"_links":{"self":[{"href":"https:\/\/culturesconnection.com\/es\/wp-json\/wp\/v2\/pages\/12894","targetHints":{"allow":["GET"]}}],"collection":[{"href":"https:\/\/culturesconnection.com\/es\/wp-json\/wp\/v2\/pages"}],"about":[{"href":"https:\/\/culturesconnection.com\/es\/wp-json\/wp\/v2\/types\/page"}],"author":[{"embeddable":true,"href":"https:\/\/culturesconnection.com\/es\/wp-json\/wp\/v2\/users\/53"}],"replies":[{"embeddable":true,"href":"https:\/\/culturesconnection.com\/es\/wp-json\/wp\/v2\/comments?post=12894"}],"version-history":[{"count":0,"href":"https:\/\/culturesconnection.com\/es\/wp-json\/wp\/v2\/pages\/12894\/revisions"}],"up":[{"embeddable":true,"href":"https:\/\/culturesconnection.com\/es\/wp-json\/wp\/v2\/pages\/12889"}],"wp:featuredmedia":[{"embeddable":true,"href":"https:\/\/culturesconnection.com\/es\/wp-json\/wp\/v2\/media\/24337"}],"wp:attachment":[{"href":"https:\/\/culturesconnection.com\/es\/wp-json\/wp\/v2\/media?parent=12894"}],"curies":[{"name":"wp","href":"https:\/\/api.w.org\/{rel}","templated":true}]}}