{"id":12890,"date":"2018-11-16T12:01:27","date_gmt":"2018-11-16T11:01:27","guid":{"rendered":"http:\/\/culturesconnection.com\/?page_id=12890"},"modified":"2022-06-25T03:40:13","modified_gmt":"2022-06-25T01:40:13","slug":"traduccion-financiera-de-urdu","status":"publish","type":"page","link":"https:\/\/culturesconnection.com\/es\/servicios-de-traduccion-urdu\/traduccion-financiera-de-urdu\/","title":{"rendered":"Traducci\u00f3n financiera de urdu"},"content":{"rendered":"\n<h2 class=\"wp-block-heading\">TRADUCCI\u00d3N FINANCIERA URDU-ESPA\u00d1OL: LA IMPORTANCIA DE LA PRECISI\u00d3N<\/h2>\n\n\n\n<p>La <a href=\"https:\/\/culturesconnection.com\/es\/traduccion-financiera\/\">traducci\u00f3n financiera<\/a> es un trabajo dif\u00edcil y t\u00e9cnico que requiere muchos conocimientos en el \u00e1mbito financiero para comprender los conceptos empleados, as\u00ed como el dominio de la terminolog\u00eda espec\u00edfica empleada. Con el fin de proporcionar a nuestros clientes una traducci\u00f3n financiera hacia el urdu precisa y de calidad, es esencial recurrir a los servicios de un traductor profesional especializado en la traducci\u00f3n de esta lengua. \u00c9l le garantizar\u00e1 una traducci\u00f3n rigurosa -algo primordial en el \u00e1mbito financiero-, lo que le permitir\u00e1 evitar cualquier posible problema relacionado con un error de traducci\u00f3n.<\/p>\n\n\n\n<h2 class=\"wp-block-heading\">NUESTRA AGENCIA DE TRADUCCI\u00d3N<\/h2>\n\n\n\n<p>Nuestra <a href=\"https:\/\/culturesconnection.com\/es\/\">agencia de traducci\u00f3n<\/a> colabora con una amplia red de traductores profesionales, entre los que se encuentran traductores financieros de urdu que dominan completamente la lengua y el vocabulario de este campo. Porque sabemos que la calidad y la precisi\u00f3n son esenciales para usted, nuestros colaboradores est\u00e1n sometidos a rigurosas pruebas de traducci\u00f3n. Asimismo, todos son traductores experimentados y especializados en el \u00e1mbito de traducci\u00f3n que se le asocia para ofrecerle servicios de traducci\u00f3n de calidad y al mejor precio. Con Cultures Connection puede estar tranquilo, sus documentos financieros de urdu se encuentran en buenas manos.&nbsp;<\/p>\n\n\n\n<h2 class=\"wp-block-heading\">SUS DOCUMENTOS FINANCIEROS DE URDU<\/h2>\n\n\n\n<p>A continuaci\u00f3n, presentamos una lista con varios ejemplos de tipos de documentos financieros que traducimos con regularidad:<\/p>\n\n\n\n<ul class=\"wp-block-list\"><li>Informes de fondos de inversi\u00f3n<\/li><li>Informes de actividad<\/li><li>Bolsa<\/li><li>Folletos<\/li><li>Cartas bancarias<\/li><li>Documentos de gesti\u00f3n de riesgos y de gesti\u00f3n de activos<\/li><li>Documentos de fusiones y adquisiciones<\/li><li>Documentos de investigaci\u00f3n<\/li><li>Informes de auditor\u00eda<\/li><li>Balances<\/li><li>Cartas de informaci\u00f3n financiera<\/li><li>Documentos con informaci\u00f3n clave para la inversi\u00f3n (DICI)<\/li><\/ul>\n\n\n\n<h3 class=\"wp-block-heading\">&nbsp;Traducciones financieras en todos los idiomas<\/h3>\n\n\n\n<ul class=\"wp-block-list\"><li><a href=\"https:\/\/culturesconnection.com\/es\/traduccion-financiera-de-frances\/\">Traducciones financieras de franc\u00e9s<\/a><\/li><li><a href=\"https:\/\/culturesconnection.com\/es\/traduccion-financiera-de-ingles\/\">Traducciones financieras de ingl\u00e9s<\/a><\/li><li><a href=\"https:\/\/culturesconnection.com\/es\/traduccion-financiera-de-aleman\/\">Traducciones financieras de alem\u00e1n<\/a><\/li><li><a href=\"https:\/\/culturesconnection.com\/es\/servicios-de-traduccion-financiera-de-chino\/\">Traducciones financieras de chino<\/a><\/li><li><a href=\"https:\/\/culturesconnection.com\/es\/traduccion-financiera-de-arabe\/\">Traducciones financieras de \u00e1rabe<\/a><\/li><li><a href=\"https:\/\/culturesconnection.com\/es\/traduccion-financiera-de-portugues\/\">Traducciones financieras de portugu\u00e9s<\/a><\/li><li><a href=\"https:\/\/culturesconnection.com\/es\/traduccion-financiera-de-italiano\/\">Traducciones financieras de italiano<\/a><\/li><li><a href=\"https:\/\/culturesconnection.com\/es\/traduccion-financiera-de-neerlandes\/\">Traducciones financieras de neerland\u00e9s<\/a><\/li><li><a href=\"https:\/\/culturesconnection.com\/es\/traduccion-financiera-de-turco\/\">Traducciones financieras de turco<\/a><\/li><li><a href=\"https:\/\/culturesconnection.com\/es\/traduccion-financiera-de-japones\/\">Traducciones financieras de japon\u00e9s<\/a><\/li><li><a href=\"https:\/\/culturesconnection.com\/es\/traduccion-financiera-de-ruso\/\">Traducciones financieras de ruso<\/a><\/li><\/ul>\n","protected":false},"excerpt":{"rendered":"<p>TRADUCCI\u00d3N FINANCIERA URDU-ESPA\u00d1OL: LA IMPORTANCIA DE LA PRECISI\u00d3N La traducci\u00f3n financiera es un trabajo dif\u00edcil y t\u00e9cnico que requiere muchos conocimientos en el \u00e1mbito financiero [&#8230;]<\/p>\n<p><a class=\"btn btn-secondary understrap-read-more-link\" href=\"https:\/\/culturesconnection.com\/es\/servicios-de-traduccion-urdu\/traduccion-financiera-de-urdu\/\">Leer m\u00e1s&#8230;<span class=\"screen-reader-text\"> from Traducci\u00f3n financiera de urdu<\/span><\/a><\/p>\n","protected":false},"author":53,"featured_media":24337,"parent":12889,"menu_order":0,"comment_status":"closed","ping_status":"closed","template":"","meta":{"_acf_changed":false,"_editorskit_title_hidden":false,"_editorskit_reading_time":0,"_editorskit_is_block_options_detached":false,"_editorskit_block_options_position":"{}","footnotes":""},"class_list":["post-12890","page","type-page","status-publish","has-post-thumbnail","hentry"],"acf":[],"_links":{"self":[{"href":"https:\/\/culturesconnection.com\/es\/wp-json\/wp\/v2\/pages\/12890","targetHints":{"allow":["GET"]}}],"collection":[{"href":"https:\/\/culturesconnection.com\/es\/wp-json\/wp\/v2\/pages"}],"about":[{"href":"https:\/\/culturesconnection.com\/es\/wp-json\/wp\/v2\/types\/page"}],"author":[{"embeddable":true,"href":"https:\/\/culturesconnection.com\/es\/wp-json\/wp\/v2\/users\/53"}],"replies":[{"embeddable":true,"href":"https:\/\/culturesconnection.com\/es\/wp-json\/wp\/v2\/comments?post=12890"}],"version-history":[{"count":0,"href":"https:\/\/culturesconnection.com\/es\/wp-json\/wp\/v2\/pages\/12890\/revisions"}],"up":[{"embeddable":true,"href":"https:\/\/culturesconnection.com\/es\/wp-json\/wp\/v2\/pages\/12889"}],"wp:featuredmedia":[{"embeddable":true,"href":"https:\/\/culturesconnection.com\/es\/wp-json\/wp\/v2\/media\/24337"}],"wp:attachment":[{"href":"https:\/\/culturesconnection.com\/es\/wp-json\/wp\/v2\/media?parent=12890"}],"curies":[{"name":"wp","href":"https:\/\/api.w.org\/{rel}","templated":true}]}}