{"id":12887,"date":"2018-11-15T16:16:19","date_gmt":"2018-11-15T15:16:19","guid":{"rendered":"http:\/\/culturesconnection.com\/?page_id=12887"},"modified":"2022-06-25T03:36:11","modified_gmt":"2022-06-25T01:36:11","slug":"traduccion-audiovisual-urdu","status":"publish","type":"page","link":"https:\/\/culturesconnection.com\/es\/servicios-de-traduccion-urdu\/traduccion-audiovisual-urdu\/","title":{"rendered":"Traducci\u00f3n audiovisual de urdu"},"content":{"rendered":"\n<h2 class=\"wp-block-heading\">TRADUCCI\u00d3N AUDIOVISUAL URDU-ESPA\u00d1OL: UNA VERSI\u00d3N MULTILING\u00dcE DE SUS MEDIOS DE COMUNICACI\u00d3N<\/h2>\n\n\n\n<p>Cuando desee publicar material audiovisual de cualquier tipo a escala internacional, ya sea para el cine, la televisi\u00f3n, internet o el \u00e1mbito empresarial, necesitar\u00e1 una <a href=\"https:\/\/culturesconnection.com\/es\/traduccion-audiovisual\/\">traducci\u00f3n audiovisual<\/a>. En efecto, esto le permitir\u00e1 obtener mayor cantidad de p\u00fablico. Para ello, es esencial recurrir a los servicios de un traductor profesional especializado en el \u00e1mbito audiovisual para que realice sus subt\u00edtulos, doblaje o voz en <em>off <\/em>en las mejores condiciones. El traductor especializado tiene experiencia en este \u00e1mbito y es el m\u00e1s competente para traducir su material audiovisual al urdu.<\/p>\n\n\n\n<h2 class=\"wp-block-heading\">NUESTROS SERVICIOS DE TRADUCCI\u00d3N AUDIOVISUAL DE URDU<\/h2>\n\n\n\n<p>A lo largo de los a\u00f1os, nuestra <a href=\"https:\/\/culturesconnection.com\/es\/\">agencia de traducci\u00f3n<\/a> ha conseguido crear una amplia red de traductores especializados en la traducci\u00f3n audiovisual, capaces de realizar trabajos de todo tipo, como transcripciones, subtitulaci\u00f3n o temporizaci\u00f3n de subt\u00edtulos. En Cultures Connection, la palabra clave es \u201crigor\u201d, por esta raz\u00f3n escogemos a los traductores profesionales m\u00e1s competentes y con m\u00e1s experiencia, para proporcionar a nuestros clientes servicios de traducci\u00f3n precisos y de calidad. Todos nuestros traductores traducen hacia su lengua materna y poseen profundos conocimientos en traducci\u00f3n audiovisual. \u00a1No espere m\u00e1s, conf\u00ede en nuestra agencia para realizar sus propias traducciones audiovisuales hacia el urdu!<\/p>\n\n\n\n<h2 class=\"wp-block-heading\">NUESTRAS TRADUCCIONES AUDIOVISUALES DE URDU<\/h2>\n\n\n\n<p>Debido a la cantidad de contenido multimedia que se crea cada a\u00f1o en el mundo, nuestro abanico de prestaciones es amplio:<\/p>\n\n\n\n<ul class=\"wp-block-list\"><li>Audios<\/li><li>V\u00eddeos comerciales y publicitarios<\/li><li>V\u00eddeos institucionales<\/li><li>Documentales<\/li><li>Videojuegos<\/li><li>V\u00eddeos corporativos<\/li><li>Entrevistas<\/li><\/ul>\n\n\n\n<h3 class=\"wp-block-heading\">&nbsp;Traducciones audiovisuales en todos los idiomas<\/h3>\n\n\n\n<ul class=\"wp-block-list\"><li><a href=\"https:\/\/culturesconnection.com\/es\/traduccion-audiovisual-al-frances\/\">Servicios de traducci\u00f3n audiovisual de franc\u00e9s<\/a><\/li><li><a href=\"https:\/\/culturesconnection.com\/es\/traduccion-audiovisual-en-ingles\/\">Servicios de traducci\u00f3n audiovisual de ingl\u00e9s<\/a><\/li><li><a href=\"https:\/\/culturesconnection.com\/es\/traduccion-audiovisual-en-aleman\/\">Servicios de traducci\u00f3n audiovisual de alem\u00e1n<\/a><\/li><li><a href=\"https:\/\/culturesconnection.com\/es\/traduccion-audiovisual-de-chino\/\">Servicios de traducci\u00f3n audiovisual de chino<\/a><\/li><li><a href=\"https:\/\/culturesconnection.com\/es\/traduccion-audiovisual-de-portugues\/\">Servicios de traducci\u00f3n audiovisual de portugu\u00e9s<\/a><\/li><li><a href=\"https:\/\/culturesconnection.com\/es\/traduccion-audiovisual-en-italiano\/\">Servicios de traducci\u00f3n audiovisual de italiano<\/a><\/li><li><a href=\"https:\/\/culturesconnection.com\/es\/traduccion-audiovisual-de-neerlandes\/\">Servicios de traducci\u00f3n audiovisual de neerland\u00e9s<\/a><\/li><li><a href=\"https:\/\/culturesconnection.com\/es\/traduccion-audiovisual-de-turco\/\">Servicios de traducci\u00f3n audiovisual de turco<\/a><\/li><li><a href=\"https:\/\/culturesconnection.com\/es\/traduccion-audiovisual-de-japones\/\">Servicios de traducci\u00f3n audiovisual de japon\u00e9s<\/a><\/li><li><a href=\"https:\/\/culturesconnection.com\/es\/traduccion-audiovisual-de-ruso\/\">Servicios de traducci\u00f3n audiovisual de ruso<\/a><\/li><\/ul>\n","protected":false},"excerpt":{"rendered":"<p>TRADUCCI\u00d3N AUDIOVISUAL URDU-ESPA\u00d1OL: UNA VERSI\u00d3N MULTILING\u00dcE DE SUS MEDIOS DE COMUNICACI\u00d3N Cuando desee publicar material audiovisual de cualquier tipo a escala internacional, ya sea para [&#8230;]<\/p>\n<p><a class=\"btn btn-secondary understrap-read-more-link\" href=\"https:\/\/culturesconnection.com\/es\/servicios-de-traduccion-urdu\/traduccion-audiovisual-urdu\/\">Leer m\u00e1s&#8230;<span class=\"screen-reader-text\"> from Traducci\u00f3n audiovisual de urdu<\/span><\/a><\/p>\n","protected":false},"author":53,"featured_media":24337,"parent":12889,"menu_order":0,"comment_status":"closed","ping_status":"closed","template":"","meta":{"_acf_changed":false,"_editorskit_title_hidden":false,"_editorskit_reading_time":0,"_editorskit_is_block_options_detached":false,"_editorskit_block_options_position":"{}","footnotes":""},"class_list":["post-12887","page","type-page","status-publish","has-post-thumbnail","hentry"],"acf":[],"yoast_head":"<!-- This site is optimized with the Yoast SEO Premium plugin v23.4 (Yoast SEO v27.3) - https:\/\/yoast.com\/product\/yoast-seo-premium-wordpress\/ -->\n<title>Servicios de traducci\u00f3n audiovisual de urdu<\/title>\n<meta name=\"description\" content=\"Cultures Connection ofrece servicios de traducci\u00f3n audiovisual de urdu: subtitulaci\u00f3n, doblaje, voice-over, \u00a1y mucho m\u00e1s! \u00a1Pida su presupuesto gratuito!\" \/>\n<meta name=\"robots\" content=\"index, follow, max-snippet:-1, max-image-preview:large, max-video-preview:-1\" \/>\n<link rel=\"canonical\" href=\"https:\/\/culturesconnection.com\/es\/servicios-de-traduccion-urdu\/traduccion-audiovisual-urdu\/\" \/>\n<meta property=\"og:locale\" content=\"es_ES\" \/>\n<meta property=\"og:type\" content=\"article\" \/>\n<meta property=\"og:title\" content=\"Traducci\u00f3n audiovisual de urdu\" \/>\n<meta property=\"og:description\" content=\"Cultures Connection ofrece servicios de traducci\u00f3n audiovisual de urdu: subtitulaci\u00f3n, doblaje, voice-over, \u00a1y mucho m\u00e1s! \u00a1Pida su presupuesto gratuito!\" \/>\n<meta property=\"og:url\" content=\"https:\/\/culturesconnection.com\/es\/servicios-de-traduccion-urdu\/traduccion-audiovisual-urdu\/\" \/>\n<meta property=\"og:site_name\" content=\"Cultures Connection\" \/>\n<meta property=\"article:publisher\" content=\"https:\/\/www.facebook.com\/CulturesConnection\" \/>\n<meta property=\"article:modified_time\" content=\"2022-06-25T01:36:11+00:00\" \/>\n<meta property=\"og:image\" content=\"https:\/\/culturesconnection.com\/wp-content\/uploads\/2020\/09\/P\u00e1gina_Subservicios_de_traducci\u00f3n_por_idioma.png\" \/>\n\t<meta property=\"og:image:width\" content=\"1417\" \/>\n\t<meta property=\"og:image:height\" content=\"561\" \/>\n\t<meta property=\"og:image:type\" content=\"image\/png\" \/>\n<meta name=\"twitter:card\" content=\"summary_large_image\" \/>\n<meta name=\"twitter:site\" content=\"@CulturesCo_\" \/>\n<meta name=\"twitter:label1\" content=\"Tiempo de lectura\" \/>\n\t<meta name=\"twitter:data1\" content=\"2 minutos\" \/>\n<script type=\"application\/ld+json\" class=\"yoast-schema-graph\">{\"@context\":\"https:\\\/\\\/schema.org\",\"@graph\":[{\"@type\":\"WebPage\",\"@id\":\"https:\\\/\\\/culturesconnection.com\\\/es\\\/servicios-de-traduccion-urdu\\\/traduccion-audiovisual-urdu\\\/\",\"url\":\"https:\\\/\\\/culturesconnection.com\\\/es\\\/servicios-de-traduccion-urdu\\\/traduccion-audiovisual-urdu\\\/\",\"name\":\"Servicios de traducci\u00f3n audiovisual de urdu\",\"isPartOf\":{\"@id\":\"https:\\\/\\\/culturesconnection.com\\\/fr\\\/#website\"},\"primaryImageOfPage\":{\"@id\":\"https:\\\/\\\/culturesconnection.com\\\/es\\\/servicios-de-traduccion-urdu\\\/traduccion-audiovisual-urdu\\\/#primaryimage\"},\"image\":{\"@id\":\"https:\\\/\\\/culturesconnection.com\\\/es\\\/servicios-de-traduccion-urdu\\\/traduccion-audiovisual-urdu\\\/#primaryimage\"},\"thumbnailUrl\":\"https:\\\/\\\/culturesconnection.com\\\/wp-content\\\/uploads\\\/2020\\\/09\\\/P\u00e1gina_Subservicios_de_traducci\u00f3n_por_idioma.png\",\"datePublished\":\"2018-11-15T15:16:19+00:00\",\"dateModified\":\"2022-06-25T01:36:11+00:00\",\"description\":\"Cultures Connection ofrece servicios de traducci\u00f3n audiovisual de urdu: subtitulaci\u00f3n, doblaje, voice-over, \u00a1y mucho m\u00e1s! \u00a1Pida su presupuesto gratuito!\",\"breadcrumb\":{\"@id\":\"https:\\\/\\\/culturesconnection.com\\\/es\\\/servicios-de-traduccion-urdu\\\/traduccion-audiovisual-urdu\\\/#breadcrumb\"},\"inLanguage\":\"es\",\"potentialAction\":[{\"@type\":\"ReadAction\",\"target\":[\"https:\\\/\\\/culturesconnection.com\\\/es\\\/servicios-de-traduccion-urdu\\\/traduccion-audiovisual-urdu\\\/\"]}]},{\"@type\":\"ImageObject\",\"inLanguage\":\"es\",\"@id\":\"https:\\\/\\\/culturesconnection.com\\\/es\\\/servicios-de-traduccion-urdu\\\/traduccion-audiovisual-urdu\\\/#primaryimage\",\"url\":\"https:\\\/\\\/culturesconnection.com\\\/wp-content\\\/uploads\\\/2020\\\/09\\\/P\u00e1gina_Subservicios_de_traducci\u00f3n_por_idioma.png\",\"contentUrl\":\"https:\\\/\\\/culturesconnection.com\\\/wp-content\\\/uploads\\\/2020\\\/09\\\/P\u00e1gina_Subservicios_de_traducci\u00f3n_por_idioma.png\",\"width\":1417,\"height\":561},{\"@type\":\"BreadcrumbList\",\"@id\":\"https:\\\/\\\/culturesconnection.com\\\/es\\\/servicios-de-traduccion-urdu\\\/traduccion-audiovisual-urdu\\\/#breadcrumb\",\"itemListElement\":[{\"@type\":\"ListItem\",\"position\":1,\"name\":\"Home\",\"item\":\"https:\\\/\\\/culturesconnection.com\\\/es\\\/\"},{\"@type\":\"ListItem\",\"position\":2,\"name\":\"Traducci\u00f3n de Urdu\",\"item\":\"https:\\\/\\\/culturesconnection.com\\\/es\\\/servicios-de-traduccion-urdu\\\/\"},{\"@type\":\"ListItem\",\"position\":3,\"name\":\"Traducci\u00f3n audiovisual de urdu\"}]},{\"@type\":\"WebSite\",\"@id\":\"https:\\\/\\\/culturesconnection.com\\\/fr\\\/#website\",\"url\":\"https:\\\/\\\/culturesconnection.com\\\/fr\\\/\",\"name\":\"Cultures Connection\",\"description\":\"Cultures Connection is a translation agency dedicated to the success of its international clients.\",\"publisher\":{\"@id\":\"https:\\\/\\\/culturesconnection.com\\\/fr\\\/#organization\"},\"potentialAction\":[{\"@type\":\"SearchAction\",\"target\":{\"@type\":\"EntryPoint\",\"urlTemplate\":\"https:\\\/\\\/culturesconnection.com\\\/fr\\\/?s={search_term_string}\"},\"query-input\":{\"@type\":\"PropertyValueSpecification\",\"valueRequired\":true,\"valueName\":\"search_term_string\"}}],\"inLanguage\":\"es\"},{\"@type\":\"Organization\",\"@id\":\"https:\\\/\\\/culturesconnection.com\\\/fr\\\/#organization\",\"name\":\"Cultures Connection\",\"url\":\"https:\\\/\\\/culturesconnection.com\\\/fr\\\/\",\"logo\":{\"@type\":\"ImageObject\",\"inLanguage\":\"es\",\"@id\":\"https:\\\/\\\/culturesconnection.com\\\/fr\\\/#\\\/schema\\\/logo\\\/image\\\/\",\"url\":\"https:\\\/\\\/culturesconnection.com\\\/wp-content\\\/uploads\\\/2022\\\/06\\\/cropped-favicon512x512.png\",\"contentUrl\":\"https:\\\/\\\/culturesconnection.com\\\/wp-content\\\/uploads\\\/2022\\\/06\\\/cropped-favicon512x512.png\",\"width\":512,\"height\":512,\"caption\":\"Cultures Connection\"},\"image\":{\"@id\":\"https:\\\/\\\/culturesconnection.com\\\/fr\\\/#\\\/schema\\\/logo\\\/image\\\/\"},\"sameAs\":[\"https:\\\/\\\/www.facebook.com\\\/CulturesConnection\",\"https:\\\/\\\/x.com\\\/CulturesCo_\"]}]}<\/script>\n<!-- \/ Yoast SEO Premium plugin. -->","yoast_head_json":{"title":"Servicios de traducci\u00f3n audiovisual de urdu","description":"Cultures Connection ofrece servicios de traducci\u00f3n audiovisual de urdu: subtitulaci\u00f3n, doblaje, voice-over, \u00a1y mucho m\u00e1s! \u00a1Pida su presupuesto gratuito!","robots":{"index":"index","follow":"follow","max-snippet":"max-snippet:-1","max-image-preview":"max-image-preview:large","max-video-preview":"max-video-preview:-1"},"canonical":"https:\/\/culturesconnection.com\/es\/servicios-de-traduccion-urdu\/traduccion-audiovisual-urdu\/","og_locale":"es_ES","og_type":"article","og_title":"Traducci\u00f3n audiovisual de urdu","og_description":"Cultures Connection ofrece servicios de traducci\u00f3n audiovisual de urdu: subtitulaci\u00f3n, doblaje, voice-over, \u00a1y mucho m\u00e1s! \u00a1Pida su presupuesto gratuito!","og_url":"https:\/\/culturesconnection.com\/es\/servicios-de-traduccion-urdu\/traduccion-audiovisual-urdu\/","og_site_name":"Cultures Connection","article_publisher":"https:\/\/www.facebook.com\/CulturesConnection","article_modified_time":"2022-06-25T01:36:11+00:00","og_image":[{"width":1417,"height":561,"url":"https:\/\/culturesconnection.com\/wp-content\/uploads\/2020\/09\/P\u00e1gina_Subservicios_de_traducci\u00f3n_por_idioma.png","type":"image\/png"}],"twitter_card":"summary_large_image","twitter_site":"@CulturesCo_","twitter_misc":{"Tiempo de lectura":"2 minutos"},"schema":{"@context":"https:\/\/schema.org","@graph":[{"@type":"WebPage","@id":"https:\/\/culturesconnection.com\/es\/servicios-de-traduccion-urdu\/traduccion-audiovisual-urdu\/","url":"https:\/\/culturesconnection.com\/es\/servicios-de-traduccion-urdu\/traduccion-audiovisual-urdu\/","name":"Servicios de traducci\u00f3n audiovisual de urdu","isPartOf":{"@id":"https:\/\/culturesconnection.com\/fr\/#website"},"primaryImageOfPage":{"@id":"https:\/\/culturesconnection.com\/es\/servicios-de-traduccion-urdu\/traduccion-audiovisual-urdu\/#primaryimage"},"image":{"@id":"https:\/\/culturesconnection.com\/es\/servicios-de-traduccion-urdu\/traduccion-audiovisual-urdu\/#primaryimage"},"thumbnailUrl":"https:\/\/culturesconnection.com\/wp-content\/uploads\/2020\/09\/P\u00e1gina_Subservicios_de_traducci\u00f3n_por_idioma.png","datePublished":"2018-11-15T15:16:19+00:00","dateModified":"2022-06-25T01:36:11+00:00","description":"Cultures Connection ofrece servicios de traducci\u00f3n audiovisual de urdu: subtitulaci\u00f3n, doblaje, voice-over, \u00a1y mucho m\u00e1s! \u00a1Pida su presupuesto gratuito!","breadcrumb":{"@id":"https:\/\/culturesconnection.com\/es\/servicios-de-traduccion-urdu\/traduccion-audiovisual-urdu\/#breadcrumb"},"inLanguage":"es","potentialAction":[{"@type":"ReadAction","target":["https:\/\/culturesconnection.com\/es\/servicios-de-traduccion-urdu\/traduccion-audiovisual-urdu\/"]}]},{"@type":"ImageObject","inLanguage":"es","@id":"https:\/\/culturesconnection.com\/es\/servicios-de-traduccion-urdu\/traduccion-audiovisual-urdu\/#primaryimage","url":"https:\/\/culturesconnection.com\/wp-content\/uploads\/2020\/09\/P\u00e1gina_Subservicios_de_traducci\u00f3n_por_idioma.png","contentUrl":"https:\/\/culturesconnection.com\/wp-content\/uploads\/2020\/09\/P\u00e1gina_Subservicios_de_traducci\u00f3n_por_idioma.png","width":1417,"height":561},{"@type":"BreadcrumbList","@id":"https:\/\/culturesconnection.com\/es\/servicios-de-traduccion-urdu\/traduccion-audiovisual-urdu\/#breadcrumb","itemListElement":[{"@type":"ListItem","position":1,"name":"Home","item":"https:\/\/culturesconnection.com\/es\/"},{"@type":"ListItem","position":2,"name":"Traducci\u00f3n de Urdu","item":"https:\/\/culturesconnection.com\/es\/servicios-de-traduccion-urdu\/"},{"@type":"ListItem","position":3,"name":"Traducci\u00f3n audiovisual de urdu"}]},{"@type":"WebSite","@id":"https:\/\/culturesconnection.com\/fr\/#website","url":"https:\/\/culturesconnection.com\/fr\/","name":"Cultures Connection","description":"Cultures Connection is a translation agency dedicated to the success of its international clients.","publisher":{"@id":"https:\/\/culturesconnection.com\/fr\/#organization"},"potentialAction":[{"@type":"SearchAction","target":{"@type":"EntryPoint","urlTemplate":"https:\/\/culturesconnection.com\/fr\/?s={search_term_string}"},"query-input":{"@type":"PropertyValueSpecification","valueRequired":true,"valueName":"search_term_string"}}],"inLanguage":"es"},{"@type":"Organization","@id":"https:\/\/culturesconnection.com\/fr\/#organization","name":"Cultures Connection","url":"https:\/\/culturesconnection.com\/fr\/","logo":{"@type":"ImageObject","inLanguage":"es","@id":"https:\/\/culturesconnection.com\/fr\/#\/schema\/logo\/image\/","url":"https:\/\/culturesconnection.com\/wp-content\/uploads\/2022\/06\/cropped-favicon512x512.png","contentUrl":"https:\/\/culturesconnection.com\/wp-content\/uploads\/2022\/06\/cropped-favicon512x512.png","width":512,"height":512,"caption":"Cultures Connection"},"image":{"@id":"https:\/\/culturesconnection.com\/fr\/#\/schema\/logo\/image\/"},"sameAs":["https:\/\/www.facebook.com\/CulturesConnection","https:\/\/x.com\/CulturesCo_"]}]}},"_links":{"self":[{"href":"https:\/\/culturesconnection.com\/es\/wp-json\/wp\/v2\/pages\/12887","targetHints":{"allow":["GET"]}}],"collection":[{"href":"https:\/\/culturesconnection.com\/es\/wp-json\/wp\/v2\/pages"}],"about":[{"href":"https:\/\/culturesconnection.com\/es\/wp-json\/wp\/v2\/types\/page"}],"author":[{"embeddable":true,"href":"https:\/\/culturesconnection.com\/es\/wp-json\/wp\/v2\/users\/53"}],"replies":[{"embeddable":true,"href":"https:\/\/culturesconnection.com\/es\/wp-json\/wp\/v2\/comments?post=12887"}],"version-history":[{"count":0,"href":"https:\/\/culturesconnection.com\/es\/wp-json\/wp\/v2\/pages\/12887\/revisions"}],"up":[{"embeddable":true,"href":"https:\/\/culturesconnection.com\/es\/wp-json\/wp\/v2\/pages\/12889"}],"wp:featuredmedia":[{"embeddable":true,"href":"https:\/\/culturesconnection.com\/es\/wp-json\/wp\/v2\/media\/24337"}],"wp:attachment":[{"href":"https:\/\/culturesconnection.com\/es\/wp-json\/wp\/v2\/media?parent=12887"}],"curies":[{"name":"wp","href":"https:\/\/api.w.org\/{rel}","templated":true}]}}