{"id":12884,"date":"2018-11-15T18:07:20","date_gmt":"2018-11-15T17:07:20","guid":{"rendered":"http:\/\/culturesconnection.com\/?page_id=12884"},"modified":"2022-06-25T03:37:30","modified_gmt":"2022-06-25T01:37:30","slug":"traduccion-de-marketing-al-urdu","status":"publish","type":"page","link":"https:\/\/culturesconnection.com\/es\/servicios-de-traduccion-urdu\/traduccion-de-marketing-al-urdu\/","title":{"rendered":"Traducci\u00f3n de marketing de urdu"},"content":{"rendered":"\n<h2 class=\"wp-block-heading\">CONF\u00cdENOS SU TRADUCCI\u00d3N DE MARKETING DE URDU<\/h2>\n\n\n\n<p>La <a href=\"https:\/\/culturesconnection.com\/es\/traduccion-marketing\/\">traducci\u00f3n de marketing<\/a> puede ser un complejo ejercicio, porque en este campo no solo se traducen palabras, tambi\u00e9n es necesario tener en cuenta el aspecto cultural del mercado objetivo. Por ejemplo, su eslogan no puede ser el mismo en todos los pa\u00edses debido a las diferencias culturales. La traducci\u00f3n de marketing consiste m\u00e1s en la adaptaci\u00f3n de su mensaje a un mercado objetivo que en una traducci\u00f3n. Por lo tanto, esta es la primera misi\u00f3n del traductor de marketing, un traductor que conoce las sutilidades del mercado en el que desea expandirse para evitar cualquier malentendido que pueda da\u00f1ar la imagen de su empresa. Por todas estas razones, deber\u00eda confiar en Cultures Connection para sus traducciones de marketing al urdu, solo trabajamos con profesionales especializados en su \u00e1mbito predilecto.<\/p>\n\n\n\n<h2 class=\"wp-block-heading\">ESPECIALISTAS EN TRADUCCI\u00d3N DE MARKETING<\/h2>\n\n\n\n<p>Si desea lanzar un nuevo producto en el mercado indio o pakistan\u00ed, conf\u00ede sus traducciones de marketing a nuestra agencia de traducci\u00f3n, que le acompa\u00f1ar\u00e1 durante todo el proceso proporcion\u00e1ndole servicios de traducci\u00f3n de calidad. En efecto, en <a href=\"https:\/\/culturesconnection.com\/es\/\">Cultures Connection<\/a> trabajamos solamente con profesionales de la traducci\u00f3n especializados en el \u00e1mbito del marketing, capacitados para traducir y localizar todos sus soportes de la manera m\u00e1s apropiada, teniendo siempre en cuenta la cultura de su p\u00fablico objetivo. Nuestros traductores solo traducen hacia su lengua materna y cuentan con experiencia en marketing y en traducci\u00f3n de marketing al urdu.<\/p>\n\n\n\n<h2 class=\"wp-block-heading\">SUS DOCUMENTOS DE MARKETING DE URDU<\/h2>\n\n\n\n<p>He aqu\u00ed una lista no exhaustiva sobre las traducciones de marketing que realizamos hacia el urdu en Cultures Connection:<\/p>\n\n\n\n<ul class=\"wp-block-list\"><li>Folletos<\/li><li>Material publicitario<\/li><li>Boletines informativos<\/li><li>P\u00e1ginas web de comercio electr\u00f3nico<\/li><li>Folletos<\/li><li>Campa\u00f1as de marketing<\/li><li>Anuncios<\/li><li>P\u00e1ginas web<\/li><li>Esl\u00f3ganes<\/li><li>Logotipos<\/li><li>Presentaciones<\/li><li>Lanzamientos de productos<\/li><li>Comunicados de prensa<\/li><li>Libros electr\u00f3nicos<\/li><\/ul>\n\n\n\n<h3 class=\"wp-block-heading\">&nbsp;Traducciones de marketing en todas las lenguas<\/h3>\n\n\n\n<ul class=\"wp-block-list\"><li><a href=\"https:\/\/culturesconnection.com\/es\/traduccion-de-marketing-al-frances\/\">Traducci\u00f3n de marketing de franc\u00e9s<\/a><\/li><li><a href=\"https:\/\/culturesconnection.com\/es\/traduccion-de-marketing-de-ingles\/\">Traducci\u00f3n de marketing de ingl\u00e9s<\/a><\/li><li><a href=\"https:\/\/culturesconnection.com\/es\/traduccion-de-marketing-de-aleman\/\">Traducci\u00f3n de marketing de alem\u00e1n<\/a><\/li><li><a href=\"https:\/\/culturesconnection.com\/es\/traduccion-de-marketing-al-chino\/\">Traducci\u00f3n de marketing de chino<\/a><\/li><li><a href=\"https:\/\/culturesconnection.com\/es\/traduccion-de-marketing-de-portugues\/\">Traducci\u00f3n de marketing de portugu\u00e9s<\/a><\/li><li><a href=\"https:\/\/culturesconnection.com\/es\/traduccion-de-marketing-de-italiano\/\">Traducci\u00f3n de marketing de italiano<\/a><\/li><li><a href=\"https:\/\/culturesconnection.com\/es\/traduccion-de-marketing-de-neerlandes\/\">Traducci\u00f3n de marketing de neerland\u00e9s<\/a><\/li><li><a href=\"https:\/\/culturesconnection.com\/es\/traduccion-de-marketing-al-turco\/\">Traducci\u00f3n de marketing de turco<\/a><\/li><li><a href=\"https:\/\/culturesconnection.com\/es\/traduccion-de-marketing-de-japones\/\">Traducci\u00f3n de marketing de japon\u00e9s<\/a><\/li><li><a href=\"https:\/\/culturesconnection.com\/es\/traduccion-de-marketing-de-ruso\/\">Traducci\u00f3n de marketing de ruso<\/a><\/li><\/ul>\n","protected":false},"excerpt":{"rendered":"<p>CONF\u00cdENOS SU TRADUCCI\u00d3N DE MARKETING DE URDU La traducci\u00f3n de marketing puede ser un complejo ejercicio, porque en este campo no solo se traducen palabras, [&#8230;]<\/p>\n<p><a class=\"btn btn-secondary understrap-read-more-link\" href=\"https:\/\/culturesconnection.com\/es\/servicios-de-traduccion-urdu\/traduccion-de-marketing-al-urdu\/\">Leer m\u00e1s&#8230;<span class=\"screen-reader-text\"> from Traducci\u00f3n de marketing de urdu<\/span><\/a><\/p>\n","protected":false},"author":53,"featured_media":24337,"parent":12889,"menu_order":0,"comment_status":"closed","ping_status":"closed","template":"","meta":{"_acf_changed":false,"_editorskit_title_hidden":false,"_editorskit_reading_time":0,"_editorskit_is_block_options_detached":false,"_editorskit_block_options_position":"{}","footnotes":""},"class_list":["post-12884","page","type-page","status-publish","has-post-thumbnail","hentry"],"acf":[],"_links":{"self":[{"href":"https:\/\/culturesconnection.com\/es\/wp-json\/wp\/v2\/pages\/12884","targetHints":{"allow":["GET"]}}],"collection":[{"href":"https:\/\/culturesconnection.com\/es\/wp-json\/wp\/v2\/pages"}],"about":[{"href":"https:\/\/culturesconnection.com\/es\/wp-json\/wp\/v2\/types\/page"}],"author":[{"embeddable":true,"href":"https:\/\/culturesconnection.com\/es\/wp-json\/wp\/v2\/users\/53"}],"replies":[{"embeddable":true,"href":"https:\/\/culturesconnection.com\/es\/wp-json\/wp\/v2\/comments?post=12884"}],"version-history":[{"count":0,"href":"https:\/\/culturesconnection.com\/es\/wp-json\/wp\/v2\/pages\/12884\/revisions"}],"up":[{"embeddable":true,"href":"https:\/\/culturesconnection.com\/es\/wp-json\/wp\/v2\/pages\/12889"}],"wp:featuredmedia":[{"embeddable":true,"href":"https:\/\/culturesconnection.com\/es\/wp-json\/wp\/v2\/media\/24337"}],"wp:attachment":[{"href":"https:\/\/culturesconnection.com\/es\/wp-json\/wp\/v2\/media?parent=12884"}],"curies":[{"name":"wp","href":"https:\/\/api.w.org\/{rel}","templated":true}]}}