{"id":12881,"date":"2018-11-16T12:33:19","date_gmt":"2018-11-16T11:33:19","guid":{"rendered":"http:\/\/culturesconnection.com\/?page_id=12881"},"modified":"2022-06-25T03:36:40","modified_gmt":"2022-06-25T01:36:40","slug":"traduccion-comercial-de-urdu","status":"publish","type":"page","link":"https:\/\/culturesconnection.com\/es\/servicios-de-traduccion-urdu\/traduccion-comercial-de-urdu\/","title":{"rendered":"Traducci\u00f3n comercial de urdu"},"content":{"rendered":"\n<h2 class=\"wp-block-heading\">TRADUCCI\u00d3N COMERCIAL URDU-ESPA\u00d1OL: LA GARANT\u00cdA DE UNA EXITOSA EXPANSI\u00d3N A ESCALA INTERNACIONAL<\/h2>\n\n\n\n<p>Debido a la creciente globalizaci\u00f3n, la <a href=\"https:\/\/culturesconnection.com\/es\/traduccion-comercial\/\">traducci\u00f3n comercial<\/a> ocupa un lugar cada vez m\u00e1s importante en el mundo de la traducci\u00f3n, al igual que en el interior de&nbsp;<a href=\"https:\/\/culturesconnection.com\/es\/\">nuestra agencia<\/a>. En efecto, si desea desarrollar su empresa a escala internacional, debe recurrir a traductores especializados; ellos sabr\u00e1n satisfacer sus necesidades y estar\u00e1n presentes para acompa\u00f1arle en cada etapa. Nuestros traductores comerciales de urdu le garantizan una calidad y una precisi\u00f3n infalibles para sus traducciones comerciales.<\/p>\n\n\n\n<h2 class=\"wp-block-heading\">TRADUCTORES DE URDU A SU SERVICIO<\/h2>\n\n\n\n<p>Nuestra agencia trabaja en estrecha colaboraci\u00f3n con numerosos traductores especializados en la traducci\u00f3n comercial de urdu. Nuestros traductores son seleccionados seg\u00fan su experiencia en el \u00e1mbito comercial y seg\u00fan sus cualificaciones; las pruebas de sus conocimientos en el \u00e1mbito comercial y de su dominio de las particularidades de la traducci\u00f3n. Esta selecci\u00f3n nos permite proporcionar a nuestros clientes servicios de traducci\u00f3n fiables, r\u00e1pidos y de calidad que le ayudar\u00e1n a lo largo de sus futuros intercambios comerciales.<\/p>\n\n\n\n<h2 class=\"wp-block-heading\">SUS DOCUMENTOS COMERCIALES DE URDU<\/h2>\n\n\n\n<p>Los documentos comerciales son diversos y variados. A continuaci\u00f3n, le presentamos una lista con algunos ejemplos de traducciones desde y hacia el urdu:<\/p>\n\n\n\n<ul class=\"wp-block-list\"><li>Tarjetas de visita<\/li><li>Campa\u00f1as<\/li><li>Folletos<\/li><li>Panfletos<\/li><li>Cat\u00e1logos publicitarios<\/li><li>P\u00e1ginas web<\/li><li>Comunicados<\/li><li>Presentaciones<\/li><li>Cartas de informaci\u00f3n comercial<\/li><li>Soportes publicitarios<\/li><li>Publicidad<\/li><li>Estudios de mercado<\/li><li>Libro blanco<\/li><\/ul>\n\n\n\n<h3 class=\"wp-block-heading\">&nbsp;Traducci\u00f3n comercial en todos los idiomas<\/h3>\n\n\n\n<ul class=\"wp-block-list\"><li><a href=\"https:\/\/culturesconnection.com\/es\/traduccion-comercial-de-frances\/\">Traducciones comerciales de franc\u00e9s<\/a><\/li><li><a href=\"https:\/\/culturesconnection.com\/es\/traduccion-comercial-de-ingles\/\">Traducciones comerciales de ingl\u00e9s<\/a><\/li><li><a href=\"https:\/\/culturesconnection.com\/es\/traduccion-comercial-al-aleman\/\">Traducciones comerciales de alem\u00e1n<\/a><\/li><li><a href=\"https:\/\/culturesconnection.com\/es\/servicios-de-traduccion-comercial-de-chino\/\">Traducciones comerciales de chino<\/a><\/li><li><a href=\"https:\/\/culturesconnection.com\/es\/traduccion-comercial-al-arabe\/\">Traducciones comerciales de \u00e1rabe<\/a><\/li><li><a href=\"https:\/\/culturesconnection.com\/es\/traduccion-comercial-de-portugues\/\">Traducciones comerciales de portugu\u00e9s<\/a><\/li><li><a href=\"https:\/\/culturesconnection.com\/es\/traduccion-comercial-al-italiano\/\">Traducciones comerciales de italiano<\/a><\/li><li><a href=\"https:\/\/culturesconnection.com\/es\/traduccion-comercial-de-neerlandes\/\">Traducciones comerciales de neerland\u00e9s<\/a><\/li><li><a href=\"https:\/\/culturesconnection.com\/es\/traduccion-comercial-de-turco\/\">Traducciones comerciales de turco<\/a><\/li><li><a href=\"https:\/\/culturesconnection.com\/es\/traduccion-comercial-de-japones\/\">Traducciones comerciales de japon\u00e9s<\/a><\/li><li><a href=\"https:\/\/culturesconnection.com\/es\/traduccion-comercial-de-ruso\/\">Traducciones comerciales de ruso<\/a><\/li><\/ul>\n","protected":false},"excerpt":{"rendered":"<p>TRADUCCI\u00d3N COMERCIAL URDU-ESPA\u00d1OL: LA GARANT\u00cdA DE UNA EXITOSA EXPANSI\u00d3N A ESCALA INTERNACIONAL Debido a la creciente globalizaci\u00f3n, la traducci\u00f3n comercial ocupa un lugar cada vez [&#8230;]<\/p>\n<p><a class=\"btn btn-secondary understrap-read-more-link\" href=\"https:\/\/culturesconnection.com\/es\/servicios-de-traduccion-urdu\/traduccion-comercial-de-urdu\/\">Leer m\u00e1s&#8230;<span class=\"screen-reader-text\"> from Traducci\u00f3n comercial de urdu<\/span><\/a><\/p>\n","protected":false},"author":53,"featured_media":24337,"parent":12889,"menu_order":0,"comment_status":"closed","ping_status":"closed","template":"","meta":{"_acf_changed":false,"_editorskit_title_hidden":false,"_editorskit_reading_time":0,"_editorskit_is_block_options_detached":false,"_editorskit_block_options_position":"{}","footnotes":""},"class_list":["post-12881","page","type-page","status-publish","has-post-thumbnail","hentry"],"acf":[],"_links":{"self":[{"href":"https:\/\/culturesconnection.com\/es\/wp-json\/wp\/v2\/pages\/12881","targetHints":{"allow":["GET"]}}],"collection":[{"href":"https:\/\/culturesconnection.com\/es\/wp-json\/wp\/v2\/pages"}],"about":[{"href":"https:\/\/culturesconnection.com\/es\/wp-json\/wp\/v2\/types\/page"}],"author":[{"embeddable":true,"href":"https:\/\/culturesconnection.com\/es\/wp-json\/wp\/v2\/users\/53"}],"replies":[{"embeddable":true,"href":"https:\/\/culturesconnection.com\/es\/wp-json\/wp\/v2\/comments?post=12881"}],"version-history":[{"count":0,"href":"https:\/\/culturesconnection.com\/es\/wp-json\/wp\/v2\/pages\/12881\/revisions"}],"up":[{"embeddable":true,"href":"https:\/\/culturesconnection.com\/es\/wp-json\/wp\/v2\/pages\/12889"}],"wp:featuredmedia":[{"embeddable":true,"href":"https:\/\/culturesconnection.com\/es\/wp-json\/wp\/v2\/media\/24337"}],"wp:attachment":[{"href":"https:\/\/culturesconnection.com\/es\/wp-json\/wp\/v2\/media?parent=12881"}],"curies":[{"name":"wp","href":"https:\/\/api.w.org\/{rel}","templated":true}]}}