{"id":12670,"date":"2018-11-08T14:08:08","date_gmt":"2018-11-08T13:08:08","guid":{"rendered":"http:\/\/culturesconnection.com\/?page_id=12670"},"modified":"2022-06-25T03:33:01","modified_gmt":"2022-06-25T01:33:01","slug":"traduccion-cientifica-de-coreano","status":"publish","type":"page","link":"https:\/\/culturesconnection.com\/es\/servicios-de-traduccion-de-coreano\/traduccion-cientifica-de-coreano\/","title":{"rendered":"Traducci\u00f3n cient\u00edfica de coreano"},"content":{"rendered":"\n<h2 class=\"wp-block-heading\">TRADUCCI\u00d3N CIENT\u00cdFICA COREANO-ESPA\u00d1OL: EL RIGOR POR BANDERA<\/h2>\n\n\n\n<p>La <a href=\"https:\/\/culturesconnection.com\/es\/traduccion-cientifica\/\">traducci\u00f3n cient\u00edfica<\/a> es un \u00e1mbito complejo que exige una exactitud y un rigor esenciales. La terminolog\u00eda empleada en los documentos cient\u00edficos es muy t\u00e9cnica, por ello es primordial recurrir a traductores especializados en dicho \u00e1mbito que conozcan a la perfecci\u00f3n el vocabulario cient\u00edfico y las lenguas empleadas. Nuestra misi\u00f3n consiste en proporcionar a nuestros clientes traducciones realizadas por una amplia red de traductores de coreano espa\u00f1ol cualificados, experimentados y especializados en la traducci\u00f3n cient\u00edfica que trabajen en estrecha colaboraci\u00f3n con nuestra agencia de traducci\u00f3n.<\/p>\n\n\n\n<h2 class=\"wp-block-heading\">NUESTRA AGENCIA DE TRADUCCI\u00d3N<\/h2>\n\n\n\n<p>Para Cultures Connection, el hecho de proporcionar a nuestros clientes servicios de calidad, precisos, fiables y r\u00e1pidos es una cuesti\u00f3n de honor. Nosotros nos comprometemos a garantizarle el seguimiento completo de sus proyectos, desde el principio hasta el final. Somos conscientes de la importancia de la terminolog\u00eda en el \u00e1mbito de la traducci\u00f3n cient\u00edfica; por esta raz\u00f3n, creamos previamente un glosario personalizado para sus documentos con el objetivo de garantizarle la mayor fidelidad posible. La traducci\u00f3n cient\u00edfica est\u00e1 repleta de desaf\u00edos: es un \u00e1mbito de la traducci\u00f3n en el cual no se puede cometer ning\u00fan error, porque este podr\u00eda acarrear graves consecuencias. Nuestra <a href=\"https:\/\/culturesconnection.com\/es\/\">agencia<\/a> le propone servicios de traducci\u00f3n de calidad que responden a sus necesidades en materia de precisi\u00f3n y fidelidad al texto de origen.<\/p>\n\n\n\n<h2 class=\"wp-block-heading\">SUS DOCUMENTOS CIENT\u00cdFICOS DE COREANO<\/h2>\n\n\n\n<p>Nuestra oferta de servicios de traducci\u00f3n cient\u00edfica hacia el coreano es muy variada. A continuaci\u00f3n, le presentamos algunos ejemplos de documentos cient\u00edficos que traducimos con regularidad:<\/p>\n\n\n\n<ul class=\"wp-block-list\"><li>L\u00e9xicos, enciclopedias cient\u00edficas y glosarios<\/li><li>Documentos t\u00e9cnicos y art\u00edculos de investigaci\u00f3n<\/li><li>Manuales del operario y de usuario<\/li><li>Ensayos de laboratorio, procedimientos de ensayos<\/li><li>Documentos jur\u00eddicos, patentes y directivas<\/li><li>Pliegos de condiciones<\/li><li>Proyectos y estudios de mercado multipa\u00eds<\/li><li>Programas de simulaci\u00f3n (biotecnolog\u00eda, medio ambiente, rehabilitaci\u00f3n de \u00e1reas industriales)<\/li><li>Presentaciones multimedia y v\u00eddeos<\/li><li>Traducci\u00f3n y localizaci\u00f3n de p\u00e1ginas web<\/li><li>Traducci\u00f3n de instrucciones t\u00e9cnicas, presentaciones de congreso<\/li><\/ul>\n\n\n\n<h3 class=\"wp-block-heading\">&nbsp;Traducciones cient\u00edficas en todos los idiomas<\/h3>\n\n\n\n<ul class=\"wp-block-list\"><li><a href=\"https:\/\/culturesconnection.com\/es\/traduccion-cientifica-de-ingles\/\">Traducci\u00f3n cient\u00edfica de ingl\u00e9s<\/a><\/li><li><a href=\"https:\/\/culturesconnection.com\/es\/traduccion-cientifica-de-aleman\/\">Traducci\u00f3n cient\u00edfica de alem\u00e1n<\/a><\/li><li><a href=\"https:\/\/culturesconnection.com\/es\/servicios-de-traduccion-cientifica-de-chino\/\">Traducci\u00f3n cient\u00edfica de chino<\/a><\/li><li><a href=\"https:\/\/culturesconnection.com\/es\/traduccion-cientifica-de-arabe\/\">Traducci\u00f3n cient\u00edfica de \u00e1rabe<\/a><\/li><li><a href=\"https:\/\/culturesconnection.com\/es\/traduccion-cientifica-de-portugues\/\">Traducci\u00f3n cient\u00edfica de portugu\u00e9s<\/a><\/li><li><a href=\"https:\/\/culturesconnection.com\/es\/traduccion-cientifica-de-italiano\/\">Traducci\u00f3n cient\u00edfica de italiano<\/a><\/li><li><a href=\"https:\/\/culturesconnection.com\/es\/traduccion-cientifica-de-neerlandes\/\">Traducci\u00f3n cient\u00edfica de neerland\u00e9s<\/a><\/li><li><a href=\"https:\/\/culturesconnection.com\/es\/traduccion-cientifica-de-turco\/\">Traducci\u00f3n cient\u00edfica de turco<\/a><\/li><li><a href=\"https:\/\/culturesconnection.com\/es\/traduccion-cientifica-de-japones\/\">Traducci\u00f3n cient\u00edfica de japon\u00e9s<\/a><\/li><li><a href=\"https:\/\/culturesconnection.com\/es\/traduccion-cientifica-de-ruso\/\">Traducci\u00f3n cient\u00edfica de ruso<\/a><\/li><\/ul>\n","protected":false},"excerpt":{"rendered":"<p>TRADUCCI\u00d3N CIENT\u00cdFICA COREANO-ESPA\u00d1OL: EL RIGOR POR BANDERA La traducci\u00f3n cient\u00edfica es un \u00e1mbito complejo que exige una exactitud y un rigor esenciales. La terminolog\u00eda empleada [&#8230;]<\/p>\n<p><a class=\"btn btn-secondary understrap-read-more-link\" href=\"https:\/\/culturesconnection.com\/es\/servicios-de-traduccion-de-coreano\/traduccion-cientifica-de-coreano\/\">Leer m\u00e1s&#8230;<span class=\"screen-reader-text\"> from Traducci\u00f3n cient\u00edfica de coreano<\/span><\/a><\/p>\n","protected":false},"author":53,"featured_media":24337,"parent":10981,"menu_order":0,"comment_status":"closed","ping_status":"closed","template":"","meta":{"_acf_changed":false,"_editorskit_title_hidden":false,"_editorskit_reading_time":0,"_editorskit_is_block_options_detached":false,"_editorskit_block_options_position":"{}","footnotes":""},"class_list":["post-12670","page","type-page","status-publish","has-post-thumbnail","hentry"],"acf":[],"_links":{"self":[{"href":"https:\/\/culturesconnection.com\/es\/wp-json\/wp\/v2\/pages\/12670","targetHints":{"allow":["GET"]}}],"collection":[{"href":"https:\/\/culturesconnection.com\/es\/wp-json\/wp\/v2\/pages"}],"about":[{"href":"https:\/\/culturesconnection.com\/es\/wp-json\/wp\/v2\/types\/page"}],"author":[{"embeddable":true,"href":"https:\/\/culturesconnection.com\/es\/wp-json\/wp\/v2\/users\/53"}],"replies":[{"embeddable":true,"href":"https:\/\/culturesconnection.com\/es\/wp-json\/wp\/v2\/comments?post=12670"}],"version-history":[{"count":0,"href":"https:\/\/culturesconnection.com\/es\/wp-json\/wp\/v2\/pages\/12670\/revisions"}],"up":[{"embeddable":true,"href":"https:\/\/culturesconnection.com\/es\/wp-json\/wp\/v2\/pages\/10981"}],"wp:featuredmedia":[{"embeddable":true,"href":"https:\/\/culturesconnection.com\/es\/wp-json\/wp\/v2\/media\/24337"}],"wp:attachment":[{"href":"https:\/\/culturesconnection.com\/es\/wp-json\/wp\/v2\/media?parent=12670"}],"curies":[{"name":"wp","href":"https:\/\/api.w.org\/{rel}","templated":true}]}}