{"id":12666,"date":"2018-11-12T17:31:09","date_gmt":"2018-11-12T16:31:09","guid":{"rendered":"http:\/\/culturesconnection.com\/?page_id=12666"},"modified":"2022-06-25T03:30:49","modified_gmt":"2022-06-25T01:30:49","slug":"traduccion-de-videojuegos-al-coreano","status":"publish","type":"page","link":"https:\/\/culturesconnection.com\/es\/servicios-de-traduccion-de-coreano\/traduccion-de-videojuegos-al-coreano\/","title":{"rendered":"Traducci\u00f3n de videojuegos de coreano"},"content":{"rendered":"\n<h2 class=\"wp-block-heading\">TRADUCCI\u00d3N DE VIDEOJUEGOS DE COREANO<\/h2>\n\n\n\n<p>La cultura del videojuego es muy importante en Corea, y la disciplina est\u00e1 considerada como deporte nacional. Por ello, si desea desarrollar un nuevo videojuego en este pa\u00eds, es fundamental que su traducci\u00f3n sea de la mayor calidad posible. Los jugadores coreanos apreciar\u00e1n mucho el hecho de poder jugar en su lengua materna comprendiendo todas las intrigas y respuestas del videojuego. Es por tanto muy importante que recurra a traductores especializados en este \u00e1mbito, para que realicen la mejor localizaci\u00f3n posible gracias a sus amplios conocimientos sobre la cultura meta.<\/p>\n\n\n\n<h2 class=\"wp-block-heading\">LOCALICE SUS VIDEOJUEGOS DE COREANO<\/h2>\n\n\n\n<p>La red de traductores con la que trabaja nuestra agencia de traducci\u00f3n le ofrece verdaderos profesionales especializados en la <a href=\"https:\/\/culturesconnection.com\/es\/traduccion-localizacion-videojuegos\/\">localizaci\u00f3n de videojuegos<\/a> de coreano, que conocen su trabajo a la perfecci\u00f3n porque, generalmente, ellos mismos sienten pasi\u00f3n por este sector y tienen una amplia experiencia que les permite llevar a cabo todo el proceso de localizaci\u00f3n. En efecto, la traducci\u00f3n de videojuegos consta de diferentes etapas, que ocupan desde la traducci\u00f3n pura y dura del guion, hasta la adaptaci\u00f3n cultural de la interfaz o incluso de los soportes de comunicaci\u00f3n. En Cultures Connection somos conscientes de la importancia de la traducci\u00f3n de sus soportes, por ello le ofrecemos servicios de traducci\u00f3n de calidad gracias a nuestros especialistas en videojuegos.<\/p>\n\n\n\n<h2 class=\"wp-block-heading\">NUESTROS SERVICIOS DE TRADUCCI\u00d3N DE VIDEOJUEGOS<\/h2>\n\n\n\n<p>A continuaci\u00f3n, le presentamos algunos ejemplos de servicios de traducci\u00f3n y de localizaci\u00f3n que ofrece nuestra <a href=\"https:\/\/culturesconnection.com\/es\/\">agencia de traducci\u00f3n<\/a>:<\/p>\n\n\n\n<ul class=\"wp-block-list\"><li>Traducci\u00f3n de videojuegos<\/li><li>Localizaci\u00f3n de videojuegos<\/li><li>Gesti\u00f3n de proyectos<\/li><li>Subtitulaci\u00f3n<\/li><li>Grabaci\u00f3n y doblaje<\/li><li>Control de calidad<\/li><\/ul>\n\n\n\n<h3 class=\"wp-block-heading\">&nbsp;Traducci\u00f3n de videojuegos en todos los idiomas<\/h3>\n\n\n\n<ul class=\"wp-block-list\"><li><a href=\"https:\/\/culturesconnection.com\/es\/traduccion-de-videojuegos-al-ingles\/\">Traducci\u00f3n de videojuegos de ingl\u00e9s<\/a><\/li><li><a href=\"https:\/\/culturesconnection.com\/es\/traduccion-de-videojuegos-al-frances\/\">Traducci\u00f3n de videojuegos de franc\u00e9s<\/a><\/li><li><a href=\"https:\/\/culturesconnection.com\/es\/traduccion-de-videojuegos-al-aleman\/\">Traducci\u00f3n de videojuegos de alem\u00e1n<\/a><\/li><li><a href=\"https:\/\/culturesconnection.com\/es\/servicios-de-traduccion-de-videojuegos-al-chino\/\">Traducci\u00f3n de videojuegos de chino<\/a><\/li><li><a href=\"https:\/\/culturesconnection.com\/es\/traduccion-de-videojuegos-al-arabe\/\">Traducci\u00f3n de videojuegos de \u00e1rabe<\/a><\/li><li><a href=\"https:\/\/culturesconnection.com\/es\/traduccion-de-videojuegos-al-portugues\/\">Traducci\u00f3n de videojuegos de portugu\u00e9s<\/a><\/li><li><a href=\"https:\/\/culturesconnection.com\/es\/servicios-de-traduccion-de-videojuegos-al-neerlandes\/\">Traducci\u00f3n de videojuegos de neerland\u00e9s<\/a><\/li><li><a href=\"https:\/\/culturesconnection.com\/es\/traduccion-de-videojuegos-al-turco\/\">Traducci\u00f3n de videojuegos de turco<\/a><\/li><li><a href=\"https:\/\/culturesconnection.com\/es\/traduccion-de-videojuegos-al-japones\/\">Traducci\u00f3n de videojuegos de japon\u00e9s<\/a><\/li><li><a href=\"https:\/\/culturesconnection.com\/es\/traduccion-de-videojuegos-al-ruso\/\">Traducci\u00f3n de videojuegos de ruso<\/a><\/li><\/ul>\n","protected":false},"excerpt":{"rendered":"<p>TRADUCCI\u00d3N DE VIDEOJUEGOS DE COREANO La cultura del videojuego es muy importante en Corea, y la disciplina est\u00e1 considerada como deporte nacional. Por ello, si [&#8230;]<\/p>\n<p><a class=\"btn btn-secondary understrap-read-more-link\" href=\"https:\/\/culturesconnection.com\/es\/servicios-de-traduccion-de-coreano\/traduccion-de-videojuegos-al-coreano\/\">Leer m\u00e1s&#8230;<span class=\"screen-reader-text\"> from Traducci\u00f3n de videojuegos de coreano<\/span><\/a><\/p>\n","protected":false},"author":53,"featured_media":24337,"parent":10981,"menu_order":0,"comment_status":"closed","ping_status":"closed","template":"","meta":{"_acf_changed":false,"_editorskit_title_hidden":false,"_editorskit_reading_time":0,"_editorskit_is_block_options_detached":false,"_editorskit_block_options_position":"{}","footnotes":""},"class_list":["post-12666","page","type-page","status-publish","has-post-thumbnail","hentry"],"acf":[],"_links":{"self":[{"href":"https:\/\/culturesconnection.com\/es\/wp-json\/wp\/v2\/pages\/12666","targetHints":{"allow":["GET"]}}],"collection":[{"href":"https:\/\/culturesconnection.com\/es\/wp-json\/wp\/v2\/pages"}],"about":[{"href":"https:\/\/culturesconnection.com\/es\/wp-json\/wp\/v2\/types\/page"}],"author":[{"embeddable":true,"href":"https:\/\/culturesconnection.com\/es\/wp-json\/wp\/v2\/users\/53"}],"replies":[{"embeddable":true,"href":"https:\/\/culturesconnection.com\/es\/wp-json\/wp\/v2\/comments?post=12666"}],"version-history":[{"count":0,"href":"https:\/\/culturesconnection.com\/es\/wp-json\/wp\/v2\/pages\/12666\/revisions"}],"up":[{"embeddable":true,"href":"https:\/\/culturesconnection.com\/es\/wp-json\/wp\/v2\/pages\/10981"}],"wp:featuredmedia":[{"embeddable":true,"href":"https:\/\/culturesconnection.com\/es\/wp-json\/wp\/v2\/media\/24337"}],"wp:attachment":[{"href":"https:\/\/culturesconnection.com\/es\/wp-json\/wp\/v2\/media?parent=12666"}],"curies":[{"name":"wp","href":"https:\/\/api.w.org\/{rel}","templated":true}]}}