{"id":12664,"date":"2018-11-12T16:22:42","date_gmt":"2018-11-12T15:22:42","guid":{"rendered":"http:\/\/culturesconnection.com\/?page_id=12664"},"modified":"2022-06-25T03:32:35","modified_gmt":"2022-06-25T01:32:35","slug":"traduccion-de-paginas-web-al-coreano","status":"publish","type":"page","link":"https:\/\/culturesconnection.com\/es\/servicios-de-traduccion-de-coreano\/traduccion-de-paginas-web-al-coreano\/","title":{"rendered":"Traducci\u00f3n de p\u00e1ginas web de coreano"},"content":{"rendered":"\n<h2 class=\"wp-block-heading\">TRADUCCI\u00d3N DE P\u00c1GINAS WEB DE COREANO: \u00a1L\u00c1NCESE A LA CONQUISTA DE OTROS MERCADOS!<\/h2>\n\n\n\n<p>Actualmente, gracias al universo de internet, es mucho m\u00e1s simple expandir su empresa a escala internacional; pero es necesario hacerlo de la manera adecuada, ya que su sitio web es, generalmente, la primera imagen que sus clientes tienen de su empresa. Por ello, es crucial recurrir a servicios de traducci\u00f3n de calidad, que le proporcionar\u00e1n una traducci\u00f3n completa y \u00f3ptima de su sitio web. Sus futuros clientes coreanos valorar\u00e1n mucho que traduzca su p\u00e1gina web a su lengua materna en lugar de traducirla a la lengua universal: el ingl\u00e9s. Por esta raz\u00f3n, la elecci\u00f3n de un traductor profesional especializado tambi\u00e9n es fundamental para la traducci\u00f3n de su p\u00e1gina web al coreano.<\/p>\n\n\n\n<h2 class=\"wp-block-heading\">NUESTRA EMPRESA DE TRADUCCI\u00d3N DE P\u00c1GINAS WEB<\/h2>\n\n\n\n<p>Cultures Connection es una <a href=\"https:\/\/culturesconnection.com\/es\/\">agencia de traducci\u00f3n<\/a> que le acompa\u00f1a durante la internacionalizaci\u00f3n de su empresa, proporcion\u00e1ndole traductores de p\u00e1ginas web coreanos especializados en dicho \u00e1mbito. Estos traductores dominan a la perfecci\u00f3n las herramientas digitales y el vocabulario adaptado al mercado meta, y tambi\u00e9n conocen las diferencias culturales que se han de tener en cuenta para adaptar su sitio web al pa\u00eds meta. Recurra a nuestra agencia de traducci\u00f3n y a nuestra red de traductores profesionales para <a href=\"https:\/\/culturesconnection.com\/es\/traduccion-sitios-web\/\">traducir su p\u00e1gina web<\/a> al coreano.<\/p>\n\n\n\n<h2 class=\"wp-block-heading\">TRADUCCI\u00d3N DE SU P\u00c1GINA WEB DE COREANO<\/h2>\n\n\n\n<p>A continuaci\u00f3n, le presentamos algunas traducciones al coreano de las que Cultures Connection se ocupa con regularidad:<\/p>\n\n\n\n<ul class=\"wp-block-list\"><li>Contenido web<\/li><li>P\u00e1ginas de comercio electr\u00f3nico<\/li><li>Aplicaciones para m\u00f3viles<\/li><li>Plataformas de comercio<\/li><li>Fichas de informaci\u00f3n de productos<\/li><\/ul>\n\n\n\n<h3 class=\"wp-block-heading\">&nbsp;Traducci\u00f3n de p\u00e1ginas web en todos los idiomas<\/h3>\n\n\n\n<ul class=\"wp-block-list\"><li><a href=\"https:\/\/culturesconnection.com\/es\/traduccion-de-paginas-web-al-ingles\/\">Traducci\u00f3n de p\u00e1ginas web de ingl\u00e9s<\/a><\/li><li><a href=\"https:\/\/culturesconnection.com\/es\/traduccion-de-paginas-web-al-frances\/\">Traducci\u00f3n de p\u00e1ginas web de franc\u00e9s<\/a><\/li><li><a href=\"https:\/\/culturesconnection.com\/es\/servicios-de-traduccion-de-paginas-web-al-aleman\/\">Traducci\u00f3n de p\u00e1ginas web de alem\u00e1n<\/a><\/li><li><a href=\"https:\/\/culturesconnection.com\/es\/traduccion-de-paginas-web-al-chino\/\">Traducci\u00f3n de p\u00e1ginas web de chino<\/a><\/li><li><a href=\"https:\/\/culturesconnection.com\/es\/traduccion-de-paginas-web-al-arabe\/\">Traducci\u00f3n de p\u00e1ginas web de \u00e1rabe<\/a><\/li><li><a href=\"https:\/\/culturesconnection.com\/es\/traduccion-de-paginas-web-al-portugues\/\">Traducci\u00f3n de p\u00e1ginas web de portugu\u00e9s<\/a><\/li><li><a href=\"https:\/\/culturesconnection.com\/es\/traduccion-de-paginas-web-al-neerlandes\/\">Traducci\u00f3n de p\u00e1ginas web de neerland\u00e9s<\/a><\/li><li><a href=\"https:\/\/culturesconnection.com\/es\/traduccion-de-paginas-web-al-turco\/\">Traducci\u00f3n de p\u00e1ginas web de turco<\/a><\/li><li><a href=\"https:\/\/culturesconnection.com\/es\/traduccion-de-paginas-web-al-japones\/\">Traducci\u00f3n de p\u00e1ginas web de japon\u00e9s<\/a><\/li><li><a href=\"https:\/\/culturesconnection.com\/es\/traduccion-de-paginas-web-al-ruso\/\">Traducci\u00f3n de p\u00e1ginas web de ruso<\/a><\/li><\/ul>\n","protected":false},"excerpt":{"rendered":"<p>TRADUCCI\u00d3N DE P\u00c1GINAS WEB DE COREANO: \u00a1L\u00c1NCESE A LA CONQUISTA DE OTROS MERCADOS! Actualmente, gracias al universo de internet, es mucho m\u00e1s simple expandir su [&#8230;]<\/p>\n<p><a class=\"btn btn-secondary understrap-read-more-link\" href=\"https:\/\/culturesconnection.com\/es\/servicios-de-traduccion-de-coreano\/traduccion-de-paginas-web-al-coreano\/\">Leer m\u00e1s&#8230;<span class=\"screen-reader-text\"> from Traducci\u00f3n de p\u00e1ginas web de coreano<\/span><\/a><\/p>\n","protected":false},"author":53,"featured_media":24337,"parent":10981,"menu_order":0,"comment_status":"closed","ping_status":"closed","template":"","meta":{"_acf_changed":false,"_editorskit_title_hidden":false,"_editorskit_reading_time":0,"_editorskit_is_block_options_detached":false,"_editorskit_block_options_position":"{}","footnotes":""},"class_list":["post-12664","page","type-page","status-publish","has-post-thumbnail","hentry"],"acf":[],"_links":{"self":[{"href":"https:\/\/culturesconnection.com\/es\/wp-json\/wp\/v2\/pages\/12664","targetHints":{"allow":["GET"]}}],"collection":[{"href":"https:\/\/culturesconnection.com\/es\/wp-json\/wp\/v2\/pages"}],"about":[{"href":"https:\/\/culturesconnection.com\/es\/wp-json\/wp\/v2\/types\/page"}],"author":[{"embeddable":true,"href":"https:\/\/culturesconnection.com\/es\/wp-json\/wp\/v2\/users\/53"}],"replies":[{"embeddable":true,"href":"https:\/\/culturesconnection.com\/es\/wp-json\/wp\/v2\/comments?post=12664"}],"version-history":[{"count":0,"href":"https:\/\/culturesconnection.com\/es\/wp-json\/wp\/v2\/pages\/12664\/revisions"}],"up":[{"embeddable":true,"href":"https:\/\/culturesconnection.com\/es\/wp-json\/wp\/v2\/pages\/10981"}],"wp:featuredmedia":[{"embeddable":true,"href":"https:\/\/culturesconnection.com\/es\/wp-json\/wp\/v2\/media\/24337"}],"wp:attachment":[{"href":"https:\/\/culturesconnection.com\/es\/wp-json\/wp\/v2\/media?parent=12664"}],"curies":[{"name":"wp","href":"https:\/\/api.w.org\/{rel}","templated":true}]}}