{"id":12209,"date":"2018-11-05T15:50:44","date_gmt":"2018-11-05T14:50:44","guid":{"rendered":"http:\/\/culturesconnection.com\/?page_id=12209"},"modified":"2022-06-25T03:34:01","modified_gmt":"2022-06-25T01:34:01","slug":"traduccion-audiovisual-de-coreano","status":"publish","type":"page","link":"https:\/\/culturesconnection.com\/es\/servicios-de-traduccion-de-coreano\/traduccion-audiovisual-de-coreano\/","title":{"rendered":"Traducci\u00f3n audiovisual de coreano"},"content":{"rendered":"\n<h2 class=\"wp-block-heading\">TRADUCCI\u00d3N AUDIOVISUAL COREANO-ESPA\u00d1OL<\/h2>\n\n\n\n<p>La <a href=\"https:\/\/culturesconnection.com\/es\/traduccion-audiovisual\/\">traducci\u00f3n audiovisual<\/a> es un \u00e1mbito de la traducci\u00f3n que ha cobrado importancia de manera significativa en los \u00faltimos a\u00f1os. Este \u00e1mbito abarca desde la traducci\u00f3n de una pel\u00edcula destinada al gran p\u00fablico hasta la traducci\u00f3n de un anuncio publicitario o de un v\u00eddeo destinado a un uso empresarial. Cultures Connection propone un gran abanico de servicios de traducci\u00f3n audiovisual de coreano, como subtitulaci\u00f3n, doblaje, voz en <em>off <\/em>o <em>voice-over<\/em>. Este tipo de traducci\u00f3n requiere ciertas competencias espec\u00edficas, principalmente ling\u00fc\u00edsticas y t\u00e9cnicas.<\/p>\n\n\n\n<h2 class=\"wp-block-heading\">TRADUCCI\u00d3N AUDIOVISUAL DE COREANO<\/h2>\n\n\n\n<p>El \u00e1mbito de la traducci\u00f3n audiovisual y, concretamente, el de la subtitulaci\u00f3n, es muy t\u00e9cnico. Por ello, solamente los traductores profesionales pueden dominarlo a la perfecci\u00f3n. Ellos son los \u00fanicos capaces de proporcionar traducciones de calidad. La precisi\u00f3n y el rigor son valores esenciales para un traductor audiovisual, puesto que debe conseguir que el texto se adapte a las restricciones de tiempo mientras presta atenci\u00f3n al n\u00famero de caracteres, caso que se da, por ejemplo, en la subtitulaci\u00f3n. En lo que respecta al doblaje, tambi\u00e9n es necesario prestar atenci\u00f3n al movimiento de los labios. Por ello, el trabajo del traductor audiovisual va m\u00e1s all\u00e1 de la simple traducci\u00f3n de palabras. Confiar en nuestra <a href=\"https:\/\/culturesconnection.com\/es\/\">agencia de traducci\u00f3n<\/a> para llevar a cabo sus traducciones audiovisuales de coreano es escoger la precisi\u00f3n y calidad de traductores experimentados y especializados.<\/p>\n\n\n\n<h2 class=\"wp-block-heading\">SUS RECURSOS AUDIOVISUALES DE COREANO<\/h2>\n\n\n\n<p>A continuaci\u00f3n, le presentamos una lista no exhaustiva de traducciones de recursos audiovisuales que hemos llevado a cabo en nuestra agencia:<\/p>\n\n\n\n<ul class=\"wp-block-list\"><li>Subtitulaci\u00f3n de pel\u00edculas<\/li><li>V\u00eddeos comerciales y publicitarios<\/li><li>V\u00eddeos institucionales<\/li><li>Documentales<\/li><li>Subtitulaci\u00f3n de videojuegos<\/li><li>V\u00eddeos corporativos<\/li><\/ul>\n\n\n\n<h3 class=\"wp-block-heading\"><img decoding=\"async\" src=\"https:\/\/upload.wikimedia.org\/wikipedia\/commons\/thumb\/8\/8d\/U%2B2192.svg\/25px-U%2B2192.svg.png\" alt=\"U + 2192.svg\"><strong>&nbsp;Servicios de traducci\u00f3n audiovisual en todos los idiomas<\/strong><\/h3>\n\n\n\n<ul class=\"wp-block-list\"><li><a href=\"https:\/\/culturesconnection.com\/es\/traduccion-audiovisual-en-ingles\/\">Servicios de traducci\u00f3n audiovisual de ingl\u00e9s<\/a><\/li><li><a href=\"https:\/\/culturesconnection.com\/es\/traduccion-audiovisual-al-frances\/\">Servicios de traducci\u00f3n audiovisual de franc\u00e9s<\/a><\/li><li><a href=\"https:\/\/culturesconnection.com\/es\/traduccion-audiovisual-en-aleman\/\">Servicios de traducci\u00f3n audiovisual de alem\u00e1n<\/a><\/li><li><a href=\"https:\/\/culturesconnection.com\/es\/traduccion-audiovisual-de-chino\/\">Servicios de traducci\u00f3n audiovisual de chino<\/a><\/li><li><a href=\"https:\/\/culturesconnection.com\/es\/traduccion-audiovisual-en-arabe\/\">Servicios de traducci\u00f3n audiovisual de \u00e1rabe<\/a><\/li><li><a href=\"https:\/\/culturesconnection.com\/es\/traduccion-audiovisual-de-portugues\/\">Servicios de traducci\u00f3n audiovisual de portugu\u00e9s<\/a><\/li><li><a href=\"https:\/\/culturesconnection.com\/es\/traduccion-audiovisual-en-italiano\/\">Servicios de traducci\u00f3n audiovisual de italiano<\/a><\/li><li><a href=\"https:\/\/culturesconnection.com\/es\/traduccion-audiovisual-de-neerlandes\/\">Servicios de traducci\u00f3n audiovisual de neerland\u00e9s<\/a><\/li><li><a href=\"https:\/\/culturesconnection.com\/es\/traduccion-audiovisual-de-japones\/\">Servicios de traducci\u00f3n audiovisual de japon\u00e9s<\/a><\/li><li><a href=\"https:\/\/culturesconnection.com\/es\/traduccion-audiovisual-de-ruso\/\">Servicios de traducci\u00f3n audiovisual de ruso<\/a><\/li><\/ul>\n","protected":false},"excerpt":{"rendered":"<p>TRADUCCI\u00d3N AUDIOVISUAL COREANO-ESPA\u00d1OL La traducci\u00f3n audiovisual es un \u00e1mbito de la traducci\u00f3n que ha cobrado importancia de manera significativa en los \u00faltimos a\u00f1os. Este \u00e1mbito [&#8230;]<\/p>\n<p><a class=\"btn btn-secondary understrap-read-more-link\" href=\"https:\/\/culturesconnection.com\/es\/servicios-de-traduccion-de-coreano\/traduccion-audiovisual-de-coreano\/\">Leer m\u00e1s&#8230;<span class=\"screen-reader-text\"> from Traducci\u00f3n audiovisual de coreano<\/span><\/a><\/p>\n","protected":false},"author":53,"featured_media":24337,"parent":10981,"menu_order":0,"comment_status":"closed","ping_status":"closed","template":"","meta":{"_acf_changed":false,"_editorskit_title_hidden":false,"_editorskit_reading_time":0,"_editorskit_is_block_options_detached":false,"_editorskit_block_options_position":"{}","footnotes":""},"class_list":["post-12209","page","type-page","status-publish","has-post-thumbnail","hentry"],"acf":[],"_links":{"self":[{"href":"https:\/\/culturesconnection.com\/es\/wp-json\/wp\/v2\/pages\/12209","targetHints":{"allow":["GET"]}}],"collection":[{"href":"https:\/\/culturesconnection.com\/es\/wp-json\/wp\/v2\/pages"}],"about":[{"href":"https:\/\/culturesconnection.com\/es\/wp-json\/wp\/v2\/types\/page"}],"author":[{"embeddable":true,"href":"https:\/\/culturesconnection.com\/es\/wp-json\/wp\/v2\/users\/53"}],"replies":[{"embeddable":true,"href":"https:\/\/culturesconnection.com\/es\/wp-json\/wp\/v2\/comments?post=12209"}],"version-history":[{"count":0,"href":"https:\/\/culturesconnection.com\/es\/wp-json\/wp\/v2\/pages\/12209\/revisions"}],"up":[{"embeddable":true,"href":"https:\/\/culturesconnection.com\/es\/wp-json\/wp\/v2\/pages\/10981"}],"wp:featuredmedia":[{"embeddable":true,"href":"https:\/\/culturesconnection.com\/es\/wp-json\/wp\/v2\/media\/24337"}],"wp:attachment":[{"href":"https:\/\/culturesconnection.com\/es\/wp-json\/wp\/v2\/media?parent=12209"}],"curies":[{"name":"wp","href":"https:\/\/api.w.org\/{rel}","templated":true}]}}