{"id":11661,"date":"2018-10-15T13:26:06","date_gmt":"2018-10-15T11:26:06","guid":{"rendered":"http:\/\/culturesconnection.com\/?page_id=11661"},"modified":"2022-07-29T15:09:46","modified_gmt":"2022-07-29T13:09:46","slug":"traduccion-cientifica-de-portugues","status":"publish","type":"page","link":"https:\/\/culturesconnection.com\/es\/servicios-de-traduccion-de-portugues\/traduccion-cientifica-de-portugues\/","title":{"rendered":"Traducci\u00f3n cient\u00edfica de portugu\u00e9s"},"content":{"rendered":"\n<h2 class=\"wp-block-heading\">Especialistas de la traducci\u00f3n cient\u00edfica portugu\u00e9s-espa\u00f1ol a su servicio<\/h2>\n\n\n\n<p>A la hora de confiar una traducci\u00f3n cient\u00edfica a una agencia de traducci\u00f3n, es primordial que se asegure de que esta atribuir\u00e1 su proyecto a los profesionales m\u00e1s adecuados. Todos los documentos cient\u00edficos contienen una terminolog\u00eda espec\u00edfica, ya trate sobre biotecnolog\u00eda, sobre manipulaci\u00f3n de ADN o sobre biodiversidad. Si desea obtener unos resultados infalibles, su proyecto tendr\u00e1 que estar en las manos de un experto en traducci\u00f3n cient\u00edfica desde o hacia el portugu\u00e9s. No busque m\u00e1s al traductor perfecto: \u00a1se encuentra en nuestra agencia! Nuestro trabajo consiste en seleccionar al mejor traductor cient\u00edfico y acompa\u00f1arle desde la recepci\u00f3n de sus documentos hasta su entrega.<\/p>\n\n\n\n<h2 class=\"wp-block-heading\">Nuestra empresa de traducci\u00f3n<\/h2>\n\n\n\n<p>Nuestra <a href=\"https:\/\/culturesconnection.com\/es\/\">agencia de traducci\u00f3n<\/a> le propone los servicios de numerosos traductores portugu\u00e9s-espa\u00f1ol y espa\u00f1ol-portugu\u00e9s, expertos en traducci\u00f3n cient\u00edfica. Por otra parte, nuestro gestor de proyectos se encargar\u00e1 de hacer el seguimiento y de que el proyecto se efect\u00fae \u00f3ptimamente. Antes de que el traductor comience a trabajar, se efect\u00faa una b\u00fasqueda terminol\u00f3gica profunda con el fin de entregar al cliente una traducci\u00f3n de gran calidad. Sabemos que una sola palabra puede tener muchas traducciones, por ello nos preocupamos por que nuestros colaboradores siempre encuentren el t\u00e9rmino exacto seg\u00fan el contexto pertinente. Estamos en contacto permanente con nuestros clientes y tenemos a nuestra disposici\u00f3n obras de referencia para llevar a cabo la tarea que nos incumbe. Cultures Connection le garantiza <a href=\"https:\/\/culturesconnection.com\/es\/servicios-de-traduccion\/\">servicios de traducci\u00f3n<\/a> de gran calidad.<\/p>\n\n\n\n<h2 class=\"wp-block-heading\">Sus documentos cient\u00edficos de portugu\u00e9s<\/h2>\n\n\n\n<p>Las <a href=\"https:\/\/culturesconnection.com\/es\/traduccion-cientifica\/\">traducciones cient\u00edficas<\/a> que nos conf\u00edan nuestros clientes son numerosas. He aqu\u00ed algunos ejemplos de documentos que traducimos a diario desde y hacia el portugu\u00e9s:<\/p>\n\n\n\n<ul class=\"wp-block-list\"><li>L\u00e9xicos, enciclopedias cient\u00edficas y glosarios<\/li><li>Documentos t\u00e9cnicos y art\u00edculos de investigaci\u00f3n<\/li><li>Manuales del operario y de usuario<\/li><li>Ensayos de laboratorio, procedimientos de ensayos<\/li><li>Documentos jur\u00eddicos, patentes y directivas<\/li><li>Pliegos de condiciones<\/li><li>Proyectos y estudios de mercado multipa\u00eds<\/li><li>Programas de simulaci\u00f3n (biotecnolog\u00eda, medio ambiente, rehabilitaci\u00f3n de \u00e1reas industriales)<\/li><li>Presentaciones multimedia y v\u00eddeos<\/li><li>Traducci\u00f3n y localizaci\u00f3n de p\u00e1ginas web<\/li><li>Traducci\u00f3n de instrucciones t\u00e9cnicas, presentaciones de congreso<\/li><\/ul>\n","protected":false},"excerpt":{"rendered":"<p>Especialistas de la traducci\u00f3n cient\u00edfica portugu\u00e9s-espa\u00f1ol a su servicio A la hora de confiar una traducci\u00f3n cient\u00edfica a una agencia de traducci\u00f3n, es primordial que [&#8230;]<\/p>\n<p><a class=\"btn btn-secondary understrap-read-more-link\" href=\"https:\/\/culturesconnection.com\/es\/servicios-de-traduccion-de-portugues\/traduccion-cientifica-de-portugues\/\">Leer m\u00e1s&#8230;<span class=\"screen-reader-text\"> from Traducci\u00f3n cient\u00edfica de portugu\u00e9s<\/span><\/a><\/p>\n","protected":false},"author":53,"featured_media":24337,"parent":11576,"menu_order":0,"comment_status":"closed","ping_status":"closed","template":"","meta":{"_acf_changed":false,"_editorskit_title_hidden":false,"_editorskit_reading_time":1,"_editorskit_is_block_options_detached":false,"_editorskit_block_options_position":"{}","footnotes":""},"class_list":["post-11661","page","type-page","status-publish","has-post-thumbnail","hentry"],"acf":[],"_links":{"self":[{"href":"https:\/\/culturesconnection.com\/es\/wp-json\/wp\/v2\/pages\/11661","targetHints":{"allow":["GET"]}}],"collection":[{"href":"https:\/\/culturesconnection.com\/es\/wp-json\/wp\/v2\/pages"}],"about":[{"href":"https:\/\/culturesconnection.com\/es\/wp-json\/wp\/v2\/types\/page"}],"author":[{"embeddable":true,"href":"https:\/\/culturesconnection.com\/es\/wp-json\/wp\/v2\/users\/53"}],"replies":[{"embeddable":true,"href":"https:\/\/culturesconnection.com\/es\/wp-json\/wp\/v2\/comments?post=11661"}],"version-history":[{"count":0,"href":"https:\/\/culturesconnection.com\/es\/wp-json\/wp\/v2\/pages\/11661\/revisions"}],"up":[{"embeddable":true,"href":"https:\/\/culturesconnection.com\/es\/wp-json\/wp\/v2\/pages\/11576"}],"wp:featuredmedia":[{"embeddable":true,"href":"https:\/\/culturesconnection.com\/es\/wp-json\/wp\/v2\/media\/24337"}],"wp:attachment":[{"href":"https:\/\/culturesconnection.com\/es\/wp-json\/wp\/v2\/media?parent=11661"}],"curies":[{"name":"wp","href":"https:\/\/api.w.org\/{rel}","templated":true}]}}