{"id":11656,"date":"2018-10-09T15:58:31","date_gmt":"2018-10-09T13:58:31","guid":{"rendered":"http:\/\/culturesconnection.com\/?page_id=11656"},"modified":"2022-07-29T15:11:28","modified_gmt":"2022-07-29T13:11:28","slug":"traduccion-de-paginas-web-al-portugues","status":"publish","type":"page","link":"https:\/\/culturesconnection.com\/es\/servicios-de-traduccion-de-portugues\/traduccion-de-paginas-web-al-portugues\/","title":{"rendered":"Traducci\u00f3n de p\u00e1ginas web de portugu\u00e9s"},"content":{"rendered":"\n<h2 class=\"wp-block-heading\">Traducci\u00f3n de p\u00e1ginas web de portugu\u00e9s: visibilidad global<\/h2>\n\n\n\n<p>\u00bfDesea que su empresa atraiga a nueva clientela? \u00bfLe interesa Portugal o Brasil? En ese caso, \u00a1plant\u00e9ese traducir su p\u00e1gina web al portugu\u00e9s! Se trata de una etapa inevitable para conseguir que sus ventas en tales pa\u00edses aumenten. Aunque el ingl\u00e9s est\u00e9 considerado actualmente como lengua franca, los internautas siempre prefieren acceder a la informaci\u00f3n en su lengua materna. Aunque esto sea sorprendente, los clientes potenciales se dejan tentar con m\u00e1s facilidad por productos y servicios presentados en sus propias lenguas. De esta manera, el servicio que su empresa le proponga estar\u00e1 m\u00e1s personalizado, y ellos apreciar\u00e1n sin duda alguna su esfuerzo.<\/p>\n\n\n\n<h2 class=\"wp-block-heading\">Conf\u00edenos la traducci\u00f3n de su p\u00e1gina web<\/h2>\n\n\n\n<p>En Cultures Connection, nuestros traductores portugu\u00e9s-espa\u00f1ol y espa\u00f1ol-portugu\u00e9s, revisores y gestores de proyectos tienen una amplia experiencia en la traducci\u00f3n de p\u00e1ginas web. Puede confiar en nuestra <a href=\"https:\/\/culturesconnection.com\/es\/\">agencia de traducci\u00f3n<\/a>, traduciremos su contenido lo mas fielmente posible y lo adaptaremos a las culturas portuguesa y brasile\u00f1a. \u00a1Esta iniciativa puede ayudarle a conseguir miles de clientes potenciales! Se trata de un atributo importante, principalmente si su empresa es de comercio electr\u00f3nico. Garantice el \u00e9xito de su p\u00e1gina web en el extranjero recurriendo a nuestros <a href=\"https:\/\/culturesconnection.com\/es\/servicios-de-traduccion\/\">servicios de traducci\u00f3n<\/a>.<\/p>\n\n\n\n<h2 class=\"wp-block-heading\">Su p\u00e1gina web traducida de portugu\u00e9s<\/h2>\n\n\n\n<p>Estamos especializados en la <a href=\"https:\/\/culturesconnection.com\/es\/traduccion-sitios-web\/\">traducci\u00f3n de p\u00e1ginas web<\/a> en portugu\u00e9s de:<\/p>\n\n\n\n<ul class=\"wp-block-list\"><li>Contenido web<\/li><li>P\u00e1ginas web de comercio electr\u00f3nico<\/li><li>Aplicaciones m\u00f3viles<\/li><li>Plataformas de Trading<\/li><li>Fichas t\u00e9cnicas<\/li><\/ul>\n\n\n\n<p>Estos proyectos pueden pertenecer a numerosos sectores: moda, belleza, turismo, qu\u00edmica, alimentaci\u00f3n, salud, econom\u00eda, finanzas&#8230; Tambi\u00e9n ofrecemos servicios de redacci\u00f3n de contenido SEO.<\/p>\n","protected":false},"excerpt":{"rendered":"<p>Traducci\u00f3n de p\u00e1ginas web de portugu\u00e9s: visibilidad global \u00bfDesea que su empresa atraiga a nueva clientela? \u00bfLe interesa Portugal o Brasil? En ese caso, \u00a1plant\u00e9ese [&#8230;]<\/p>\n<p><a class=\"btn btn-secondary understrap-read-more-link\" href=\"https:\/\/culturesconnection.com\/es\/servicios-de-traduccion-de-portugues\/traduccion-de-paginas-web-al-portugues\/\">Leer m\u00e1s&#8230;<span class=\"screen-reader-text\"> from Traducci\u00f3n de p\u00e1ginas web de portugu\u00e9s<\/span><\/a><\/p>\n","protected":false},"author":53,"featured_media":24337,"parent":11576,"menu_order":0,"comment_status":"closed","ping_status":"closed","template":"","meta":{"_acf_changed":false,"_editorskit_title_hidden":false,"_editorskit_reading_time":1,"_editorskit_is_block_options_detached":false,"_editorskit_block_options_position":"{}","footnotes":""},"class_list":["post-11656","page","type-page","status-publish","has-post-thumbnail","hentry"],"acf":[],"_links":{"self":[{"href":"https:\/\/culturesconnection.com\/es\/wp-json\/wp\/v2\/pages\/11656","targetHints":{"allow":["GET"]}}],"collection":[{"href":"https:\/\/culturesconnection.com\/es\/wp-json\/wp\/v2\/pages"}],"about":[{"href":"https:\/\/culturesconnection.com\/es\/wp-json\/wp\/v2\/types\/page"}],"author":[{"embeddable":true,"href":"https:\/\/culturesconnection.com\/es\/wp-json\/wp\/v2\/users\/53"}],"replies":[{"embeddable":true,"href":"https:\/\/culturesconnection.com\/es\/wp-json\/wp\/v2\/comments?post=11656"}],"version-history":[{"count":0,"href":"https:\/\/culturesconnection.com\/es\/wp-json\/wp\/v2\/pages\/11656\/revisions"}],"up":[{"embeddable":true,"href":"https:\/\/culturesconnection.com\/es\/wp-json\/wp\/v2\/pages\/11576"}],"wp:featuredmedia":[{"embeddable":true,"href":"https:\/\/culturesconnection.com\/es\/wp-json\/wp\/v2\/media\/24337"}],"wp:attachment":[{"href":"https:\/\/culturesconnection.com\/es\/wp-json\/wp\/v2\/media?parent=11656"}],"curies":[{"name":"wp","href":"https:\/\/api.w.org\/{rel}","templated":true}]}}