{"id":11653,"date":"2018-10-15T12:48:30","date_gmt":"2018-10-15T10:48:30","guid":{"rendered":"http:\/\/culturesconnection.com\/?page_id=11653"},"modified":"2022-06-22T21:51:44","modified_gmt":"2022-06-22T19:51:44","slug":"traduccion-de-videojuegos-al-portugues","status":"publish","type":"page","link":"https:\/\/culturesconnection.com\/es\/servicios-de-traduccion-de-portugues\/traduccion-de-videojuegos-al-portugues\/","title":{"rendered":"Traducci\u00f3n de videojuegos de portugu\u00e9s"},"content":{"rendered":"\n<h2 class=\"wp-block-heading\">Nuestros servicios de traducci\u00f3n de videojuegos de portugu\u00e9s<\/h2>\n\n\n\n<p>\u00bfQuiere que ciudadanos brasile\u00f1os y portugueses puedan disfrutar de su videojuego? \u00a1Traspase las fronteras y l\u00e1ncese a la conquista! <a href=\"https:\/\/culturesconnection.com\/es\/\">Cultures Connection<\/a> le permite optimizar la experiencia de sus jugadores ofreci\u00e9ndole <a href=\"https:\/\/culturesconnection.com\/es\/servicios-de-traduccion\/\">servicios de traducci\u00f3n<\/a> de videojuegos al portugu\u00e9s. La demanda de programas de entretenimiento est\u00e1 creciendo en el mercado internacional, por ello es esencial tener en cuenta la importancia de la <a href=\"https:\/\/culturesconnection.com\/es\/traduccion-localizacion-videojuegos\/\">traducci\u00f3n y localizaci\u00f3n de sus juegos<\/a>. No espere m\u00e1s: \u00a1conf\u00edenos su proyecto!<\/p>\n\n\n\n<h2 class=\"wp-block-heading\">Nuestra agencia de traducci\u00f3n<\/h2>\n\n\n\n<p>Nuestra agencia de traducci\u00f3n se encarga de su proyecto desde el principio hasta el final. Nuestro trabajo consiste en poner en contacto a traductores y desarrolladores con el fin de ayudar y facilitar el trabajo a los primeros. De este modo, el resultado de la traducci\u00f3n es de una calidad irreprochable. Contamos con una amplia red de contactos compuesta por traductores de videojuegos de portugu\u00e9s. Todos han sido escogidos seg\u00fan sus diplomas, competencias y experiencia. Adem\u00e1s, han sido sometidos a una serie de pruebas para proporcionar a nuestros clientes traducciones de una calidad irreprochable.<\/p>\n\n\n\n<h2 class=\"wp-block-heading\">Sus videojuegos de portugu\u00e9s<\/h2>\n\n\n\n<p>Proponemos diferentes prestaciones para satisfacer todas sus necesidades y las de su mercado objetivo:<\/p>\n\n\n\n<ul class=\"wp-block-list\"><li>Traducci\u00f3n de videojuegos<\/li><li>Localizaci\u00f3n de videojuegos<\/li><li>Gesti\u00f3n de proyectos<\/li><li>Subtitulaci\u00f3n<\/li><li>Grabaci\u00f3n y doblaje<\/li><li>Control de calidad<\/li><\/ul>\n","protected":false},"excerpt":{"rendered":"<p>Nuestros servicios de traducci\u00f3n de videojuegos de portugu\u00e9s \u00bfQuiere que ciudadanos brasile\u00f1os y portugueses puedan disfrutar de su videojuego? \u00a1Traspase las fronteras y l\u00e1ncese a [&#8230;]<\/p>\n<p><a class=\"btn btn-secondary understrap-read-more-link\" href=\"https:\/\/culturesconnection.com\/es\/servicios-de-traduccion-de-portugues\/traduccion-de-videojuegos-al-portugues\/\">Leer m\u00e1s&#8230;<span class=\"screen-reader-text\"> from Traducci\u00f3n de videojuegos de portugu\u00e9s<\/span><\/a><\/p>\n","protected":false},"author":53,"featured_media":24337,"parent":11576,"menu_order":0,"comment_status":"closed","ping_status":"closed","template":"","meta":{"_acf_changed":false,"_editorskit_title_hidden":false,"_editorskit_reading_time":0,"_editorskit_is_block_options_detached":false,"_editorskit_block_options_position":"{}","footnotes":""},"class_list":["post-11653","page","type-page","status-publish","has-post-thumbnail","hentry"],"acf":[],"_links":{"self":[{"href":"https:\/\/culturesconnection.com\/es\/wp-json\/wp\/v2\/pages\/11653","targetHints":{"allow":["GET"]}}],"collection":[{"href":"https:\/\/culturesconnection.com\/es\/wp-json\/wp\/v2\/pages"}],"about":[{"href":"https:\/\/culturesconnection.com\/es\/wp-json\/wp\/v2\/types\/page"}],"author":[{"embeddable":true,"href":"https:\/\/culturesconnection.com\/es\/wp-json\/wp\/v2\/users\/53"}],"replies":[{"embeddable":true,"href":"https:\/\/culturesconnection.com\/es\/wp-json\/wp\/v2\/comments?post=11653"}],"version-history":[{"count":0,"href":"https:\/\/culturesconnection.com\/es\/wp-json\/wp\/v2\/pages\/11653\/revisions"}],"up":[{"embeddable":true,"href":"https:\/\/culturesconnection.com\/es\/wp-json\/wp\/v2\/pages\/11576"}],"wp:featuredmedia":[{"embeddable":true,"href":"https:\/\/culturesconnection.com\/es\/wp-json\/wp\/v2\/media\/24337"}],"wp:attachment":[{"href":"https:\/\/culturesconnection.com\/es\/wp-json\/wp\/v2\/media?parent=11653"}],"curies":[{"name":"wp","href":"https:\/\/api.w.org\/{rel}","templated":true}]}}