{"id":11640,"date":"2018-10-09T10:59:02","date_gmt":"2018-10-09T08:59:02","guid":{"rendered":"http:\/\/culturesconnection.com\/?page_id=11640"},"modified":"2022-06-22T23:15:13","modified_gmt":"2022-06-22T21:15:13","slug":"traduccion-de-videojuegos-al-ruso","status":"publish","type":"page","link":"https:\/\/culturesconnection.com\/es\/servicios-de-traduccion-de-ruso\/traduccion-de-videojuegos-al-ruso\/","title":{"rendered":"Traducci\u00f3n de videojuegos de ruso"},"content":{"rendered":"\n<h2 class=\"wp-block-heading\">Traducci\u00f3n de videojuegos de ruso<\/h2>\n\n\n\n<p>Cuando juegan a un videojuego, los jugadores rusos prefieren que est\u00e9 en su lengua materna para poder comprender las r\u00e9plicas y sutilezas del videojuego. De esta manera, pueden adentrarse en ese mundo virtual y optimizar su experiencia de juego. La traducci\u00f3n de sus videojuegos al ruso es una etapa esencial para su difusi\u00f3n. El trabajo de adaptaci\u00f3n debe ser llevado a cabo por personas competentes que posean experiencia en este \u00e1mbito y que conozcan a la perfecci\u00f3n la cultura del mercado en el cual desea lanzar su videojuego. Para que la localizaci\u00f3n del mismo tenga \u00e9xito, esta debe corresponder con la cultura local.<\/p>\n\n\n\n<h2 class=\"wp-block-heading\">La localizaci\u00f3n de sus videojuegos de ruso<\/h2>\n\n\n\n<p>Nuestra&nbsp;<a href=\"https:\/\/culturesconnection.com\/es\/\">agencia de traducci\u00f3n<\/a>&nbsp;cuenta con verdaderos especialistas en la localizaci\u00f3n de videojuegos al ruso. Nuestros localizadores pertenecen a este mercado y son unos apasionados de los videojuegos. Y deben serlo, porque, adem\u00e1s de traducir el contenido del guion, deben ocuparse de la interfaz y del material de comunicaci\u00f3n. Nosotros no nos conformamos con traducir sus videojuegos al ruso, los adaptamos a la cultura local manteniendo el sentido original que el desarrollador ha querido aportar a su videojuego. Recurrir a nuestros servicios, es asegurarse de obtener unos <a href=\"https:\/\/culturesconnection.com\/es\/servicios-de-traduccion\/\">servicios de traducci\u00f3n<\/a> hechos a la perfecci\u00f3n por expertos en la materia.<\/p>\n\n\n\n<h2 class=\"wp-block-heading\">Nuestros servicios de localizaci\u00f3n de videojuegos<\/h2>\n\n\n\n<p>Los <a href=\"https:\/\/culturesconnection.com\/es\/traduccion-localizacion-videojuegos\/\">servicios de traducci\u00f3n y localizaci\u00f3n<\/a> que ofrecemos son los siguientes:<\/p>\n\n\n\n<ul class=\"wp-block-list\"><li>Traducci\u00f3n de videojuegos<\/li><li>Localizaci\u00f3n de videojuegos<\/li><li>Gesti\u00f3n de proyectos<\/li><li>Subtitulaci\u00f3n<\/li><li>Grabaci\u00f3n y doblaje<\/li><li>Control de calidad<\/li><\/ul>\n","protected":false},"excerpt":{"rendered":"<p>Traducci\u00f3n de videojuegos de ruso Cuando juegan a un videojuego, los jugadores rusos prefieren que est\u00e9 en su lengua materna para poder comprender las r\u00e9plicas [&#8230;]<\/p>\n<p><a class=\"btn btn-secondary understrap-read-more-link\" href=\"https:\/\/culturesconnection.com\/es\/servicios-de-traduccion-de-ruso\/traduccion-de-videojuegos-al-ruso\/\">Leer m\u00e1s&#8230;<span class=\"screen-reader-text\"> from Traducci\u00f3n de videojuegos de ruso<\/span><\/a><\/p>\n","protected":false},"author":53,"featured_media":24337,"parent":11580,"menu_order":0,"comment_status":"closed","ping_status":"closed","template":"","meta":{"_acf_changed":false,"_editorskit_title_hidden":false,"_editorskit_reading_time":0,"_editorskit_is_block_options_detached":false,"_editorskit_block_options_position":"{}","footnotes":""},"class_list":["post-11640","page","type-page","status-publish","has-post-thumbnail","hentry"],"acf":[],"_links":{"self":[{"href":"https:\/\/culturesconnection.com\/es\/wp-json\/wp\/v2\/pages\/11640","targetHints":{"allow":["GET"]}}],"collection":[{"href":"https:\/\/culturesconnection.com\/es\/wp-json\/wp\/v2\/pages"}],"about":[{"href":"https:\/\/culturesconnection.com\/es\/wp-json\/wp\/v2\/types\/page"}],"author":[{"embeddable":true,"href":"https:\/\/culturesconnection.com\/es\/wp-json\/wp\/v2\/users\/53"}],"replies":[{"embeddable":true,"href":"https:\/\/culturesconnection.com\/es\/wp-json\/wp\/v2\/comments?post=11640"}],"version-history":[{"count":0,"href":"https:\/\/culturesconnection.com\/es\/wp-json\/wp\/v2\/pages\/11640\/revisions"}],"up":[{"embeddable":true,"href":"https:\/\/culturesconnection.com\/es\/wp-json\/wp\/v2\/pages\/11580"}],"wp:featuredmedia":[{"embeddable":true,"href":"https:\/\/culturesconnection.com\/es\/wp-json\/wp\/v2\/media\/24337"}],"wp:attachment":[{"href":"https:\/\/culturesconnection.com\/es\/wp-json\/wp\/v2\/media?parent=11640"}],"curies":[{"name":"wp","href":"https:\/\/api.w.org\/{rel}","templated":true}]}}