{"id":11588,"date":"2018-10-08T15:10:02","date_gmt":"2018-10-08T13:10:02","guid":{"rendered":"http:\/\/culturesconnection.com\/?page_id=11588"},"modified":"2022-07-29T15:34:53","modified_gmt":"2022-07-29T13:34:53","slug":"traduccion-de-paginas-web-al-ruso","status":"publish","type":"page","link":"https:\/\/culturesconnection.com\/es\/servicios-de-traduccion-de-ruso\/traduccion-de-paginas-web-al-ruso\/","title":{"rendered":"Traducci\u00f3n de p\u00e1ginas web de ruso"},"content":{"rendered":"\n<h2 class=\"wp-block-heading\">Servicios de traducci\u00f3n profesional de p\u00e1ginas web de ruso: nuevos mercados al alcance de su mano<\/h2>\n\n\n\n<p>Actualmente, el mundo de internet ofrece muchas posibilidades para abrirse al mundo y expandir su negocio de manera internacional. Todo comienza con su p\u00e1gina web, una ventana a su negocio. Para que esta alcance a un mayor n\u00famero de p\u00fablico, es esencial que lo traduzca y optimice a las lenguas de los mercados objetivos. Si desea vender sus productos o servicios en Rusia, traduzca su web al ruso. Sin embargo, debe tener cuidado escogiendo a su traductor. Una mala traducci\u00f3n puede ser perjudicial para su imagen, del mismo modo que una buena traducci\u00f3n puede beneficiar a su empresa. Nuestra <a href=\"https:\/\/culturesconnection.com\/es\/\">agencia de traducci\u00f3n<\/a> cuenta con los traductores que est\u00e1 buscando.<\/p>\n\n\n\n<h2 class=\"wp-block-heading\">Nuestra agencia de servicios de traducci\u00f3n<\/h2>\n\n\n\n<p>Cultures Connection le ayuda a desarrollar su empresa garantiz\u00e1ndole una traducci\u00f3n de calidad de su p\u00e1gina web. \u00bfC\u00f3mo puede estar seguro? Independientemente del <a href=\"https:\/\/culturesconnection.com\/es\/traduccion-sitios-web\/\">servicio de traducci\u00f3n<\/a> que necesite, solamente trabajamos con traductores que pertenecen al mercado objetivo y cuentan con una experiencia significativa en este \u00e1mbito. No solo traducen contenido, tambi\u00e9n adaptan los aspectos culturales de su texto y los aspectos visuales de su p\u00e1gina. \u00bfBusca un traductor de ruso especializado en la traducci\u00f3n de p\u00e1ginas web? Cultures Connection es la empresa de <a href=\"https:\/\/culturesconnection.com\/es\/traduccion-de-paginas-web-al-frances\/\">localizaci\u00f3n de p\u00e1ginas web<\/a> que necesita.<\/p>\n\n\n\n<h2 class=\"wp-block-heading\">Servicios de traducci\u00f3n de contenido web de ruso<\/h2>\n\n\n\n<p>Cultures Connection traduce muchos tipos de contenido web. He aqu\u00ed algunos ejemplos:<\/p>\n\n\n\n<ul class=\"wp-block-list\"><li>Contenido web<\/li><li>P\u00e1ginas web de comercio electr\u00f3nico<\/li><li>Aplicaciones m\u00f3viles<\/li><li>Plataformas de Trading<\/li><li>Fichas t\u00e9cnicas<\/li><\/ul>\n","protected":false},"excerpt":{"rendered":"<p>Servicios de traducci\u00f3n profesional de p\u00e1ginas web de ruso: nuevos mercados al alcance de su mano Actualmente, el mundo de internet ofrece muchas posibilidades para [&#8230;]<\/p>\n<p><a class=\"btn btn-secondary understrap-read-more-link\" href=\"https:\/\/culturesconnection.com\/es\/servicios-de-traduccion-de-ruso\/traduccion-de-paginas-web-al-ruso\/\">Leer m\u00e1s&#8230;<span class=\"screen-reader-text\"> from Traducci\u00f3n de p\u00e1ginas web de ruso<\/span><\/a><\/p>\n","protected":false},"author":22,"featured_media":24337,"parent":11580,"menu_order":0,"comment_status":"closed","ping_status":"closed","template":"","meta":{"_acf_changed":false,"_editorskit_title_hidden":false,"_editorskit_reading_time":1,"_editorskit_is_block_options_detached":false,"_editorskit_block_options_position":"{}","footnotes":""},"class_list":["post-11588","page","type-page","status-publish","has-post-thumbnail","hentry"],"acf":[],"_links":{"self":[{"href":"https:\/\/culturesconnection.com\/es\/wp-json\/wp\/v2\/pages\/11588","targetHints":{"allow":["GET"]}}],"collection":[{"href":"https:\/\/culturesconnection.com\/es\/wp-json\/wp\/v2\/pages"}],"about":[{"href":"https:\/\/culturesconnection.com\/es\/wp-json\/wp\/v2\/types\/page"}],"author":[{"embeddable":true,"href":"https:\/\/culturesconnection.com\/es\/wp-json\/wp\/v2\/users\/22"}],"replies":[{"embeddable":true,"href":"https:\/\/culturesconnection.com\/es\/wp-json\/wp\/v2\/comments?post=11588"}],"version-history":[{"count":0,"href":"https:\/\/culturesconnection.com\/es\/wp-json\/wp\/v2\/pages\/11588\/revisions"}],"up":[{"embeddable":true,"href":"https:\/\/culturesconnection.com\/es\/wp-json\/wp\/v2\/pages\/11580"}],"wp:featuredmedia":[{"embeddable":true,"href":"https:\/\/culturesconnection.com\/es\/wp-json\/wp\/v2\/media\/24337"}],"wp:attachment":[{"href":"https:\/\/culturesconnection.com\/es\/wp-json\/wp\/v2\/media?parent=11588"}],"curies":[{"name":"wp","href":"https:\/\/api.w.org\/{rel}","templated":true}]}}