{"id":11587,"date":"2018-10-08T15:36:21","date_gmt":"2018-10-08T13:36:21","guid":{"rendered":"http:\/\/culturesconnection.com\/?page_id=11587"},"modified":"2022-06-18T03:01:55","modified_gmt":"2022-06-18T01:01:55","slug":"traduccion-tecnica-de-ruso","status":"publish","type":"page","link":"https:\/\/culturesconnection.com\/es\/servicios-de-traduccion-de-ruso\/traduccion-tecnica-de-ruso\/","title":{"rendered":"Traducci\u00f3n T\u00e9cnica de Ruso"},"content":{"rendered":"\n<h2 class=\"wp-block-heading\">Ponemos a especialistas de la traducci\u00f3n comercial espa\u00f1ol-ruso a su servicio<\/h2>\n\n\n\n<p>Con la globalizaci\u00f3n, las empresas est\u00e1n aumentando el uso de servicios de <a href=\"https:\/\/culturesconnection.com\/es\/\">agencias de traducci\u00f3n<\/a>. La traducci\u00f3n t\u00e9cnica se ha convertido en una necesidad para compa\u00f1\u00edas que desean establecerse en otros mercados exportando sus productos de manera internacional. La traducci\u00f3n de documentos t\u00e9cnicos es compleja y requiere, principalmente, unos conocimientos muy profundos sobre terminolog\u00eda t\u00e9cnica, que son necesarios para comprender el funcionamiento de los productos. Por lo tanto, los traductores deben poseer conocimientos ling\u00fc\u00edsticos y t\u00e9cnicos avanzados con el objetivo de proporcionar una traducci\u00f3n del texto original clara y precisa.<\/p>\n\n\n\n<h2 class=\"wp-block-heading\">Nuestra agencia de traducci\u00f3n t\u00e9cnica<\/h2>\n\n\n\n<p>Cultures Connection ha seleccionado cuidadosamente a los traductores t\u00e9cnicos de ruso con los que trabaja seg\u00fan sus cualificaciones y experiencia. Estos cuentan con una experiencia basada en estudios o en una carrera profesional en la industria t\u00e9cnica. Adem\u00e1s de habilidades ling\u00fc\u00edsticas en ruso y espa\u00f1ol y de pr\u00e1ctica en traducci\u00f3n, tambi\u00e9n cuentan con habilidades t\u00e9cnicas. Para proporcionarle la mejor calidad, solo traducen a su lengua materna, independientemente del tipo de <a href=\"https:\/\/culturesconnection.com\/es\/servicios-de-traduccion\/\">servicio de traducci\u00f3n<\/a>&nbsp;que provean. Este campo de especializaci\u00f3n abarca muchas ramas como la industria, la ingenier\u00eda, el petr\u00f3leo, el acero, la energ\u00eda solar, \u00a1y muchas m\u00e1s!<\/p>\n\n\n\n<h2 class=\"wp-block-heading\">Traducci\u00f3n de documentos t\u00e9cnicos de ruso<\/h2>\n\n\n\n<p>Nuestra agencia de servicios ling\u00fc\u00edsticos traduce una gran variedad de documentos t\u00e9cnicos. He aqu\u00ed algunos ejemplos de <a href=\"https:\/\/culturesconnection.com\/es\/traduccion-tecnica\/\">traducciones t\u00e9cnicas<\/a> que nuestra agencia de traducci\u00f3n ha llevado a cabo:<\/p>\n\n\n\n<ul class=\"wp-block-list\"><li>Presupuestos<\/li><li>Textos sobre ingenier\u00eda<\/li><li>Manuales de instrucciones de herramientas mec\u00e1nicas (o de cualquier otro tipo de herramienta)<\/li><li>Descripciones de productos y fichas t\u00e9cnicas<\/li><li>Normas<\/li><li>Pliegos de condiciones<\/li><li>Patentes t\u00e9cnicas<\/li><li>Manuales t\u00e9cnicos<\/li><li>Manuales de instrucciones<\/li><li>Gu\u00edas de usuario<\/li><\/ul>\n","protected":false},"excerpt":{"rendered":"<p>Ponemos a especialistas de la traducci\u00f3n comercial espa\u00f1ol-ruso a su servicio Con la globalizaci\u00f3n, las empresas est\u00e1n aumentando el uso de servicios de agencias de [&#8230;]<\/p>\n<p><a class=\"btn btn-secondary understrap-read-more-link\" href=\"https:\/\/culturesconnection.com\/es\/servicios-de-traduccion-de-ruso\/traduccion-tecnica-de-ruso\/\">Leer m\u00e1s&#8230;<span class=\"screen-reader-text\"> from Traducci\u00f3n T\u00e9cnica de Ruso<\/span><\/a><\/p>\n","protected":false},"author":22,"featured_media":24337,"parent":11580,"menu_order":0,"comment_status":"closed","ping_status":"closed","template":"","meta":{"_acf_changed":false,"_editorskit_title_hidden":false,"_editorskit_reading_time":0,"_editorskit_is_block_options_detached":false,"_editorskit_block_options_position":"{}","footnotes":""},"class_list":["post-11587","page","type-page","status-publish","has-post-thumbnail","hentry"],"acf":[],"_links":{"self":[{"href":"https:\/\/culturesconnection.com\/es\/wp-json\/wp\/v2\/pages\/11587","targetHints":{"allow":["GET"]}}],"collection":[{"href":"https:\/\/culturesconnection.com\/es\/wp-json\/wp\/v2\/pages"}],"about":[{"href":"https:\/\/culturesconnection.com\/es\/wp-json\/wp\/v2\/types\/page"}],"author":[{"embeddable":true,"href":"https:\/\/culturesconnection.com\/es\/wp-json\/wp\/v2\/users\/22"}],"replies":[{"embeddable":true,"href":"https:\/\/culturesconnection.com\/es\/wp-json\/wp\/v2\/comments?post=11587"}],"version-history":[{"count":0,"href":"https:\/\/culturesconnection.com\/es\/wp-json\/wp\/v2\/pages\/11587\/revisions"}],"up":[{"embeddable":true,"href":"https:\/\/culturesconnection.com\/es\/wp-json\/wp\/v2\/pages\/11580"}],"wp:featuredmedia":[{"embeddable":true,"href":"https:\/\/culturesconnection.com\/es\/wp-json\/wp\/v2\/media\/24337"}],"wp:attachment":[{"href":"https:\/\/culturesconnection.com\/es\/wp-json\/wp\/v2\/media?parent=11587"}],"curies":[{"name":"wp","href":"https:\/\/api.w.org\/{rel}","templated":true}]}}