{"id":11586,"date":"2018-10-08T10:17:23","date_gmt":"2018-10-08T08:17:23","guid":{"rendered":"http:\/\/culturesconnection.com\/?page_id=11586"},"modified":"2022-06-21T23:11:20","modified_gmt":"2022-06-21T21:11:20","slug":"traduccion-audiovisual-de-ruso","status":"publish","type":"page","link":"https:\/\/culturesconnection.com\/es\/servicios-de-traduccion-de-ruso\/traduccion-audiovisual-de-ruso\/","title":{"rendered":"Traducci\u00f3n audiovisual de ruso"},"content":{"rendered":"\n<h2 class=\"wp-block-heading\">Servicios de traducci\u00f3n audiovisual de ruso<\/h2>\n\n\n\n<p>Los servicios de traducci\u00f3n audiovisual se emplean con frecuencia en el cine, la televisi\u00f3n, o incluso en el mundo de los negocios. Con la globalizaci\u00f3n, este \u00e1mbito de la traducci\u00f3n es cada vez m\u00e1s importante. Dependiendo de c\u00f3mo desee emplear su material audiovisual, nuestra <a href=\"https:\/\/culturesconnection.com\/es\/\">agencia de traducci\u00f3n<\/a> ofrece servicios de subtitulaci\u00f3n, doblaje y voice-over en ruso. Para llevar a cabo dichos servicios, se necesitan habilidades ling\u00fc\u00edsticas y t\u00e9cnicas.<\/p>\n\n\n\n<h2 class=\"wp-block-heading\">\u00bfEst\u00e1 buscando una agencia de traducci\u00f3n audiovisual?<\/h2>\n\n\n\n<p>Este campo es muy t\u00e9cnico. Solo un traductor competente podr\u00e1 realizar subt\u00edtulos de calidad en ruso. Es una tarea arriesgada porque es necesario adaptar el texto a las limitaciones de espacio y de tiempo impuestas por las im\u00e1genes. Para efectuar el voice-over, tendr\u00e1 que adaptar el sonido con la imagen; y, para el doblaje, adem\u00e1s de esto, tendr\u00e1 que adaptar el texto al movimiento de los labios. Por esta raz\u00f3n, no solamente se ha de contar con habilidades ling\u00fc\u00edsticas para llevar a cabo esta tarea. Para realizar sus subt\u00edtulos en ruso, puede contar con nuestros <a href=\"https:\/\/culturesconnection.com\/es\/servicios-de-traduccion\/\">servicios de traducci\u00f3n<\/a>. El hecho de ser tan exigentes con nosotros mismos nos permite proporcionar a nuestros clientes un trabajo preciso y de calidad.<\/p>\n\n\n\n<h2 class=\"wp-block-heading\">Su material audiovisual de ruso<\/h2>\n\n\n\n<p>Cultures Connection ofrece <a href=\"https:\/\/culturesconnection.com\/es\/traduccion-audiovisual\/\">servicios audiovisuales<\/a> para varios tipos de material audiovisual. He aqu\u00ed varios ejemplos de traducciones que nuestra agencia de traducci\u00f3n ha realizado previamente.<\/p>\n\n\n\n<ul class=\"wp-block-list\"><li>V\u00eddeos comerciales y publicitarios<\/li><li>V\u00eddeos corporativos<\/li><li>V\u00eddeos institucionales<\/li><li>Audios<\/li><li>Documentales<\/li><li>Videojuegos<\/li><\/ul>\n","protected":false},"excerpt":{"rendered":"<p>Servicios de traducci\u00f3n audiovisual de ruso Los servicios de traducci\u00f3n audiovisual se emplean con frecuencia en el cine, la televisi\u00f3n, o incluso en el mundo [&#8230;]<\/p>\n<p><a class=\"btn btn-secondary understrap-read-more-link\" href=\"https:\/\/culturesconnection.com\/es\/servicios-de-traduccion-de-ruso\/traduccion-audiovisual-de-ruso\/\">Leer m\u00e1s&#8230;<span class=\"screen-reader-text\"> from Traducci\u00f3n audiovisual de ruso<\/span><\/a><\/p>\n","protected":false},"author":22,"featured_media":24337,"parent":11580,"menu_order":0,"comment_status":"closed","ping_status":"closed","template":"","meta":{"_acf_changed":false,"_editorskit_title_hidden":false,"_editorskit_reading_time":0,"_editorskit_is_block_options_detached":false,"_editorskit_block_options_position":"{}","footnotes":""},"class_list":["post-11586","page","type-page","status-publish","has-post-thumbnail","hentry"],"acf":[],"_links":{"self":[{"href":"https:\/\/culturesconnection.com\/es\/wp-json\/wp\/v2\/pages\/11586","targetHints":{"allow":["GET"]}}],"collection":[{"href":"https:\/\/culturesconnection.com\/es\/wp-json\/wp\/v2\/pages"}],"about":[{"href":"https:\/\/culturesconnection.com\/es\/wp-json\/wp\/v2\/types\/page"}],"author":[{"embeddable":true,"href":"https:\/\/culturesconnection.com\/es\/wp-json\/wp\/v2\/users\/22"}],"replies":[{"embeddable":true,"href":"https:\/\/culturesconnection.com\/es\/wp-json\/wp\/v2\/comments?post=11586"}],"version-history":[{"count":0,"href":"https:\/\/culturesconnection.com\/es\/wp-json\/wp\/v2\/pages\/11586\/revisions"}],"up":[{"embeddable":true,"href":"https:\/\/culturesconnection.com\/es\/wp-json\/wp\/v2\/pages\/11580"}],"wp:featuredmedia":[{"embeddable":true,"href":"https:\/\/culturesconnection.com\/es\/wp-json\/wp\/v2\/media\/24337"}],"wp:attachment":[{"href":"https:\/\/culturesconnection.com\/es\/wp-json\/wp\/v2\/media?parent=11586"}],"curies":[{"name":"wp","href":"https:\/\/api.w.org\/{rel}","templated":true}]}}