{"id":11583,"date":"2018-10-08T16:47:38","date_gmt":"2018-10-08T14:47:38","guid":{"rendered":"http:\/\/culturesconnection.com\/?page_id=11583"},"modified":"2022-06-19T18:44:21","modified_gmt":"2022-06-19T16:44:21","slug":"traduccion-juridica-de-ruso","status":"publish","type":"page","link":"https:\/\/culturesconnection.com\/es\/servicios-de-traduccion-de-ruso\/traduccion-juridica-de-ruso\/","title":{"rendered":"Traducci\u00f3n jur\u00eddica de ruso"},"content":{"rendered":"\n<h2 class=\"wp-block-heading\">Un trabajo realizado por especialistas de la traducci\u00f3n jur\u00eddica espa\u00f1ol-ruso<\/h2>\n\n\n\n<p>Traducir un documento jur\u00eddico no es siempre una tarea sencilla. Este trabajo requiere profundos conocimientos en el \u00e1rea correspondiente. Adem\u00e1s de los diferentes conceptos correspondientes a cada pa\u00eds y jurisdicci\u00f3n, los t\u00e9rminos legales tambi\u00e9n var\u00edan de una lengua a otra, y es posible que no exista un equivalente entre estas. En el \u00e1mbito jur\u00eddico y, especialmente, en derecho corporativo, un peque\u00f1o error puede acarrear graves consecuencias. El traductor debe ser muy preciso con la elecci\u00f3n de la terminolog\u00eda. Los t\u00e9rminos pertenecientes a documentos jur\u00eddicos son muy bien comprendidos por nuestro equipo de traductores profesionales jur\u00eddicos.<\/p>\n\n\n\n<h2 class=\"wp-block-heading\">Nuestra agencia de traducci\u00f3n jur\u00eddica<\/h2>\n\n\n\n<p>Si para traducir sus documentos jur\u00eddicos al ruso busca una combinaci\u00f3n de calidad, precisi\u00f3n y puntualidad, <a href=\"https:\/\/culturesconnection.com\/es\/\">Cultures Connection<\/a> es su mejor opci\u00f3n. Nuestros <a href=\"https:\/\/culturesconnection.com\/es\/servicios-de-traduccion\/\">servicios de traducci\u00f3n<\/a> incluyen la traducci\u00f3n de una amplia gama de traducciones de documentos jur\u00eddicos al ruso. Nuestro equipo re\u00fane a traductores y revisores altamente cualificados. Adem\u00e1s, cuentan con experiencia en este campo porque han sido abogados o asesores judiciales o porque tienen una formaci\u00f3n s\u00f3lida en derecho. Nuestros traductores profesionales tienen profundos conocimientos en sus lenguas de trabajo con el fin de proporcionar a nuestros clientes un trabajo de gran calidad. La atenci\u00f3n especial que requieren las <a href=\"https:\/\/culturesconnection.com\/es\/traduccion-juridica\/\">traducciones jur\u00eddicas<\/a> es la raz\u00f3n por la cual el precio es generalmente m\u00e1s alto que para traducciones convencionales.<\/p>\n\n\n\n<h2 class=\"wp-block-heading\">Traducci\u00f3n de documentos jur\u00eddicos de ruso<\/h2>\n\n\n\n<p>Cultures Connection traduce muchos documentos jur\u00eddicos al ruso. Los sujetos y tipos de documentos legales son muy variados, pero siempre implican un riguroso trabajo en t\u00e9rminos de precisi\u00f3n y de b\u00fasqueda terminol\u00f3gica. Nuestros clientes nos conf\u00edan los siguientes trabajos (entre otros):<\/p>\n\n\n\n<ul class=\"wp-block-list\"><li>Contratos de distribuci\u00f3n, de venta y de trabajo<\/li><li>Presentaci\u00f3n de denuncias<\/li><li>Procedimientos judiciales<\/li><li>T\u00e9rminos y condiciones<\/li><li>Informes periciales<\/li><li>Normativas<\/li><li>Documentos de tramitaci\u00f3n hereditaria<\/li><li>Demandas de divorcio<\/li><li>Cl\u00e1usulas de no competencia y acuerdos de confidencialidad<\/li><li>Cartas de intenci\u00f3n<\/li><li>Poderes<\/li><li>Levantamientos judiciales<\/li><li>Estatutos de sociedad<\/li><\/ul>\n","protected":false},"excerpt":{"rendered":"<p>Un trabajo realizado por especialistas de la traducci\u00f3n jur\u00eddica espa\u00f1ol-ruso Traducir un documento jur\u00eddico no es siempre una tarea sencilla. Este trabajo requiere profundos conocimientos [&#8230;]<\/p>\n<p><a class=\"btn btn-secondary understrap-read-more-link\" href=\"https:\/\/culturesconnection.com\/es\/servicios-de-traduccion-de-ruso\/traduccion-juridica-de-ruso\/\">Leer m\u00e1s&#8230;<span class=\"screen-reader-text\"> from Traducci\u00f3n jur\u00eddica de ruso<\/span><\/a><\/p>\n","protected":false},"author":22,"featured_media":24337,"parent":11580,"menu_order":0,"comment_status":"closed","ping_status":"closed","template":"","meta":{"_acf_changed":false,"_editorskit_title_hidden":false,"_editorskit_reading_time":0,"_editorskit_is_block_options_detached":false,"_editorskit_block_options_position":"{}","footnotes":""},"class_list":["post-11583","page","type-page","status-publish","has-post-thumbnail","hentry"],"acf":[],"_links":{"self":[{"href":"https:\/\/culturesconnection.com\/es\/wp-json\/wp\/v2\/pages\/11583","targetHints":{"allow":["GET"]}}],"collection":[{"href":"https:\/\/culturesconnection.com\/es\/wp-json\/wp\/v2\/pages"}],"about":[{"href":"https:\/\/culturesconnection.com\/es\/wp-json\/wp\/v2\/types\/page"}],"author":[{"embeddable":true,"href":"https:\/\/culturesconnection.com\/es\/wp-json\/wp\/v2\/users\/22"}],"replies":[{"embeddable":true,"href":"https:\/\/culturesconnection.com\/es\/wp-json\/wp\/v2\/comments?post=11583"}],"version-history":[{"count":0,"href":"https:\/\/culturesconnection.com\/es\/wp-json\/wp\/v2\/pages\/11583\/revisions"}],"up":[{"embeddable":true,"href":"https:\/\/culturesconnection.com\/es\/wp-json\/wp\/v2\/pages\/11580"}],"wp:featuredmedia":[{"embeddable":true,"href":"https:\/\/culturesconnection.com\/es\/wp-json\/wp\/v2\/media\/24337"}],"wp:attachment":[{"href":"https:\/\/culturesconnection.com\/es\/wp-json\/wp\/v2\/media?parent=11583"}],"curies":[{"name":"wp","href":"https:\/\/api.w.org\/{rel}","templated":true}]}}