{"id":11582,"date":"2018-10-08T17:18:15","date_gmt":"2018-10-08T15:18:15","guid":{"rendered":"http:\/\/culturesconnection.com\/?page_id=11582"},"modified":"2022-06-21T01:05:33","modified_gmt":"2022-06-20T23:05:33","slug":"traduccion-financiera-de-ruso","status":"publish","type":"page","link":"https:\/\/culturesconnection.com\/es\/servicios-de-traduccion-de-ruso\/traduccion-financiera-de-ruso\/","title":{"rendered":"Traducci\u00f3n financiera de ruso"},"content":{"rendered":"\n<h2 class=\"wp-block-heading\">Consulte con nuestros expertos en traducci\u00f3n financiera espa\u00f1ol-ruso<\/h2>\n\n\n\n<p>La traducci\u00f3n de documentos financieros requiere precisi\u00f3n y rigor, dos cualidades importantes. Tambi\u00e9n es esencial poseer conocimientos sobre el mundo financiero, su terminolog\u00eda y las regulaciones vigentes del mismo. Un error en este \u00e1rea puede acarrear graves consecuencias. En caso de realizar la traducci\u00f3n incorrecta de un documento de seguros, el cliente cuyo contrato presente errores puede perder algunos derechos o garant\u00edas estipulados en el documento original. Otra consecuencia es que algunas empresas puedan perder clientes: si la traducci\u00f3n es de mala calidad, esta puede impedirle llegar a un acuerdo e influir negativamente en la decisi\u00f3n del cliente. Por todas estas razones, es vital escoger una <a href=\"https:\/\/culturesconnection.com\/es\/\">empresa de traducci\u00f3n<\/a> fiable a la que confiar sus documentos financieros.<\/p>\n\n\n\n<h2 class=\"wp-block-heading\">Nuestra agencia de traducci\u00f3n financiera<\/h2>\n\n\n\n<p>Los traductores que trabajan con Cultures Connection son especialistas financieros, gracias a una carrera profesional en dicho \u00e1mbito o a unos estudios relacionados con el mismo. Son seleccionados seg\u00fan sus cualificaciones y experiencia, conocen a la perfecci\u00f3n las lenguas espa\u00f1ola y rusa, y, para proveer traducciones de calidad, solo traducen hacia su lengua materna. Le garantizamos la estricta confidencialidad de sus documentos durante el proceso de traducci\u00f3n y tras este. Si busca <a href=\"https:\/\/culturesconnection.com\/es\/servicios-de-traduccion\/\">servicios<\/a> de <a href=\"https:\/\/culturesconnection.com\/es\/traduccion-financiera\/\">traducci\u00f3n financiera<\/a>, \u00a1Cultures Connection es su socio ideal!<\/p>\n\n\n\n<h2 class=\"wp-block-heading\">Sus documentos financieros de ruso<\/h2>\n\n\n\n<p>A continuaci\u00f3n, le presentamos una lista de ejemplos de documentos econ\u00f3micos que Cultures Connection ha traducido anteriormente:<\/p>\n\n\n\n<ul class=\"wp-block-list\"><li>Documentos con informaci\u00f3n clave para la inversi\u00f3n (DICI)<\/li><li>Folletos<\/li><li>Informes de fondos de inversi\u00f3n<\/li><li>Informes de actividad<\/li><li>Balances<\/li><li>Bolsa<\/li><li>Documentos bancarios<\/li><li>Documentos de informaci\u00f3n financiera<\/li><li>Documentos de investigaci\u00f3n<\/li><li>Documentos de gesti\u00f3n de activos y gesti\u00f3n de riesgos<\/li><li>Informes de auditor\u00eda<\/li><li>Textos de fusiones y adquisiciones<\/li><\/ul>\n","protected":false},"excerpt":{"rendered":"<p>Consulte con nuestros expertos en traducci\u00f3n financiera espa\u00f1ol-ruso La traducci\u00f3n de documentos financieros requiere precisi\u00f3n y rigor, dos cualidades importantes. Tambi\u00e9n es esencial poseer conocimientos [&#8230;]<\/p>\n<p><a class=\"btn btn-secondary understrap-read-more-link\" href=\"https:\/\/culturesconnection.com\/es\/servicios-de-traduccion-de-ruso\/traduccion-financiera-de-ruso\/\">Leer m\u00e1s&#8230;<span class=\"screen-reader-text\"> from Traducci\u00f3n financiera de ruso<\/span><\/a><\/p>\n","protected":false},"author":22,"featured_media":24337,"parent":11580,"menu_order":0,"comment_status":"closed","ping_status":"closed","template":"","meta":{"_acf_changed":false,"_editorskit_title_hidden":false,"_editorskit_reading_time":0,"_editorskit_is_block_options_detached":false,"_editorskit_block_options_position":"{}","footnotes":""},"class_list":["post-11582","page","type-page","status-publish","has-post-thumbnail","hentry"],"acf":[],"_links":{"self":[{"href":"https:\/\/culturesconnection.com\/es\/wp-json\/wp\/v2\/pages\/11582","targetHints":{"allow":["GET"]}}],"collection":[{"href":"https:\/\/culturesconnection.com\/es\/wp-json\/wp\/v2\/pages"}],"about":[{"href":"https:\/\/culturesconnection.com\/es\/wp-json\/wp\/v2\/types\/page"}],"author":[{"embeddable":true,"href":"https:\/\/culturesconnection.com\/es\/wp-json\/wp\/v2\/users\/22"}],"replies":[{"embeddable":true,"href":"https:\/\/culturesconnection.com\/es\/wp-json\/wp\/v2\/comments?post=11582"}],"version-history":[{"count":0,"href":"https:\/\/culturesconnection.com\/es\/wp-json\/wp\/v2\/pages\/11582\/revisions"}],"up":[{"embeddable":true,"href":"https:\/\/culturesconnection.com\/es\/wp-json\/wp\/v2\/pages\/11580"}],"wp:featuredmedia":[{"embeddable":true,"href":"https:\/\/culturesconnection.com\/es\/wp-json\/wp\/v2\/media\/24337"}],"wp:attachment":[{"href":"https:\/\/culturesconnection.com\/es\/wp-json\/wp\/v2\/media?parent=11582"}],"curies":[{"name":"wp","href":"https:\/\/api.w.org\/{rel}","templated":true}]}}