{"id":11581,"date":"2018-10-08T17:42:10","date_gmt":"2018-10-08T15:42:10","guid":{"rendered":"http:\/\/culturesconnection.com\/?page_id=11581"},"modified":"2022-06-21T22:47:59","modified_gmt":"2022-06-21T20:47:59","slug":"traduccion-comercial-de-ruso","status":"publish","type":"page","link":"https:\/\/culturesconnection.com\/es\/servicios-de-traduccion-de-ruso\/traduccion-comercial-de-ruso\/","title":{"rendered":"Traducci\u00f3n comercial de ruso"},"content":{"rendered":"\n<h2 class=\"wp-block-heading\">Traducci\u00f3n comercial espa\u00f1ol-ruso: su mejor aliada<\/h2>\n\n\n\n<p>La globalizaci\u00f3n ha convertido la traducci\u00f3n de negocios y de marketing en algo indispensable. Si su empresa desea expandir su negocio a Rusia, es necesario que traduzca todos sus documentos comerciales al ruso. El impacto de un documento comercial no ser\u00e1 el mismo si se presenta en un idioma diferente a la lengua materna del p\u00fablico objetivo. Sin embargo, deber\u00eda saber que la traducci\u00f3n de marketing o comercial no solo se trata de una simple transposici\u00f3n de palabras de una lengua a otra. Tambi\u00e9n se trata de una adaptaci\u00f3n a la cultura local. Por esta raz\u00f3n, los traductores comerciales, adem\u00e1s de ser expertos en este \u00e1mbito, deben comprender las lenguas y culturas que correspondan a los textos de origen y meta.<\/p>\n\n\n\n<h2 class=\"wp-block-heading\">Nuestra agencia de traducci\u00f3n comercial<\/h2>\n\n\n\n<p>Con el fin de trabajar solamente con traductores competentes en sus \u00e1reas respectivas, <a href=\"https:\/\/culturesconnection.com\/es\/\">Cultures Connection<\/a> los selecciona cuidadosamente seg\u00fan su experiencia y cualificaciones. Todos poseen una experiencia obtenida a partir de su trayectoria acad\u00e9mica y profesional. Adem\u00e1s, nuestros traductores y revisores tambi\u00e9n est\u00e1n especializados en las lenguas en las cuales trabajan, el ruso y el espa\u00f1ol, junto a la cultura de los pa\u00edses pertinentes. Para asegurarnos de proveer servicios de traducci\u00f3n de documentos comerciales de ruso, nuestros traductores profesionales solo traducen hacia su lengua materna. Por todas estas razones, nuestra empresa de traducci\u00f3n ofrece excelentes <a href=\"https:\/\/culturesconnection.com\/es\/servicios-de-traduccion\/\">servicios de traducci\u00f3n<\/a>, la mejor elecci\u00f3n para asegurar \u00e9xito a su empresa en el mercado ruso.<\/p>\n\n\n\n<h2 class=\"wp-block-heading\">Traducci\u00f3n de documentos comerciales de ruso<\/h2>\n\n\n\n<p>Nuestra agencia de traducci\u00f3n traduce muchos <a href=\"https:\/\/culturesconnection.com\/es\/traduccion-comercial\/\">documentos comerciales<\/a>. A continuaci\u00f3n, encontrar\u00e1 una lista de algunos de estos documentos:<\/p>\n\n\n\n<ul class=\"wp-block-list\"><li>Folletos<\/li><li>Panfletos<\/li><li>Tarjetas de presentaci\u00f3n<\/li><li>Comunicados<\/li><li>Campa\u00f1as<\/li><li>P\u00e1ginas web<\/li><li>Cat\u00e1logos<\/li><li>Presentaciones<\/li><li>Material publicitario<\/li><li>Estudios de mercado<\/li><li>Cartas comerciales<\/li><li>Libros blancos<\/li><li>Publicidad<\/li><\/ul>\n","protected":false},"excerpt":{"rendered":"<p>Traducci\u00f3n comercial espa\u00f1ol-ruso: su mejor aliada La globalizaci\u00f3n ha convertido la traducci\u00f3n de negocios y de marketing en algo indispensable. Si su empresa desea expandir [&#8230;]<\/p>\n<p><a class=\"btn btn-secondary understrap-read-more-link\" href=\"https:\/\/culturesconnection.com\/es\/servicios-de-traduccion-de-ruso\/traduccion-comercial-de-ruso\/\">Leer m\u00e1s&#8230;<span class=\"screen-reader-text\"> from Traducci\u00f3n comercial de ruso<\/span><\/a><\/p>\n","protected":false},"author":22,"featured_media":24337,"parent":11580,"menu_order":0,"comment_status":"closed","ping_status":"closed","template":"","meta":{"_acf_changed":false,"_editorskit_title_hidden":false,"_editorskit_reading_time":0,"_editorskit_is_block_options_detached":false,"_editorskit_block_options_position":"{}","footnotes":""},"class_list":["post-11581","page","type-page","status-publish","has-post-thumbnail","hentry"],"acf":[],"_links":{"self":[{"href":"https:\/\/culturesconnection.com\/es\/wp-json\/wp\/v2\/pages\/11581","targetHints":{"allow":["GET"]}}],"collection":[{"href":"https:\/\/culturesconnection.com\/es\/wp-json\/wp\/v2\/pages"}],"about":[{"href":"https:\/\/culturesconnection.com\/es\/wp-json\/wp\/v2\/types\/page"}],"author":[{"embeddable":true,"href":"https:\/\/culturesconnection.com\/es\/wp-json\/wp\/v2\/users\/22"}],"replies":[{"embeddable":true,"href":"https:\/\/culturesconnection.com\/es\/wp-json\/wp\/v2\/comments?post=11581"}],"version-history":[{"count":0,"href":"https:\/\/culturesconnection.com\/es\/wp-json\/wp\/v2\/pages\/11581\/revisions"}],"up":[{"embeddable":true,"href":"https:\/\/culturesconnection.com\/es\/wp-json\/wp\/v2\/pages\/11580"}],"wp:featuredmedia":[{"embeddable":true,"href":"https:\/\/culturesconnection.com\/es\/wp-json\/wp\/v2\/media\/24337"}],"wp:attachment":[{"href":"https:\/\/culturesconnection.com\/es\/wp-json\/wp\/v2\/media?parent=11581"}],"curies":[{"name":"wp","href":"https:\/\/api.w.org\/{rel}","templated":true}]}}