{"id":11577,"date":"2018-10-09T12:27:06","date_gmt":"2018-10-09T10:27:06","guid":{"rendered":"http:\/\/culturesconnection.com\/?page_id=11577"},"modified":"2022-06-19T19:35:50","modified_gmt":"2022-06-19T17:35:50","slug":"traduccion-juridica-de-portugues","status":"publish","type":"page","link":"https:\/\/culturesconnection.com\/es\/servicios-de-traduccion-de-portugues\/traduccion-juridica-de-portugues\/","title":{"rendered":"Traducci\u00f3n jur\u00eddica de portugu\u00e9s"},"content":{"rendered":"\n<h2 class=\"wp-block-heading\">Traductores profesionales de portugu\u00e9s a su servicio<\/h2>\n\n\n\n<p>La traducci\u00f3n jur\u00eddica es una tarea t\u00e9cnica y compleja. Solo un traductor cualificado y con experiencia puede proporcionarle resultados que cumplan con sus expectativas. De hecho, este tipo de trabajo requiere complejas habilidades ling\u00fc\u00edsticas y profundos conocimientos en el \u00e1mbito jur\u00eddico. La precisi\u00f3n y tecnicidad de la terminolog\u00eda requiere un trabajo de investigaci\u00f3n y, por encima de todo, mucho rigor. Para proporcionarle resultados fiables y r\u00e1pidos, <a href=\"https:\/\/culturesconnection.com\/es\/\">Cultures Connection<\/a> pone a su servicio a toda una red de traductores especializados en la traducci\u00f3n jur\u00eddica de portugu\u00e9s, seleccionados cuidadosamente seg\u00fan sus cualificaciones y experiencia en el sector.<\/p>\n\n\n\n<h2 class=\"wp-block-heading\">Nuestra agencia de traducci\u00f3n jur\u00eddica<\/h2>\n\n\n\n<p>Si escoge Cultures Connection, est\u00e1 eligiendo calidad, puntualidad y precisi\u00f3n, independientemente del tipo de <a href=\"https:\/\/culturesconnection.com\/es\/servicios-de-traduccion\/\">servicio de traducci\u00f3n<\/a> proporcionado. Nuestra agencia cuenta con experiencia probada en el sector de la <a href=\"https:\/\/culturesconnection.com\/es\/traduccion-juridica\/\">traducci\u00f3n jur\u00eddica<\/a> desde y hacia el portugu\u00e9s. Respetamos los criterios de calidad y las normativas con el fin de respetar nuestros propios valores: transparencia, calidad, puntualidad y capacidad de adaptaci\u00f3n. Todos los proyectos que recibe nuestra agencia de traducci\u00f3n son confiados a nuestros equipos de traductores y revisores, que son expertos en el \u00e1mbito jur\u00eddico. Estos especialistas han trabajado anteriormente en este \u00e1mbito (como abogados, asesores, etc.) o cuentan con estudios relacionados con el mismo.<\/p>\n\n\n\n<h2 class=\"wp-block-heading\">Traducci\u00f3n de documentos legales de portugu\u00e9s<\/h2>\n\n\n\n<p>A continuaci\u00f3n, le presentamos varios ejemplos de documentos legales que nuestra agencia ya ha traducido con anterioridad:<\/p>\n\n\n\n<ul class=\"wp-block-list\"><li>Contratos de distribuci\u00f3n, de venta y de trabajo<\/li><li>Presentaci\u00f3n de denuncias<\/li><li>Procedimientos judiciales<\/li><li>T\u00e9rminos y condiciones<\/li><li>Informes periciales<\/li><li>Normativas<\/li><li>Documentos de tramitaci\u00f3n hereditaria<\/li><li>Demandas de divorcio<\/li><li>Cl\u00e1usulas de no competencia y acuerdos de confidencialidad<\/li><li>Cartas de intenci\u00f3n<\/li><li>Poderes<\/li><li>Levantamientos judiciales<\/li><li>Estatutos de sociedad<\/li><\/ul>\n","protected":false},"excerpt":{"rendered":"<p>Traductores profesionales de portugu\u00e9s a su servicio La traducci\u00f3n jur\u00eddica es una tarea t\u00e9cnica y compleja. Solo un traductor cualificado y con experiencia puede proporcionarle [&#8230;]<\/p>\n<p><a class=\"btn btn-secondary understrap-read-more-link\" href=\"https:\/\/culturesconnection.com\/es\/servicios-de-traduccion-de-portugues\/traduccion-juridica-de-portugues\/\">Leer m\u00e1s&#8230;<span class=\"screen-reader-text\"> from Traducci\u00f3n jur\u00eddica de portugu\u00e9s<\/span><\/a><\/p>\n","protected":false},"author":22,"featured_media":24337,"parent":11576,"menu_order":0,"comment_status":"closed","ping_status":"closed","template":"","meta":{"_acf_changed":false,"_editorskit_title_hidden":false,"_editorskit_reading_time":0,"_editorskit_is_block_options_detached":false,"_editorskit_block_options_position":"{}","footnotes":""},"class_list":["post-11577","page","type-page","status-publish","has-post-thumbnail","hentry"],"acf":[],"_links":{"self":[{"href":"https:\/\/culturesconnection.com\/es\/wp-json\/wp\/v2\/pages\/11577","targetHints":{"allow":["GET"]}}],"collection":[{"href":"https:\/\/culturesconnection.com\/es\/wp-json\/wp\/v2\/pages"}],"about":[{"href":"https:\/\/culturesconnection.com\/es\/wp-json\/wp\/v2\/types\/page"}],"author":[{"embeddable":true,"href":"https:\/\/culturesconnection.com\/es\/wp-json\/wp\/v2\/users\/22"}],"replies":[{"embeddable":true,"href":"https:\/\/culturesconnection.com\/es\/wp-json\/wp\/v2\/comments?post=11577"}],"version-history":[{"count":0,"href":"https:\/\/culturesconnection.com\/es\/wp-json\/wp\/v2\/pages\/11577\/revisions"}],"up":[{"embeddable":true,"href":"https:\/\/culturesconnection.com\/es\/wp-json\/wp\/v2\/pages\/11576"}],"wp:featuredmedia":[{"embeddable":true,"href":"https:\/\/culturesconnection.com\/es\/wp-json\/wp\/v2\/media\/24337"}],"wp:attachment":[{"href":"https:\/\/culturesconnection.com\/es\/wp-json\/wp\/v2\/media?parent=11577"}],"curies":[{"name":"wp","href":"https:\/\/api.w.org\/{rel}","templated":true}]}}