{"id":11576,"date":"2018-10-15T14:38:33","date_gmt":"2018-10-15T13:38:33","guid":{"rendered":"http:\/\/culturesconnection.com\/?page_id=11576"},"modified":"2022-12-02T14:39:50","modified_gmt":"2022-12-02T13:39:50","slug":"servicios-de-traduccion-de-portugues","status":"publish","type":"page","link":"https:\/\/culturesconnection.com\/es\/servicios-de-traduccion-de-portugues\/","title":{"rendered":"Traducci\u00f3n de portugu\u00e9s"},"content":{"rendered":"\n<h2 class=\"wp-block-heading\">Servicios de traducci\u00f3n profesional de portugu\u00e9s<\/h2>\n\n\n\n<p>El portugu\u00e9s es la s\u00e9ptima m\u00e1s lengua hablada en el mundo. Es una lengua hablada por casi 230 millones de personas; por ello, el hecho de traducir sus documentos al portugu\u00e9s es una etapa inevitable para conquistar los mercados portugu\u00e9s y brasile\u00f1o. Brasil, la sexta potencia econ\u00f3mica mundial seg\u00fan el FMI, ofrece muchas oportunidades para crear lazos econ\u00f3micos.<\/p>\n\n\n\n<p>Hay que tener en cuenta que el portugu\u00e9s de Portugal y el de Brasil son dos lenguas con distintos acentos, gram\u00e1tica y vocabulario. Algunas palabras son completamente diferentes en los dos pa\u00edses, solo los traductores profesionales podr\u00e1n comprender a la perfecci\u00f3n las sutilezas culturales y las diferencias dialectales.<\/p>\n\n\n\n<p><a href=\"https:\/\/culturesconnection.com\/es\/\">Cultures Connection<\/a> colabora con numerosas empresas especializadas en sectores como la electr\u00f3nica, el medioambiente, la qu\u00edmica, los equipos de automoci\u00f3n, el agroalimentario, el turismo, la venta al por menor, la banca y el sector de seguros; \u00e1mbitos en los cuales la traducci\u00f3n de documentos al portugu\u00e9s representa una preocupaci\u00f3n estrat\u00e9gica.<\/p>\n\n\n\n<h2 class=\"wp-block-heading\">\u00bfNecesita un traductor de portugu\u00e9s?<\/h2>\n\n\n\n<p>\u00bfBusca un traductor de espa\u00f1ol a portugu\u00e9s? \u00bfO un traductor portugu\u00e9s-espa\u00f1ol? Cultures Connection le ofrece soluciones de traducci\u00f3n de portugu\u00e9s personalizadas, de gran calidad y a precios muy competitivos. La ubicaci\u00f3n de nuestras oficinas, en particular la oficina de Latinoam\u00e9rica (visite la secci\u00f3n de nuestra agencia de traducci\u00f3n en Buenos Aires), ha conseguido crear lazos permanentes con traductores de portugu\u00e9s muy cualificados. Ofrecemos traducciones de portugu\u00e9s (portugu\u00e9s europeo y portugu\u00e9s brasile\u00f1o) adaptadas a sus necesidades, a su fecha de entrega y a su presupuesto.<\/p>\n\n\n\n<p>Nuestra empresa de traducci\u00f3n colabora con nativos de Portugal y Brasil, as\u00ed como de Angola, Cabo Verde y Mozambique. Nuestros expertos en lenguas deben superar pruebas de traducci\u00f3n especializadas antes de ser a\u00f1adidos a nuestra lista de contactos. Adem\u00e1s, deben poseer cinco a\u00f1os de experiencia profesional y traducir solamente hacia su <a href=\"https:\/\/culturesconnection.com\/es\/traductor-profesional\/\">lengua<\/a> materna, seg\u00fan la normativa europea en vigor.<\/p>\n","protected":false},"excerpt":{"rendered":"<p>Servicios de traducci\u00f3n profesional de portugu\u00e9s El portugu\u00e9s es la s\u00e9ptima m\u00e1s lengua hablada en el mundo. Es una lengua hablada por casi 230 millones [&#8230;]<\/p>\n<p><a class=\"btn btn-secondary understrap-read-more-link\" href=\"https:\/\/culturesconnection.com\/es\/servicios-de-traduccion-de-portugues\/\">Leer m\u00e1s&#8230;<span class=\"screen-reader-text\"> from Traducci\u00f3n de portugu\u00e9s<\/span><\/a><\/p>\n","protected":false},"author":22,"featured_media":23259,"parent":0,"menu_order":0,"comment_status":"closed","ping_status":"closed","template":"","meta":{"_acf_changed":false,"_editorskit_title_hidden":false,"_editorskit_reading_time":0,"_editorskit_is_block_options_detached":false,"_editorskit_block_options_position":"{}","footnotes":""},"class_list":["post-11576","page","type-page","status-publish","has-post-thumbnail","hentry"],"acf":[],"_links":{"self":[{"href":"https:\/\/culturesconnection.com\/es\/wp-json\/wp\/v2\/pages\/11576","targetHints":{"allow":["GET"]}}],"collection":[{"href":"https:\/\/culturesconnection.com\/es\/wp-json\/wp\/v2\/pages"}],"about":[{"href":"https:\/\/culturesconnection.com\/es\/wp-json\/wp\/v2\/types\/page"}],"author":[{"embeddable":true,"href":"https:\/\/culturesconnection.com\/es\/wp-json\/wp\/v2\/users\/22"}],"replies":[{"embeddable":true,"href":"https:\/\/culturesconnection.com\/es\/wp-json\/wp\/v2\/comments?post=11576"}],"version-history":[{"count":0,"href":"https:\/\/culturesconnection.com\/es\/wp-json\/wp\/v2\/pages\/11576\/revisions"}],"wp:featuredmedia":[{"embeddable":true,"href":"https:\/\/culturesconnection.com\/es\/wp-json\/wp\/v2\/media\/23259"}],"wp:attachment":[{"href":"https:\/\/culturesconnection.com\/es\/wp-json\/wp\/v2\/media?parent=11576"}],"curies":[{"name":"wp","href":"https:\/\/api.w.org\/{rel}","templated":true}]}}