{"id":11573,"date":"2018-10-08T10:33:31","date_gmt":"2018-10-08T08:33:31","guid":{"rendered":"http:\/\/culturesconnection.com\/?page_id=11573"},"modified":"2022-06-21T23:11:28","modified_gmt":"2022-06-21T21:11:28","slug":"traduccion-audiovisual-de-japones","status":"publish","type":"page","link":"https:\/\/culturesconnection.com\/es\/servicios-de-traduccion-de-japones\/traduccion-audiovisual-de-japones\/","title":{"rendered":"Traducci\u00f3n audiovisual de japon\u00e9s"},"content":{"rendered":"\n<h2 class=\"wp-block-heading\">Traducci\u00f3n audiovisual espa\u00f1ol-japon\u00e9s<\/h2>\n\n\n\n<p>\u00bfLe gustar\u00eda difundir su documental o su anuncio en Jap\u00f3n? Nuestro equipo de traductores audiovisuales puede ayudarle con la distribuci\u00f3n de su material de audio y de v\u00eddeo por el archipi\u00e9lago japon\u00e9s. Abarcamos una gran diversidad de materiales: v\u00eddeos publicitarios, pel\u00edculas, documentales, v\u00eddeos corporativos&#8230; La demanda no para de crecer y, como respuesta, <a href=\"https:\/\/culturesconnection.com\/es\/\">Cultures Connection<\/a> ha creado una red de especialistas en la traducci\u00f3n audiovisual y de t\u00e9cnicos cualificados para trabajar con cualquier soporte y satisfacer todas las necesidades de nuestros clientes.<\/p>\n\n\n\n<h2 class=\"wp-block-heading\">\u00bfEst\u00e1 buscando una agencia de traducci\u00f3n audiovisual?<\/h2>\n\n\n\n<p>Subt\u00edtulos, voice-over, doblaje&#8230; Sea cual sea su proyecto, nuestros <a href=\"https:\/\/culturesconnection.com\/es\/servicios-de-traduccion\/\">servicios de traducci\u00f3n<\/a> le garantizan traducciones de japon\u00e9s de gran calidad. Por ejemplo, para subtitular en japon\u00e9s, nuestros traductores profesionales deben transcribir el texto, sincronizar los subt\u00edtulos con el sonido, traducirlos y adaptarlos. El doblaje es un servicio m\u00e1s restrictivo porque, adem\u00e1s de traducir el contenido y adaptarlo al momento en el que se pronuncia, como en el voice-over, los labios de los protagonistas tienen que encajar con el nuevo guion.&nbsp; Nuestros traductores espa\u00f1ol-japon\u00e9s o japon\u00e9s-espa\u00f1ol le ayudan a exportar su material de audio o de v\u00eddeo a otros mercados.<\/p>\n\n\n\n<h2 class=\"wp-block-heading\">Sus documentos audiovisuales de japon\u00e9s<\/h2>\n\n\n\n<p>Ofrecemos una amplia gama de <a href=\"https:\/\/culturesconnection.com\/es\/traduccion-audiovisual\/\">servicios de traducci\u00f3n audiovisual<\/a>. A continuaci\u00f3n, encontrar\u00e1 una lista de ejemplos de material que Cultures Connection ha traducido previamente:<\/p>\n\n\n\n<ul class=\"wp-block-list\"><li>V\u00eddeos comerciales y publicitarios<\/li><li>V\u00eddeos corporativos<\/li><li>V\u00eddeos institucionales<\/li><li>Audios<\/li><li>Documentales<\/li><li>Videojuegos<\/li><\/ul>\n","protected":false},"excerpt":{"rendered":"<p>Traducci\u00f3n audiovisual espa\u00f1ol-japon\u00e9s \u00bfLe gustar\u00eda difundir su documental o su anuncio en Jap\u00f3n? Nuestro equipo de traductores audiovisuales puede ayudarle con la distribuci\u00f3n de su [&#8230;]<\/p>\n<p><a class=\"btn btn-secondary understrap-read-more-link\" href=\"https:\/\/culturesconnection.com\/es\/servicios-de-traduccion-de-japones\/traduccion-audiovisual-de-japones\/\">Leer m\u00e1s&#8230;<span class=\"screen-reader-text\"> from Traducci\u00f3n audiovisual de japon\u00e9s<\/span><\/a><\/p>\n","protected":false},"author":22,"featured_media":24337,"parent":11566,"menu_order":0,"comment_status":"closed","ping_status":"closed","template":"","meta":{"_acf_changed":false,"_editorskit_title_hidden":false,"_editorskit_reading_time":0,"_editorskit_is_block_options_detached":false,"_editorskit_block_options_position":"{}","footnotes":""},"class_list":["post-11573","page","type-page","status-publish","has-post-thumbnail","hentry"],"acf":[],"_links":{"self":[{"href":"https:\/\/culturesconnection.com\/es\/wp-json\/wp\/v2\/pages\/11573","targetHints":{"allow":["GET"]}}],"collection":[{"href":"https:\/\/culturesconnection.com\/es\/wp-json\/wp\/v2\/pages"}],"about":[{"href":"https:\/\/culturesconnection.com\/es\/wp-json\/wp\/v2\/types\/page"}],"author":[{"embeddable":true,"href":"https:\/\/culturesconnection.com\/es\/wp-json\/wp\/v2\/users\/22"}],"replies":[{"embeddable":true,"href":"https:\/\/culturesconnection.com\/es\/wp-json\/wp\/v2\/comments?post=11573"}],"version-history":[{"count":0,"href":"https:\/\/culturesconnection.com\/es\/wp-json\/wp\/v2\/pages\/11573\/revisions"}],"up":[{"embeddable":true,"href":"https:\/\/culturesconnection.com\/es\/wp-json\/wp\/v2\/pages\/11566"}],"wp:featuredmedia":[{"embeddable":true,"href":"https:\/\/culturesconnection.com\/es\/wp-json\/wp\/v2\/media\/24337"}],"wp:attachment":[{"href":"https:\/\/culturesconnection.com\/es\/wp-json\/wp\/v2\/media?parent=11573"}],"curies":[{"name":"wp","href":"https:\/\/api.w.org\/{rel}","templated":true}]}}