{"id":11569,"date":"2018-10-08T12:58:30","date_gmt":"2018-10-08T10:58:30","guid":{"rendered":"http:\/\/culturesconnection.com\/?page_id=11569"},"modified":"2022-06-19T22:27:08","modified_gmt":"2022-06-19T20:27:08","slug":"traduccion-juridica-de-japones","status":"publish","type":"page","link":"https:\/\/culturesconnection.com\/es\/servicios-de-traduccion-de-japones\/traduccion-juridica-de-japones\/","title":{"rendered":"Traducci\u00f3n jur\u00eddica de japon\u00e9s"},"content":{"rendered":"\n<h2 class=\"wp-block-heading\">Un trabajo realizado por especialistas de la traducci\u00f3n jur\u00eddica espa\u00f1ol-japon\u00e9s<\/h2>\n\n\n\n<p>La traducci\u00f3n jur\u00eddica no es nada f\u00e1cil, este campo requiere muchas habilidades. En \u00e9l se emplean diferentes conceptos dependiendo de cada pa\u00eds y de cada jurisdicci\u00f3n, lo que convierte la tarea del traductor jur\u00eddico en algo mucho m\u00e1s dif\u00edcil. Los t\u00e9rminos tambi\u00e9n difieren de una lengua a otra y, a veces, las palabras no tienen equivalente en la lengua meta. En este \u00e1mbito, y especialmente en el derecho corporativo, un error puede tener graves consecuencias. Las palabras deben elegirse con mucho cuidado porque estas deben ser muy precisas. Todos nuestros traductores profesionales comprenden a la perfecci\u00f3n las cuestiones jur\u00eddicas mencionadas en los documentos que traducen.<\/p>\n\n\n\n<h2 class=\"wp-block-heading\">Nuestra agencia de traducci\u00f3n jur\u00eddica<\/h2>\n\n\n\n<p>Escoger nuestra <a href=\"https:\/\/culturesconnection.com\/es\/\">agencia de traducci\u00f3n<\/a> para sus traducciones jur\u00eddicas de japon\u00e9s es optar por un trabajo de calidad, puntual y preciso. Contamos con una amplia experiencia en el \u00e1rea de la traducci\u00f3n jur\u00eddica y traducimos todo tipo de documentos. Cultures Connection trabaja con un equipo de traductores y revisores profesionales especializados en la traducci\u00f3n jur\u00eddica de japon\u00e9s. Proporcionan servicios de calidad y se toman muy en serio los proyectos que nos conf\u00edan. Son expertos en derecho espa\u00f1ol y japon\u00e9s. Adem\u00e1s, nuestros traductores est\u00e1n cualificados porque cuentan con experiencia en este campo: han sido abogados o asesores judiciales, o tienen una formaci\u00f3n s\u00f3lida en derecho. Por todas estas razones, una traducci\u00f3n jur\u00eddica cuesta generalmente m\u00e1s que cualquier otro <a href=\"https:\/\/culturesconnection.com\/es\/servicios-de-traduccion\/\">servicio de traducci\u00f3n<\/a> cl\u00e1sico.<\/p>\n\n\n\n<h2 class=\"wp-block-heading\">Traducci\u00f3n de documentos legales de japon\u00e9s<\/h2>\n\n\n\n<p>A continuaci\u00f3n, encontrar\u00e1 algunos ejemplos de documentos que nuestros especialistas en <a href=\"https:\/\/culturesconnection.com\/es\/traduccion-juridica\/\">traducci\u00f3n jur\u00eddica<\/a> ya han traducido con anterioridad:<\/p>\n\n\n\n<ul class=\"wp-block-list\"><li>Contratos de distribuci\u00f3n, de venta y de trabajo<\/li><li>Presentaci\u00f3n de denuncias<\/li><li>Procedimientos judiciales<\/li><li>T\u00e9rminos y condiciones<\/li><li>Informes periciales<\/li><li>Normativas<\/li><li>Documentos de tramitaci\u00f3n hereditaria<\/li><li>Demandas de divorcio<\/li><li>Cl\u00e1usulas de no competencia y acuerdos de confidencialidad<\/li><li>Cartas de intenci\u00f3n<\/li><li>Poderes<\/li><li>Levantamientos judiciales<\/li><li>Estatutos de sociedad<\/li><\/ul>\n","protected":false},"excerpt":{"rendered":"<p>Un trabajo realizado por especialistas de la traducci\u00f3n jur\u00eddica espa\u00f1ol-japon\u00e9s La traducci\u00f3n jur\u00eddica no es nada f\u00e1cil, este campo requiere muchas habilidades. En \u00e9l se [&#8230;]<\/p>\n<p><a class=\"btn btn-secondary understrap-read-more-link\" href=\"https:\/\/culturesconnection.com\/es\/servicios-de-traduccion-de-japones\/traduccion-juridica-de-japones\/\">Leer m\u00e1s&#8230;<span class=\"screen-reader-text\"> from Traducci\u00f3n jur\u00eddica de japon\u00e9s<\/span><\/a><\/p>\n","protected":false},"author":22,"featured_media":24337,"parent":11566,"menu_order":0,"comment_status":"closed","ping_status":"closed","template":"","meta":{"_acf_changed":false,"_editorskit_title_hidden":false,"_editorskit_reading_time":0,"_editorskit_is_block_options_detached":false,"_editorskit_block_options_position":"{}","footnotes":""},"class_list":["post-11569","page","type-page","status-publish","has-post-thumbnail","hentry"],"acf":[],"_links":{"self":[{"href":"https:\/\/culturesconnection.com\/es\/wp-json\/wp\/v2\/pages\/11569","targetHints":{"allow":["GET"]}}],"collection":[{"href":"https:\/\/culturesconnection.com\/es\/wp-json\/wp\/v2\/pages"}],"about":[{"href":"https:\/\/culturesconnection.com\/es\/wp-json\/wp\/v2\/types\/page"}],"author":[{"embeddable":true,"href":"https:\/\/culturesconnection.com\/es\/wp-json\/wp\/v2\/users\/22"}],"replies":[{"embeddable":true,"href":"https:\/\/culturesconnection.com\/es\/wp-json\/wp\/v2\/comments?post=11569"}],"version-history":[{"count":0,"href":"https:\/\/culturesconnection.com\/es\/wp-json\/wp\/v2\/pages\/11569\/revisions"}],"up":[{"embeddable":true,"href":"https:\/\/culturesconnection.com\/es\/wp-json\/wp\/v2\/pages\/11566"}],"wp:featuredmedia":[{"embeddable":true,"href":"https:\/\/culturesconnection.com\/es\/wp-json\/wp\/v2\/media\/24337"}],"wp:attachment":[{"href":"https:\/\/culturesconnection.com\/es\/wp-json\/wp\/v2\/media?parent=11569"}],"curies":[{"name":"wp","href":"https:\/\/api.w.org\/{rel}","templated":true}]}}