{"id":11567,"date":"2018-10-08T13:15:09","date_gmt":"2018-10-08T11:15:09","guid":{"rendered":"http:\/\/culturesconnection.com\/?page_id=11567"},"modified":"2022-06-21T23:28:59","modified_gmt":"2022-06-21T21:28:59","slug":"traduccion-comercial-de-japones","status":"publish","type":"page","link":"https:\/\/culturesconnection.com\/es\/servicios-de-traduccion-de-japones\/traduccion-comercial-de-japones\/","title":{"rendered":"Traducci\u00f3n comercial de japon\u00e9s"},"content":{"rendered":"\n<h2 class=\"wp-block-heading\">La traducci\u00f3n comercial espa\u00f1ol-japon\u00e9s: un desaf\u00edo ling\u00fc\u00edstico y cultural<\/h2>\n\n\n\n<p>Gracias a la globalizaci\u00f3n, la traducci\u00f3n comercial y de marketing se ha convertido en una herramienta indispensable para empresas que deseen expandir su negocio por el extranjero. Est\u00e1 comprobado que los documentos comerciales tienen mayor impacto si se presentan en la lengua materna del receptor. Particularmente, este caso se da cuando desea establecer relaciones comerciales en Jap\u00f3n. Sin embargo, la traducci\u00f3n de documentos comerciales al japon\u00e9s no es tarea f\u00e1cil; existen muchos factores a tener en cuenta seg\u00fan la lengua y la cultura del p\u00fablico meta. Adem\u00e1s, las costumbres y los estilos de escritura pueden variar de una lengua a otra. Por lo tanto, es esencial que conf\u00ede este tipo de trabajo a traductores especializados en el \u00e1mbito comercial que cuenten con amplios conocimientos en las lenguas y las culturas pertinentes.<\/p>\n\n\n\n<h2 class=\"wp-block-heading\">Nuestra agencia de traducci\u00f3n comercial<\/h2>\n\n\n\n<p><a href=\"https:\/\/culturesconnection.com\/es\/\">Cultures Connection<\/a> propone sus <a href=\"https:\/\/culturesconnection.com\/es\/servicios-de-traduccion\/\">servicios de traducci\u00f3n<\/a> comercial para sus proyectos de traducci\u00f3n hacia o desde el japon\u00e9s. Nuestra agencia de traducci\u00f3n selecciona a los mejores traductores de japon\u00e9s para usted. Nuestros traductores y revisores est\u00e1n cualificados y conocen a la perfecci\u00f3n el japon\u00e9s y el espa\u00f1ol, as\u00ed como la cultura de los pa\u00edses en los cuales se hablan estas lenguas. Su experiencia, que han ganado a partir de una carrera profesional y\/o gracias a una formaci\u00f3n acad\u00e9mica, le garantiza un trabajo de gran calidad cuando se trata de traducir sus documentos comerciales y de marketing al japon\u00e9s. Adem\u00e1s, solo traducen hacia su lengua materna y son, por lo tanto, las personas m\u00e1s adecuadas para entender las complejidades del mercado japon\u00e9s.<\/p>\n\n\n\n<h2 class=\"wp-block-heading\">Traducci\u00f3n de documentos comerciales de japon\u00e9s<\/h2>\n\n\n\n<p>Cultures Connection le ofrece sus servicios de traducci\u00f3n de marketing o comercial para todo tipo de <a href=\"https:\/\/culturesconnection.com\/es\/traduccion-comercial\/\">documentos<\/a>. A continuaci\u00f3n, le presentamos una lista de ejemplos de documentos que nuestra agencia ha traducido con anterioridad:<\/p>\n\n\n\n<ul class=\"wp-block-list\"><li>Folletos<\/li><li>Panfletos<\/li><li>Tarjetas de presentaci\u00f3n<\/li><li>Comunicados<\/li><li>Campa\u00f1as<\/li><li>P\u00e1ginas web<\/li><li>Cat\u00e1logos<\/li><li>Presentaciones<\/li><li>Material publicitario<\/li><li>Estudios de mercado<\/li><li>Cartas comerciales<\/li><li>Libros blancos<\/li><li>Publicidad<\/li><\/ul>\n","protected":false},"excerpt":{"rendered":"<p>La traducci\u00f3n comercial espa\u00f1ol-japon\u00e9s: un desaf\u00edo ling\u00fc\u00edstico y cultural Gracias a la globalizaci\u00f3n, la traducci\u00f3n comercial y de marketing se ha convertido en una herramienta [&#8230;]<\/p>\n<p><a class=\"btn btn-secondary understrap-read-more-link\" href=\"https:\/\/culturesconnection.com\/es\/servicios-de-traduccion-de-japones\/traduccion-comercial-de-japones\/\">Leer m\u00e1s&#8230;<span class=\"screen-reader-text\"> from Traducci\u00f3n comercial de japon\u00e9s<\/span><\/a><\/p>\n","protected":false},"author":22,"featured_media":24337,"parent":11566,"menu_order":0,"comment_status":"closed","ping_status":"closed","template":"","meta":{"_acf_changed":false,"_editorskit_title_hidden":false,"_editorskit_reading_time":0,"_editorskit_is_block_options_detached":false,"_editorskit_block_options_position":"{}","footnotes":""},"class_list":["post-11567","page","type-page","status-publish","has-post-thumbnail","hentry"],"acf":[],"_links":{"self":[{"href":"https:\/\/culturesconnection.com\/es\/wp-json\/wp\/v2\/pages\/11567","targetHints":{"allow":["GET"]}}],"collection":[{"href":"https:\/\/culturesconnection.com\/es\/wp-json\/wp\/v2\/pages"}],"about":[{"href":"https:\/\/culturesconnection.com\/es\/wp-json\/wp\/v2\/types\/page"}],"author":[{"embeddable":true,"href":"https:\/\/culturesconnection.com\/es\/wp-json\/wp\/v2\/users\/22"}],"replies":[{"embeddable":true,"href":"https:\/\/culturesconnection.com\/es\/wp-json\/wp\/v2\/comments?post=11567"}],"version-history":[{"count":0,"href":"https:\/\/culturesconnection.com\/es\/wp-json\/wp\/v2\/pages\/11567\/revisions"}],"up":[{"embeddable":true,"href":"https:\/\/culturesconnection.com\/es\/wp-json\/wp\/v2\/pages\/11566"}],"wp:featuredmedia":[{"embeddable":true,"href":"https:\/\/culturesconnection.com\/es\/wp-json\/wp\/v2\/media\/24337"}],"wp:attachment":[{"href":"https:\/\/culturesconnection.com\/es\/wp-json\/wp\/v2\/media?parent=11567"}],"curies":[{"name":"wp","href":"https:\/\/api.w.org\/{rel}","templated":true}]}}