{"id":11566,"date":"2018-10-08T13:37:57","date_gmt":"2018-10-08T12:37:57","guid":{"rendered":"http:\/\/culturesconnection.com\/?page_id=11566"},"modified":"2022-12-06T10:08:01","modified_gmt":"2022-12-06T09:08:01","slug":"servicios-de-traduccion-de-japones","status":"publish","type":"page","link":"https:\/\/culturesconnection.com\/es\/servicios-de-traduccion-de-japones\/","title":{"rendered":"Traducci\u00f3n de Japon\u00e9s"},"content":{"rendered":"\n<h2 class=\"wp-block-heading\">Servicios de traducci\u00f3n profesional de japon\u00e9s<\/h2>\n\n\n\n<p>Jap\u00f3n es la tercera potencia a nivel mundial, por ello representa un socio ideal. Ante la barrera ling\u00fc\u00edstica, cada vez existen m\u00e1s negocios, grandes empresas y PyMES de habla espa\u00f1ola que recurren a servicios de traducci\u00f3n de japon\u00e9s. Las empresas que solicitan servicios de traducci\u00f3n espa\u00f1ol-japon\u00e9s y viceversa a Cultures Connection pertenecen a importantes sectores como el nuclear, el aeron\u00e1utico, el automovil\u00edstico, el electr\u00f3nico, el agroalimentario, el farmac\u00e9utico e incluso el de la moda.<\/p>\n\n\n\n<h2 class=\"wp-block-heading\">\u00bfBusca un traductor de japon\u00e9s?<\/h2>\n\n\n\n<p>El japon\u00e9s es una lengua compleja, por ello solo <a href=\"https:\/\/culturesconnection.com\/es\/traductor-profesional\/\">traductores experimentados<\/a> ser\u00e1n capaces de comprender sus sutilezas culturales y tipogr\u00e1ficas. Para que nuestros clientes obtengan traducciones de calidad, nuestros gestores de proyecto seleccionan a traductores de nacionalidad japonesa que hablan espa\u00f1ol con fluidez. Solo contamos con traductores que posean un diploma reconocido por las autoridades oficiales de su pa\u00eds y cinco a\u00f1os de experiencia en la industria. Para formar parte de nuestra <a href=\"https:\/\/culturesconnection.com\/es\/\">agencia de traducci\u00f3n<\/a>, deben superar una serie de pruebas de traducci\u00f3n y de lenguas.<\/p>\n\n\n\n<p>Cultures Connection le garantiza la mejor relaci\u00f3n calidad-precio gracias a nuestros cuatro niveles de <a href=\"https:\/\/culturesconnection.com\/es\/servicios-de-traduccion\/\">servicios de traducci\u00f3n<\/a> (B\u00e1sico, Est\u00e1ndar, Profesional y Premium). Nuestro equipo se adapta a sus requisitos y le garantiza la entrega de sus traducciones desde o hacia el japon\u00e9s lo m\u00e1s r\u00e1pido posible, incluso en caso de traducciones urgentes.<\/p>\n","protected":false},"excerpt":{"rendered":"<p>Servicios de traducci\u00f3n profesional de japon\u00e9s Jap\u00f3n es la tercera potencia a nivel mundial, por ello representa un socio ideal. Ante la barrera ling\u00fc\u00edstica, cada [&#8230;]<\/p>\n<p><a class=\"btn btn-secondary understrap-read-more-link\" href=\"https:\/\/culturesconnection.com\/es\/servicios-de-traduccion-de-japones\/\">Leer m\u00e1s&#8230;<span class=\"screen-reader-text\"> from Traducci\u00f3n de Japon\u00e9s<\/span><\/a><\/p>\n","protected":false},"author":22,"featured_media":23259,"parent":0,"menu_order":0,"comment_status":"closed","ping_status":"closed","template":"","meta":{"_acf_changed":false,"_editorskit_title_hidden":false,"_editorskit_reading_time":1,"_editorskit_is_block_options_detached":false,"_editorskit_block_options_position":"{}","footnotes":""},"class_list":["post-11566","page","type-page","status-publish","has-post-thumbnail","hentry"],"acf":[],"_links":{"self":[{"href":"https:\/\/culturesconnection.com\/es\/wp-json\/wp\/v2\/pages\/11566","targetHints":{"allow":["GET"]}}],"collection":[{"href":"https:\/\/culturesconnection.com\/es\/wp-json\/wp\/v2\/pages"}],"about":[{"href":"https:\/\/culturesconnection.com\/es\/wp-json\/wp\/v2\/types\/page"}],"author":[{"embeddable":true,"href":"https:\/\/culturesconnection.com\/es\/wp-json\/wp\/v2\/users\/22"}],"replies":[{"embeddable":true,"href":"https:\/\/culturesconnection.com\/es\/wp-json\/wp\/v2\/comments?post=11566"}],"version-history":[{"count":0,"href":"https:\/\/culturesconnection.com\/es\/wp-json\/wp\/v2\/pages\/11566\/revisions"}],"wp:featuredmedia":[{"embeddable":true,"href":"https:\/\/culturesconnection.com\/es\/wp-json\/wp\/v2\/media\/23259"}],"wp:attachment":[{"href":"https:\/\/culturesconnection.com\/es\/wp-json\/wp\/v2\/media?parent=11566"}],"curies":[{"name":"wp","href":"https:\/\/api.w.org\/{rel}","templated":true}]}}