{"id":11407,"date":"2018-10-03T15:21:35","date_gmt":"2018-10-03T13:21:35","guid":{"rendered":"http:\/\/culturesconnection.com\/?page_id=11407"},"modified":"2022-06-18T02:19:55","modified_gmt":"2022-06-18T00:19:55","slug":"servicios-de-traduccion-tecnica-de-italiano","status":"publish","type":"page","link":"https:\/\/culturesconnection.com\/es\/servicios-de-traduccion-de-italiano\/servicios-de-traduccion-tecnica-de-italiano\/","title":{"rendered":"Traducci\u00f3n T\u00e9cnica de Italiano"},"content":{"rendered":"\n<h2 class=\"wp-block-heading\">Servicios de traducci\u00f3n t\u00e9cnica de italiano <\/h2>\n\n\n\n<p>La traducci\u00f3n de documentos t\u00e9cnicos se ha convertido en algo esencial para empresas que desean expandirse por el mundo. Las compa\u00f1\u00edas que deseen exportar sus bienes a Italia ganar\u00edan mucho si tradujeran sus documentos al italiano. La traducci\u00f3n t\u00e9cnica no es un trabajo f\u00e1cil, los traductores t\u00e9cnicos no solo traducen palabras: tambi\u00e9n deben comprender el funcionamiento de un producto para que los clientes puedan utilizarlo correctamente. Adem\u00e1s de conocer a la perfecci\u00f3n las dos lenguas de trabajo y de efectuar traducciones precisas de los t\u00e9rminos t\u00e9cnicos, deben adaptar las traducciones a la cultura meta.<\/p>\n\n\n\n<h2 class=\"wp-block-heading\">\u00bfBusca una agencia de traducci\u00f3n t\u00e9cnica?<\/h2>\n\n\n\n<p><a href=\"https:\/\/culturesconnection.com\/es\/\">Cultures Connection<\/a> cuenta con un equipo de traductores t\u00e9cnicos de italiano para traducir sus manuales, fichas t\u00e9cnicas o patentes. Sus campos de especializaci\u00f3n abarcan desde la ingenier\u00eda industrial hasta la industria qu\u00edmica, pasando por la industria del acero y las energ\u00edas renovables. Nuestros traductores y revisores especializados en la traducci\u00f3n t\u00e9cnica son seleccionados cuidadosamente seg\u00fan sus cualificaciones y experiencia. Sus habilidades ling\u00fc\u00edsticas son excelentes: conocen a la perfecci\u00f3n el italiano y el espa\u00f1ol, as\u00ed como la terminolog\u00eda t\u00e9cnica espec\u00edfica en las dos lenguas. Adem\u00e1s, todos ellos traducen a su lengua materna con el objetivo de garantizar a nuestros clientes traducciones precisas. Si escoge nuestros <a href=\"https:\/\/culturesconnection.com\/es\/servicios-de-traduccion\/\">servicios de traducci\u00f3n<\/a>, contar\u00e1 con la garant\u00eda de un trabajo de gran calidad.<\/p>\n\n\n\n<h2 class=\"wp-block-heading\">Documentos de traducci\u00f3n t\u00e9cnica de italiano<\/h2>\n\n\n\n<p>Nuestra agencia de traducci\u00f3n ofrece sus servicios de <a href=\"https:\/\/culturesconnection.com\/es\/traduccion-tecnica\/\">traducci\u00f3n t\u00e9cnica<\/a> para un amplio abanico de documentos. He aqu\u00ed algunos ejemplos:<\/p>\n\n\n\n<ul class=\"wp-block-list\"><li>Presupuestos<\/li><li>Textos sobre ingenier\u00eda<\/li><li>Manuales de instrucciones de herramientas mec\u00e1nicas (o de cualquier otro tipo de herramienta)<\/li><li>Descripciones de productos y fichas t\u00e9cnicas<\/li><li>Normas<\/li><li>Pliegos de condiciones<\/li><li>Patentes t\u00e9cnicas<\/li><li>Manuales t\u00e9cnicos<\/li><li>Manuales de instrucciones<\/li><li>Gu\u00edas de usuario<\/li><\/ul>\n","protected":false},"excerpt":{"rendered":"<p>Servicios de traducci\u00f3n t\u00e9cnica de italiano La traducci\u00f3n de documentos t\u00e9cnicos se ha convertido en algo esencial para empresas que desean expandirse por el mundo. [&#8230;]<\/p>\n<p><a class=\"btn btn-secondary understrap-read-more-link\" href=\"https:\/\/culturesconnection.com\/es\/servicios-de-traduccion-de-italiano\/servicios-de-traduccion-tecnica-de-italiano\/\">Leer m\u00e1s&#8230;<span class=\"screen-reader-text\"> from Traducci\u00f3n T\u00e9cnica de Italiano<\/span><\/a><\/p>\n","protected":false},"author":22,"featured_media":24337,"parent":11408,"menu_order":0,"comment_status":"closed","ping_status":"closed","template":"","meta":{"_acf_changed":false,"_editorskit_title_hidden":false,"_editorskit_reading_time":0,"_editorskit_is_block_options_detached":false,"_editorskit_block_options_position":"{}","footnotes":""},"class_list":["post-11407","page","type-page","status-publish","has-post-thumbnail","hentry"],"acf":[],"_links":{"self":[{"href":"https:\/\/culturesconnection.com\/es\/wp-json\/wp\/v2\/pages\/11407","targetHints":{"allow":["GET"]}}],"collection":[{"href":"https:\/\/culturesconnection.com\/es\/wp-json\/wp\/v2\/pages"}],"about":[{"href":"https:\/\/culturesconnection.com\/es\/wp-json\/wp\/v2\/types\/page"}],"author":[{"embeddable":true,"href":"https:\/\/culturesconnection.com\/es\/wp-json\/wp\/v2\/users\/22"}],"replies":[{"embeddable":true,"href":"https:\/\/culturesconnection.com\/es\/wp-json\/wp\/v2\/comments?post=11407"}],"version-history":[{"count":0,"href":"https:\/\/culturesconnection.com\/es\/wp-json\/wp\/v2\/pages\/11407\/revisions"}],"up":[{"embeddable":true,"href":"https:\/\/culturesconnection.com\/es\/wp-json\/wp\/v2\/pages\/11408"}],"wp:featuredmedia":[{"embeddable":true,"href":"https:\/\/culturesconnection.com\/es\/wp-json\/wp\/v2\/media\/24337"}],"wp:attachment":[{"href":"https:\/\/culturesconnection.com\/es\/wp-json\/wp\/v2\/media?parent=11407"}],"curies":[{"name":"wp","href":"https:\/\/api.w.org\/{rel}","templated":true}]}}