{"id":11406,"date":"2018-10-03T16:21:53","date_gmt":"2018-10-03T14:21:53","guid":{"rendered":"http:\/\/culturesconnection.com\/?page_id=11406"},"modified":"2022-06-21T23:10:01","modified_gmt":"2022-06-21T21:10:01","slug":"traduccion-audiovisual-en-italiano","status":"publish","type":"page","link":"https:\/\/culturesconnection.com\/es\/servicios-de-traduccion-de-italiano\/traduccion-audiovisual-en-italiano\/","title":{"rendered":"Traducci\u00f3n audiovisual de italiano"},"content":{"rendered":"\n<h2 class=\"wp-block-heading\">Servicios de traducci\u00f3n audiovisual de italiano: exporte su material audiovisual a Italia<\/h2>\n\n\n\n<p>\u00bfLe gustar\u00eda traducir su material audiovisual desde o hacia el italiano? Conf\u00ede su material audiovisual a nuestra <a href=\"https:\/\/culturesconnection.com\/es\/\">agencia de traducci\u00f3n<\/a>. El objetivo de la traducci\u00f3n audiovisual es hacer que su material multimedia sea accesible al mayor n\u00famero de personas posible. Subt\u00edtulos, voice-over, doblaje&#8230; existen muchas posibilidades. Esta tarea requiere habilidades especiales. Todo tipo de <a href=\"https:\/\/culturesconnection.com\/es\/servicios-de-traduccion\/\">servicio de traducci\u00f3n<\/a> es \u00fanico. Por ejemplo, en el caso de los <a href=\"https:\/\/culturesconnection.com\/es\/traduccion-audiovisual\/\">servicios de subtitulaci\u00f3n<\/a>, se debe tener en cuenta el espacio y el tiempo disponible y adaptar el texto a estos.<\/p>\n\n\n\n<h2 class=\"wp-block-heading\">Nuestra agencia de traducci\u00f3n audiovisual<\/h2>\n\n\n\n<p>Cultures Connection trabaja con traductores de espa\u00f1ol-italiano e italiano-espa\u00f1ol para ocuparse de todos los proyectos que nos conf\u00ede. Todos cuentan con diplomas y varios a\u00f1os de experiencia en la industria audiovisual. Sus habilidades ling\u00fc\u00edsticas son excelentes; trabajan en su lengua materna y poseen profundos conocimientos sobre la lengua de origen. Sus proyectos de traducci\u00f3n est\u00e1n en buenas manos. Para esta tarea, que es t\u00e9cnica y ling\u00fc\u00edstica, puede confiar en los servicios de nuestra agencia de traducci\u00f3n.<\/p>\n\n\n\n<h2 class=\"wp-block-heading\">Su material audiovisual de italiano<\/h2>\n\n\n\n<p>Cultures Connection ofrece servicios de traducci\u00f3n audiovisual en italiano para un amplio abanico de material audiovisual. He aqu\u00ed algunos ejemplos:<\/p>\n\n\n\n<ul class=\"wp-block-list\"><li>V\u00eddeos comerciales y publicitarios<\/li><li>V\u00eddeos corporativos<\/li><li>V\u00eddeos institucionales<\/li><li>Audios<\/li><li>Documentales<\/li><li>Videojuegos<\/li><\/ul>\n","protected":false},"excerpt":{"rendered":"<p>Servicios de traducci\u00f3n audiovisual de italiano: exporte su material audiovisual a Italia \u00bfLe gustar\u00eda traducir su material audiovisual desde o hacia el italiano? Conf\u00ede su [&#8230;]<\/p>\n<p><a class=\"btn btn-secondary understrap-read-more-link\" href=\"https:\/\/culturesconnection.com\/es\/servicios-de-traduccion-de-italiano\/traduccion-audiovisual-en-italiano\/\">Leer m\u00e1s&#8230;<span class=\"screen-reader-text\"> from Traducci\u00f3n audiovisual de italiano<\/span><\/a><\/p>\n","protected":false},"author":22,"featured_media":24337,"parent":11408,"menu_order":0,"comment_status":"closed","ping_status":"closed","template":"","meta":{"_acf_changed":false,"_editorskit_title_hidden":false,"_editorskit_reading_time":0,"_editorskit_is_block_options_detached":false,"_editorskit_block_options_position":"{}","footnotes":""},"class_list":["post-11406","page","type-page","status-publish","has-post-thumbnail","hentry"],"acf":[],"_links":{"self":[{"href":"https:\/\/culturesconnection.com\/es\/wp-json\/wp\/v2\/pages\/11406","targetHints":{"allow":["GET"]}}],"collection":[{"href":"https:\/\/culturesconnection.com\/es\/wp-json\/wp\/v2\/pages"}],"about":[{"href":"https:\/\/culturesconnection.com\/es\/wp-json\/wp\/v2\/types\/page"}],"author":[{"embeddable":true,"href":"https:\/\/culturesconnection.com\/es\/wp-json\/wp\/v2\/users\/22"}],"replies":[{"embeddable":true,"href":"https:\/\/culturesconnection.com\/es\/wp-json\/wp\/v2\/comments?post=11406"}],"version-history":[{"count":0,"href":"https:\/\/culturesconnection.com\/es\/wp-json\/wp\/v2\/pages\/11406\/revisions"}],"up":[{"embeddable":true,"href":"https:\/\/culturesconnection.com\/es\/wp-json\/wp\/v2\/pages\/11408"}],"wp:featuredmedia":[{"embeddable":true,"href":"https:\/\/culturesconnection.com\/es\/wp-json\/wp\/v2\/media\/24337"}],"wp:attachment":[{"href":"https:\/\/culturesconnection.com\/es\/wp-json\/wp\/v2\/media?parent=11406"}],"curies":[{"name":"wp","href":"https:\/\/api.w.org\/{rel}","templated":true}]}}