{"id":11404,"date":"2018-10-03T16:37:26","date_gmt":"2018-10-03T14:37:26","guid":{"rendered":"http:\/\/culturesconnection.com\/?page_id=11404"},"modified":"2022-06-18T23:59:56","modified_gmt":"2022-06-18T21:59:56","slug":"servicios-de-traduccion-medica-de-italiano","status":"publish","type":"page","link":"https:\/\/culturesconnection.com\/es\/servicios-de-traduccion-de-italiano\/servicios-de-traduccion-medica-de-italiano\/","title":{"rendered":"Traducci\u00f3n m\u00e9dica de italiano"},"content":{"rendered":"\n<h2 class=\"wp-block-heading\">Traducci\u00f3n m\u00e9dica espa\u00f1ol-italiano<\/h2>\n\n\n\n<p>La traducci\u00f3n m\u00e9dica es una de las especialidades m\u00e1s solicitadas en la industria de la traducci\u00f3n, particularmente desde y hacia el italiano. El rigor es algo primordial en este campo. Un traductor m\u00e9dico de italiano no puede permitirse ser impreciso porque enfrenta a graves consecuencias. Al igual que un m\u00e9dico se especializa en ciertas ramas de la medicina, un traductor tambi\u00e9n debe especializarse. Es importante escoger un proveedor de servicios ling\u00fc\u00edsticos que est\u00e9 especializado en el \u00e1mbito del documento m\u00e9dico que desea traducir. <a href=\"https:\/\/culturesconnection.com\/es\/\">Cultures Connection<\/a> encontrar\u00e1 a dicho especialista por usted.<\/p>\n\n\n\n<h2 class=\"wp-block-heading\">\u00bfBusca una agencia de traducci\u00f3n m\u00e9dica?<\/h2>\n\n\n\n<p>Nuestros traductores m\u00e9dicos est\u00e1n especializados en un \u00e1rea en particular y son conscientes de las realidades y necesidades de su propia especialidad. Los campos en los cuales nuestra agencia de traducci\u00f3n est\u00e1 especializada son los siguientes (entre muchos otros): general, dental, veterinaria y cardiolog\u00eda. Nuestros especialistas tambi\u00e9n conocen a la perfecci\u00f3n la terminolog\u00eda m\u00e9dica en italiano y espa\u00f1ol para proveerle una traducci\u00f3n precisa y fiel al texto de origen. Para traducir sus documentos m\u00e9dicos desde y hacia el italiano, puede confiar en nuestros <a href=\"https:\/\/culturesconnection.com\/es\/servicios-de-traduccion\/\">servicios de traducci\u00f3n<\/a>.<\/p>\n\n\n\n<h2 class=\"wp-block-heading\">Traducci\u00f3n de documentos m\u00e9dicos de italiano<\/h2>\n\n\n\n<p>A continuaci\u00f3n, le presentamos una lista de ejemplos de <a href=\"https:\/\/culturesconnection.com\/es\/traduccion-medica\/\">documentos m\u00e9dicos<\/a> que Cultures Connection ha traducido anteriormente:<\/p>\n\n\n\n<ul class=\"wp-block-list\"><li>Revistas<\/li><li>Informes de conferencia<\/li><li>Publicaciones<\/li><li>Proyectos e informes de investigaci\u00f3n<\/li><li>Resultados de estudios y estado de nuevas investigaciones<\/li><li>Obras de divulgaci\u00f3n<\/li><li>Informes de ensayos<\/li><li>Cuestionarios<\/li><li>Folletos<\/li><li>Posolog\u00eda de nuevos productos<\/li><li>Resultados de ensayos cl\u00ednicos<\/li><li>Reglamentaci\u00f3n farmac\u00e9utica<\/li><li>Informes de evaluaci\u00f3n m\u00e9dica<\/li><\/ul>\n","protected":false},"excerpt":{"rendered":"<p>Traducci\u00f3n m\u00e9dica espa\u00f1ol-italiano La traducci\u00f3n m\u00e9dica es una de las especialidades m\u00e1s solicitadas en la industria de la traducci\u00f3n, particularmente desde y hacia el italiano. [&#8230;]<\/p>\n<p><a class=\"btn btn-secondary understrap-read-more-link\" href=\"https:\/\/culturesconnection.com\/es\/servicios-de-traduccion-de-italiano\/servicios-de-traduccion-medica-de-italiano\/\">Leer m\u00e1s&#8230;<span class=\"screen-reader-text\"> from Traducci\u00f3n m\u00e9dica de italiano<\/span><\/a><\/p>\n","protected":false},"author":22,"featured_media":24337,"parent":11408,"menu_order":0,"comment_status":"closed","ping_status":"closed","template":"","meta":{"_acf_changed":false,"_editorskit_title_hidden":false,"_editorskit_reading_time":0,"_editorskit_is_block_options_detached":false,"_editorskit_block_options_position":"{}","footnotes":""},"class_list":["post-11404","page","type-page","status-publish","has-post-thumbnail","hentry"],"acf":[],"_links":{"self":[{"href":"https:\/\/culturesconnection.com\/es\/wp-json\/wp\/v2\/pages\/11404","targetHints":{"allow":["GET"]}}],"collection":[{"href":"https:\/\/culturesconnection.com\/es\/wp-json\/wp\/v2\/pages"}],"about":[{"href":"https:\/\/culturesconnection.com\/es\/wp-json\/wp\/v2\/types\/page"}],"author":[{"embeddable":true,"href":"https:\/\/culturesconnection.com\/es\/wp-json\/wp\/v2\/users\/22"}],"replies":[{"embeddable":true,"href":"https:\/\/culturesconnection.com\/es\/wp-json\/wp\/v2\/comments?post=11404"}],"version-history":[{"count":0,"href":"https:\/\/culturesconnection.com\/es\/wp-json\/wp\/v2\/pages\/11404\/revisions"}],"up":[{"embeddable":true,"href":"https:\/\/culturesconnection.com\/es\/wp-json\/wp\/v2\/pages\/11408"}],"wp:featuredmedia":[{"embeddable":true,"href":"https:\/\/culturesconnection.com\/es\/wp-json\/wp\/v2\/media\/24337"}],"wp:attachment":[{"href":"https:\/\/culturesconnection.com\/es\/wp-json\/wp\/v2\/media?parent=11404"}],"curies":[{"name":"wp","href":"https:\/\/api.w.org\/{rel}","templated":true}]}}