{"id":11402,"date":"2018-10-03T17:01:47","date_gmt":"2018-10-03T15:01:47","guid":{"rendered":"http:\/\/culturesconnection.com\/?page_id=11402"},"modified":"2022-06-19T18:51:48","modified_gmt":"2022-06-19T16:51:48","slug":"servicios-de-traduccion-juridica-de-italiano","status":"publish","type":"page","link":"https:\/\/culturesconnection.com\/es\/servicios-de-traduccion-de-italiano\/servicios-de-traduccion-juridica-de-italiano\/","title":{"rendered":"Traducci\u00f3n jur\u00eddica de italiano"},"content":{"rendered":"\n<h2 class=\"wp-block-heading\">Un trabajo efectuado por profesionales de la traducci\u00f3n jur\u00eddica<\/h2>\n\n\n\n<p>La traducci\u00f3n jur\u00eddica es realmente compleja. Muchos t\u00e9rminos difieren entre ellos seg\u00fan la lengua a la que se traducen o, simplemente, porque no existen equivalentes entre ellos. Los conceptos jur\u00eddicos var\u00edan seg\u00fan el pa\u00eds y la jurisdicci\u00f3n. En este campo, la precisi\u00f3n terminol\u00f3gica es esencial: un solo error podr\u00eda acarrear graves consecuencias. En el \u00e1mbito de la traducci\u00f3n jur\u00eddica, es necesario tener unos buenos conocimientos de las cuestiones legales en la lengua de origen y en la lengua meta.<\/p>\n\n\n\n<h2 class=\"wp-block-heading\">Nuestra agencia de traducci\u00f3n jur\u00eddica<\/h2>\n\n\n\n<p>Escoger <a href=\"https:\/\/culturesconnection.com\/es\/\">Cultures Connection<\/a> para realizar sus traducciones financieras es optar por una entrega a tiempo, por la calidad y por la fidelidad al texto de origen. Nuestra agencia de traducci\u00f3n goza de una experiencia probada en la traducci\u00f3n de muchos tipos de documentos jur\u00eddicos de italiano. Nuestras normas son extremadamente estrictas. Todos los proyectos que aceptamos son confiados a nuestro equipo profesional de traductores y revisores. Est\u00e1n especializados en el italiano y el espa\u00f1ol, as\u00ed como en la traducci\u00f3n jur\u00eddica. Muchos de ellos han trabajado anteriormente como abogados, asesores o en profesiones relacionadas con este campo, o cuentan con estudios relacionados con el \u00e1mbito financiero. Generalmente, el precio de este tipo de <a href=\"https:\/\/culturesconnection.com\/es\/servicios-de-traduccion\/\">servicio de traducci\u00f3n<\/a> es m\u00e1s alto que para traducciones de \u00e1mbito general porque deben ser efectuadas por expertos en el campo.<\/p>\n\n\n\n<h2 class=\"wp-block-heading\">Traducci\u00f3n de documentos jur\u00eddicos de italiano<\/h2>\n\n\n\n<p>A continuaci\u00f3n, le presentamos varios ejemplos de <a href=\"https:\/\/culturesconnection.com\/es\/traduccion-juridica\/\">documentos legales<\/a> que nuestra agencia ya ha traducido con anterioridad:<\/p>\n\n\n\n<ul class=\"wp-block-list\"><li>Contratos de distribuci\u00f3n, de venta y de trabajo<\/li><li>Presentaci\u00f3n de denuncias<\/li><li>Procedimientos judiciales<\/li><li>T\u00e9rminos y condiciones<\/li><li>Informes periciales<\/li><li>Normativas<\/li><li>Documentos de tramitaci\u00f3n hereditaria<\/li><li>Demandas de divorcio<\/li><li>Cl\u00e1usulas de no competencia y acuerdos de confidencialidad<\/li><li>Cartas de intenci\u00f3n<\/li><li>Poderes<\/li><li>Levantamientos judiciales<\/li><li>Estatutos de sociedad<\/li><\/ul>\n","protected":false},"excerpt":{"rendered":"<p>Un trabajo efectuado por profesionales de la traducci\u00f3n jur\u00eddica La traducci\u00f3n jur\u00eddica es realmente compleja. Muchos t\u00e9rminos difieren entre ellos seg\u00fan la lengua a la [&#8230;]<\/p>\n<p><a class=\"btn btn-secondary understrap-read-more-link\" href=\"https:\/\/culturesconnection.com\/es\/servicios-de-traduccion-de-italiano\/servicios-de-traduccion-juridica-de-italiano\/\">Leer m\u00e1s&#8230;<span class=\"screen-reader-text\"> from Traducci\u00f3n jur\u00eddica de italiano<\/span><\/a><\/p>\n","protected":false},"author":22,"featured_media":24337,"parent":11408,"menu_order":0,"comment_status":"closed","ping_status":"closed","template":"","meta":{"_acf_changed":false,"_editorskit_title_hidden":false,"_editorskit_reading_time":0,"_editorskit_is_block_options_detached":false,"_editorskit_block_options_position":"{}","footnotes":""},"class_list":["post-11402","page","type-page","status-publish","has-post-thumbnail","hentry"],"acf":[],"_links":{"self":[{"href":"https:\/\/culturesconnection.com\/es\/wp-json\/wp\/v2\/pages\/11402","targetHints":{"allow":["GET"]}}],"collection":[{"href":"https:\/\/culturesconnection.com\/es\/wp-json\/wp\/v2\/pages"}],"about":[{"href":"https:\/\/culturesconnection.com\/es\/wp-json\/wp\/v2\/types\/page"}],"author":[{"embeddable":true,"href":"https:\/\/culturesconnection.com\/es\/wp-json\/wp\/v2\/users\/22"}],"replies":[{"embeddable":true,"href":"https:\/\/culturesconnection.com\/es\/wp-json\/wp\/v2\/comments?post=11402"}],"version-history":[{"count":0,"href":"https:\/\/culturesconnection.com\/es\/wp-json\/wp\/v2\/pages\/11402\/revisions"}],"up":[{"embeddable":true,"href":"https:\/\/culturesconnection.com\/es\/wp-json\/wp\/v2\/pages\/11408"}],"wp:featuredmedia":[{"embeddable":true,"href":"https:\/\/culturesconnection.com\/es\/wp-json\/wp\/v2\/media\/24337"}],"wp:attachment":[{"href":"https:\/\/culturesconnection.com\/es\/wp-json\/wp\/v2\/media?parent=11402"}],"curies":[{"name":"wp","href":"https:\/\/api.w.org\/{rel}","templated":true}]}}