{"id":11401,"date":"2018-10-03T17:12:08","date_gmt":"2018-10-03T15:12:08","guid":{"rendered":"http:\/\/culturesconnection.com\/?page_id=11401"},"modified":"2022-06-21T01:14:00","modified_gmt":"2022-06-20T23:14:00","slug":"traduccion-financiera-de-italiano","status":"publish","type":"page","link":"https:\/\/culturesconnection.com\/es\/servicios-de-traduccion-de-italiano\/traduccion-financiera-de-italiano\/","title":{"rendered":"Traducci\u00f3n financiera de italiano"},"content":{"rendered":"\n<h2 class=\"wp-block-heading\">Especialistas en traducci\u00f3n de italiano a su servicio<\/h2>\n\n\n\n<p>En el \u00e1mbito de la traducci\u00f3n financiera, la precisi\u00f3n y el rigor son dos cualidades necesarias. El traductor debe estar familiarizado con la industria y ser un experto en terminolog\u00eda financiera en sus dos lenguas de trabajo. Tambi\u00e9n debe ser un especialista en lo concerniente a las normas relativas al mundo financiero. Cualquier error de traducci\u00f3n puede impedir la comprensi\u00f3n y la toma de una decisi\u00f3n y, por lo tanto, puede acarrear graves consecuencias financieras a su empresa. Para evitar estos problemas, es importante ser selectivo a la hora de elegir su <a href=\"https:\/\/culturesconnection.com\/es\/\">empresa de traducci\u00f3n<\/a>.<\/p>\n\n\n\n<h2 class=\"wp-block-heading\">Nuestra agencia de traducci\u00f3n financiera<\/h2>\n\n\n\n<p>Cultures Connection selecciona rigurosamente a los mejores especialistas en traducci\u00f3n y correcci\u00f3n de textos bas\u00e1ndose en su experiencia y estudios. La mayor\u00eda de estos especialistas posee formaci\u00f3n acad\u00e9mica en finanzas y en idiomas, as\u00ed como varios a\u00f1os de experiencia en el sector financiero. Comprenden a la perfecci\u00f3n las lenguas con las que trabajan: en este caso, el espa\u00f1ol y el italiano. Los proyectos que nos conf\u00edan est\u00e1n en manos de traductores que trabajan respetando rigurosas normas de calidad. Los documentos relacionados con el sector financiero son conocidos por la confidencialidad de su contenido. Los traductores de Cultures Connection respetan estrictos acuerdos de confidencialidad. Nuestra agencia de traducci\u00f3n le proporciona <a href=\"https:\/\/culturesconnection.com\/es\/servicios-de-traduccion\/\">servicios de traducci\u00f3n<\/a> de gran calidad. Por lo tanto, al elegirnos est\u00e1 escogiendo la m\u00e1xima calidad para sus <a href=\"https:\/\/culturesconnection.com\/es\/traduccion-financiera\/\">traducciones financieras<\/a> de italiano.<\/p>\n\n\n\n<h2 class=\"wp-block-heading\">Traducci\u00f3n de documentos financieros de italiano<\/h2>\n\n\n\n<p>A continuaci\u00f3n, encontrar\u00e1 una lista de ejemplos de documentos financieros y econ\u00f3micos que traducimos con regularidad desde y hacia el italiano:<\/p>\n\n\n\n<ul class=\"wp-block-list\"><li>Documentos con informaci\u00f3n clave para la inversi\u00f3n (DICI)<\/li><li>Folletos<\/li><li>Informes de fondos de inversi\u00f3n<\/li><li>Informes de actividad<\/li><li>Balances<\/li><li>Bolsa<\/li><li>Documentos bancarios<\/li><li>Documentos de informaci\u00f3n financiera<\/li><li>Documentos de investigaci\u00f3n<\/li><li>Documentos de gesti\u00f3n de activos y gesti\u00f3n de riesgos<\/li><li>Informes de auditor\u00eda<\/li><li>Textos de fusiones y adquisiciones<\/li><\/ul>\n","protected":false},"excerpt":{"rendered":"<p>Especialistas en traducci\u00f3n de italiano a su servicio En el \u00e1mbito de la traducci\u00f3n financiera, la precisi\u00f3n y el rigor son dos cualidades necesarias. El [&#8230;]<\/p>\n<p><a class=\"btn btn-secondary understrap-read-more-link\" href=\"https:\/\/culturesconnection.com\/es\/servicios-de-traduccion-de-italiano\/traduccion-financiera-de-italiano\/\">Leer m\u00e1s&#8230;<span class=\"screen-reader-text\"> from Traducci\u00f3n financiera de italiano<\/span><\/a><\/p>\n","protected":false},"author":22,"featured_media":24337,"parent":11408,"menu_order":0,"comment_status":"closed","ping_status":"closed","template":"","meta":{"_acf_changed":false,"_editorskit_title_hidden":false,"_editorskit_reading_time":0,"_editorskit_is_block_options_detached":false,"_editorskit_block_options_position":"{}","footnotes":""},"class_list":["post-11401","page","type-page","status-publish","has-post-thumbnail","hentry"],"acf":[],"_links":{"self":[{"href":"https:\/\/culturesconnection.com\/es\/wp-json\/wp\/v2\/pages\/11401","targetHints":{"allow":["GET"]}}],"collection":[{"href":"https:\/\/culturesconnection.com\/es\/wp-json\/wp\/v2\/pages"}],"about":[{"href":"https:\/\/culturesconnection.com\/es\/wp-json\/wp\/v2\/types\/page"}],"author":[{"embeddable":true,"href":"https:\/\/culturesconnection.com\/es\/wp-json\/wp\/v2\/users\/22"}],"replies":[{"embeddable":true,"href":"https:\/\/culturesconnection.com\/es\/wp-json\/wp\/v2\/comments?post=11401"}],"version-history":[{"count":0,"href":"https:\/\/culturesconnection.com\/es\/wp-json\/wp\/v2\/pages\/11401\/revisions"}],"up":[{"embeddable":true,"href":"https:\/\/culturesconnection.com\/es\/wp-json\/wp\/v2\/pages\/11408"}],"wp:featuredmedia":[{"embeddable":true,"href":"https:\/\/culturesconnection.com\/es\/wp-json\/wp\/v2\/media\/24337"}],"wp:attachment":[{"href":"https:\/\/culturesconnection.com\/es\/wp-json\/wp\/v2\/media?parent=11401"}],"curies":[{"name":"wp","href":"https:\/\/api.w.org\/{rel}","templated":true}]}}