{"id":11361,"date":"2018-10-01T16:30:00","date_gmt":"2018-10-01T14:30:00","guid":{"rendered":"http:\/\/culturesconnection.com\/?page_id=11361"},"modified":"2022-06-21T06:44:49","modified_gmt":"2022-06-21T04:44:49","slug":"traduccion-cientifica-de-aleman","status":"publish","type":"page","link":"https:\/\/culturesconnection.com\/es\/servicios-de-traduccion-de-aleman\/traduccion-cientifica-de-aleman\/","title":{"rendered":"Traducci\u00f3n cient\u00edfica de alem\u00e1n"},"content":{"rendered":"\n<h2 class=\"wp-block-heading\">La traducci\u00f3n cient\u00edfica espa\u00f1ol-alem\u00e1n: una cuesti\u00f3n de precisi\u00f3n<\/h2>\n\n\n\n<p>Los documentos cient\u00edficos describen conceptos complejos por medio de una terminolog\u00eda t\u00e9cnica y muy espec\u00edfica. Dado que esta categor\u00eda cuenta con muchos sectores, nuestra <a href=\"https:\/\/culturesconnection.com\/es\/\">agencia de traducci\u00f3n<\/a> buscar\u00e1 a los traductores profesionales m\u00e1s competentes para trabajar en su proyecto. Contamos con una amplia red de especialistas en la traducci\u00f3n cient\u00edfica alem\u00e1n-espa\u00f1ol y espa\u00f1ol-alem\u00e1n, todos ellos seleccionados seg\u00fan sus cualificaciones, sus estudios y experiencia. Tienen dominio de la terminolog\u00eda cient\u00edfica y pueden realizar traducciones de la mayor calidad desde y hacia el alem\u00e1n.<\/p>\n\n\n\n<h2 class=\"wp-block-heading\">Nuestra agencia de traducci\u00f3n<\/h2>\n\n\n\n<p>Si busca los mejores <a href=\"https:\/\/culturesconnection.com\/es\/servicios-de-traduccion\/\">servicios de traducci\u00f3n<\/a>, escoja nuestra agencia de traducci\u00f3n, con ella encontrar\u00e1 calidad, fiabilidad, exactitud y entrega dentro del plazo determinado. Su proyecto estar\u00e1 sujeto a un seguimiento detallado, desde la recepci\u00f3n del documento de origen hasta la entrega del resultado final. Antes de comenzar la traducci\u00f3n, creamos una base terminol\u00f3gica que se emplear\u00e1 a lo largo de todo el proceso traductol\u00f3gico. Somos conscientes de que encontrar la palabra exacta en el contexto de una traducci\u00f3n cient\u00edfica al alem\u00e1n es vital. Un error o inexactitud es imperdonable y puede provocar que todo su documento pierda credibilidad. Puede contar con nosotros para obtener resultados precisos que reflejen el significado de su documento de origen con fidelidad.<\/p>\n\n\n\n<h2 class=\"wp-block-heading\">Traducci\u00f3n de documentos cient\u00edficos de alem\u00e1n<\/h2>\n\n\n\n<p>Traducimos una amplia variedad de <a href=\"https:\/\/culturesconnection.com\/es\/traduccion-cientifica\/\">documentos<\/a> desde y hacia el alem\u00e1n. Le presentamos una lista de ejemplos de documentos cient\u00edficos que nos conf\u00edan a diario:<\/p>\n\n\n\n<ul class=\"wp-block-list\"><li>L\u00e9xicos, enciclopedias cient\u00edficas y glosarios<\/li><li>Documentos t\u00e9cnicos y art\u00edculos de investigaci\u00f3n<\/li><li>Manuales del operario y de usuario<\/li><li>Ensayos de laboratorio, procedimientos de ensayos<\/li><li>Documentos jur\u00eddicos, patentes y directivas<\/li><li>Pliegos de condiciones<\/li><li>Proyectos y estudios de mercado multipa\u00eds<\/li><li>Programas de simulaci\u00f3n (biotecnolog\u00eda, medio ambiente, rehabilitaci\u00f3n de \u00e1reas industriales)<\/li><li>Presentaciones multimedia y v\u00eddeos<\/li><li>Traducci\u00f3n y localizaci\u00f3n de p\u00e1ginas web<\/li><li>Traducci\u00f3n de instrucciones t\u00e9cnicas, presentaciones de congreso<\/li><\/ul>\n","protected":false},"excerpt":{"rendered":"<p>La traducci\u00f3n cient\u00edfica espa\u00f1ol-alem\u00e1n: una cuesti\u00f3n de precisi\u00f3n Los documentos cient\u00edficos describen conceptos complejos por medio de una terminolog\u00eda t\u00e9cnica y muy espec\u00edfica. Dado que [&#8230;]<\/p>\n<p><a class=\"btn btn-secondary understrap-read-more-link\" href=\"https:\/\/culturesconnection.com\/es\/servicios-de-traduccion-de-aleman\/traduccion-cientifica-de-aleman\/\">Leer m\u00e1s&#8230;<span class=\"screen-reader-text\"> from Traducci\u00f3n cient\u00edfica de alem\u00e1n<\/span><\/a><\/p>\n","protected":false},"author":22,"featured_media":24337,"parent":11364,"menu_order":0,"comment_status":"closed","ping_status":"closed","template":"","meta":{"_acf_changed":false,"_editorskit_title_hidden":false,"_editorskit_reading_time":0,"_editorskit_is_block_options_detached":false,"_editorskit_block_options_position":"{}","footnotes":""},"class_list":["post-11361","page","type-page","status-publish","has-post-thumbnail","hentry"],"acf":[],"_links":{"self":[{"href":"https:\/\/culturesconnection.com\/es\/wp-json\/wp\/v2\/pages\/11361","targetHints":{"allow":["GET"]}}],"collection":[{"href":"https:\/\/culturesconnection.com\/es\/wp-json\/wp\/v2\/pages"}],"about":[{"href":"https:\/\/culturesconnection.com\/es\/wp-json\/wp\/v2\/types\/page"}],"author":[{"embeddable":true,"href":"https:\/\/culturesconnection.com\/es\/wp-json\/wp\/v2\/users\/22"}],"replies":[{"embeddable":true,"href":"https:\/\/culturesconnection.com\/es\/wp-json\/wp\/v2\/comments?post=11361"}],"version-history":[{"count":0,"href":"https:\/\/culturesconnection.com\/es\/wp-json\/wp\/v2\/pages\/11361\/revisions"}],"up":[{"embeddable":true,"href":"https:\/\/culturesconnection.com\/es\/wp-json\/wp\/v2\/pages\/11364"}],"wp:featuredmedia":[{"embeddable":true,"href":"https:\/\/culturesconnection.com\/es\/wp-json\/wp\/v2\/media\/24337"}],"wp:attachment":[{"href":"https:\/\/culturesconnection.com\/es\/wp-json\/wp\/v2\/media?parent=11361"}],"curies":[{"name":"wp","href":"https:\/\/api.w.org\/{rel}","templated":true}]}}