{"id":11360,"date":"2018-10-01T15:40:09","date_gmt":"2018-10-01T13:40:09","guid":{"rendered":"http:\/\/culturesconnection.com\/?page_id=11360"},"modified":"2022-06-19T00:32:03","modified_gmt":"2022-06-18T22:32:03","slug":"servicios-de-traduccion-medica-de-aleman","status":"publish","type":"page","link":"https:\/\/culturesconnection.com\/es\/servicios-de-traduccion-de-aleman\/servicios-de-traduccion-medica-de-aleman\/","title":{"rendered":"Traducci\u00f3n m\u00e9dica de alem\u00e1n"},"content":{"rendered":"\n<h2 class=\"wp-block-heading\">Traducci\u00f3n m\u00e9dica espa\u00f1ol-alem\u00e1n: exactitud ante todo<\/h2>\n\n\n\n<p>La traducci\u00f3n m\u00e9dica de alem\u00e1n representa una de las m\u00e1s complicadas tareas en el mundo de la traducci\u00f3n. Adem\u00e1s, la complejidad unida al aspecto t\u00e9cnico de los t\u00e9rminos empleados en este tipo de traducciones requieren una gran precisi\u00f3n y calidad. \u00a1No conf\u00ede su proyecto a cualquiera! Las consecuencias y gastos que pueden generar los errores y las faltas de precisi\u00f3n en la traducci\u00f3n m\u00e9dica son considerables. Si escoge nuestra <a href=\"https:\/\/culturesconnection.com\/es\/\">agencia de traducci\u00f3n<\/a>, opta por seguridad y calidad. Nos ocupamos de sus proyectos y los tratamos con la atenci\u00f3n que se merecen.<\/p>\n\n\n\n<h2 class=\"wp-block-heading\">\u00bfBusca una agencia de traducci\u00f3n m\u00e9dica?<\/h2>\n\n\n\n<p>\u00bfNecesita un traductor m\u00e9dico espa\u00f1ol-alem\u00e1n? \u00bfNecesita un traductor m\u00e9dico alem\u00e1n-espa\u00f1ol? Puede confiar en Cultures Connection y ofrecer a sus lectores traducciones m\u00e9dicas de la mayor calidad. Le garantizamos los mejores <a href=\"https:\/\/culturesconnection.com\/es\/servicios-de-traduccion\/\">servicios de traducci\u00f3n<\/a> y una colaboraci\u00f3n con los traductores m\u00e1s competentes de la industria. Todos est\u00e1n especializados en el \u00e1mbito m\u00e9dico. Ya sea el \u00e1mbito de la cardiolog\u00eda, de la radiolog\u00eda o de la virolog\u00eda, seguro que contamos con el experto que necesita. H\u00e1blenos de su proyecto y se lo confiaremos a uno de nuestros traductores de alem\u00e1n de calidad. Tienen un perfecto dominio del espa\u00f1ol y el alem\u00e1n y siempre traducen hacia su lengua materna. Todos ellos cuentan con experiencia en el \u00e1mbito m\u00e9dico y son capaces de hacer malabares con los t\u00e9rminos t\u00e9cnicos de este campo.<\/p>\n\n\n\n<h2 class=\"wp-block-heading\">Traducci\u00f3n de documentos m\u00e9dicos de alem\u00e1n<\/h2>\n\n\n\n<p>Existe una gran variedad de <a href=\"https:\/\/culturesconnection.com\/es\/traduccion-medica\/\">documentos m\u00e9dicos<\/a>. He aqu\u00ed una lista de ejemplos de textos que traducimos todos los d\u00edas hacia el alem\u00e1n:<\/p>\n\n\n\n<ul class=\"wp-block-list\"><li>Revistas<\/li><li>Informes de conferencia<\/li><li>Publicaciones<\/li><li>Proyectos e informes de investigaci\u00f3n<\/li><li>Resultados de estudios y estado de nuevas investigaciones<\/li><li>Obras de divulgaci\u00f3n<\/li><li>Informes de ensayos<\/li><li>Cuestionarios<\/li><li>Folletos<\/li><li>Posolog\u00eda de nuevos productos<\/li><li>Resultados de ensayos cl\u00ednicos<\/li><li>Reglamentaci\u00f3n farmac\u00e9utica<\/li><li>Informes de evaluaci\u00f3n m\u00e9dica<\/li><\/ul>\n","protected":false},"excerpt":{"rendered":"<p>Traducci\u00f3n m\u00e9dica espa\u00f1ol-alem\u00e1n: exactitud ante todo La traducci\u00f3n m\u00e9dica de alem\u00e1n representa una de las m\u00e1s complicadas tareas en el mundo de la traducci\u00f3n. Adem\u00e1s, [&#8230;]<\/p>\n<p><a class=\"btn btn-secondary understrap-read-more-link\" href=\"https:\/\/culturesconnection.com\/es\/servicios-de-traduccion-de-aleman\/servicios-de-traduccion-medica-de-aleman\/\">Leer m\u00e1s&#8230;<span class=\"screen-reader-text\"> from Traducci\u00f3n m\u00e9dica de alem\u00e1n<\/span><\/a><\/p>\n","protected":false},"author":22,"featured_media":24337,"parent":11364,"menu_order":0,"comment_status":"closed","ping_status":"closed","template":"","meta":{"_acf_changed":false,"_editorskit_title_hidden":false,"_editorskit_reading_time":0,"_editorskit_is_block_options_detached":false,"_editorskit_block_options_position":"{}","footnotes":""},"class_list":["post-11360","page","type-page","status-publish","has-post-thumbnail","hentry"],"acf":[],"_links":{"self":[{"href":"https:\/\/culturesconnection.com\/es\/wp-json\/wp\/v2\/pages\/11360","targetHints":{"allow":["GET"]}}],"collection":[{"href":"https:\/\/culturesconnection.com\/es\/wp-json\/wp\/v2\/pages"}],"about":[{"href":"https:\/\/culturesconnection.com\/es\/wp-json\/wp\/v2\/types\/page"}],"author":[{"embeddable":true,"href":"https:\/\/culturesconnection.com\/es\/wp-json\/wp\/v2\/users\/22"}],"replies":[{"embeddable":true,"href":"https:\/\/culturesconnection.com\/es\/wp-json\/wp\/v2\/comments?post=11360"}],"version-history":[{"count":0,"href":"https:\/\/culturesconnection.com\/es\/wp-json\/wp\/v2\/pages\/11360\/revisions"}],"up":[{"embeddable":true,"href":"https:\/\/culturesconnection.com\/es\/wp-json\/wp\/v2\/pages\/11364"}],"wp:featuredmedia":[{"embeddable":true,"href":"https:\/\/culturesconnection.com\/es\/wp-json\/wp\/v2\/media\/24337"}],"wp:attachment":[{"href":"https:\/\/culturesconnection.com\/es\/wp-json\/wp\/v2\/media?parent=11360"}],"curies":[{"name":"wp","href":"https:\/\/api.w.org\/{rel}","templated":true}]}}