{"id":11273,"date":"2018-09-28T11:49:40","date_gmt":"2018-09-28T09:49:40","guid":{"rendered":"http:\/\/culturesconnection.com\/?page_id=11273"},"modified":"2022-07-29T14:28:25","modified_gmt":"2022-07-29T12:28:25","slug":"traduccion-de-paginas-web-al-ingles","status":"publish","type":"page","link":"https:\/\/culturesconnection.com\/es\/traduccion-de-paginas-web-al-ingles\/","title":{"rendered":"Traducci\u00f3n de p\u00e1ginas web de ingl\u00e9s"},"content":{"rendered":"\n<h2 class=\"wp-block-heading\">Servicios de traducci\u00f3n de p\u00e1ginas web de ingl\u00e9s<\/h2>\n\n\n\n<p>Actualmente, la lengua inglesa es omnipresente en nuestra sociedad actual. Millones de personas en el mundo hablan esta lengua. En estas circunstancias, es cierto que traducir su p\u00e1gina web al ingl\u00e9s es el mejor m\u00e9todo para captar clientes de mercados angloparlantes. La traducci\u00f3n de su p\u00e1gina web hacia el ingl\u00e9s es un paso importante hacia el progreso de sus ventas internacionales, particularmente si su p\u00e1gina web es de comercio electr\u00f3nico.<\/p>\n\n\n\n<h2 class=\"wp-block-heading\">Nuestra agencia de traducci\u00f3n profesional localiza sus p\u00e1ginas web<\/h2>\n\n\n\n<p>Traducir su p\u00e1gina web al ingl\u00e9s conseguir\u00e1 que su empresa sea accesible a muchos clientes potenciales. Sin embargo, recuerde que la cultura puede variar mucho de un pa\u00eds a otro. Por ejemplo, un mensaje no se interpreta de la misma manera en Argentina que en Francia. Por esta raz\u00f3n, es apropiado adaptar el contenido de sus p\u00e1ginas web a la cultura de sus lectores meta. En <a href=\"https:\/\/culturesconnection.com\/es\/\">Cultures Connection<\/a> contamos con un equipo de traductores ingl\u00e9s-espa\u00f1ol y espa\u00f1ol-ingl\u00e9s especializados en la traducci\u00f3n de p\u00e1ginas web. Independientemente del tipo de <a href=\"https:\/\/culturesconnection.com\/es\/servicios-de-traduccion\/\">servicio de traducci\u00f3n<\/a> que necesite, cada miembro de este equipo ha sido seleccionado seg\u00fan sus habilidades, estudios y cualificaciones. Nuestros traductores son conscientes de que la traducci\u00f3n de su p\u00e1gina web refleja la imagen de su empresa, por ello nos tomamos la tarea muy en serio. En Cultures Connection, sus proyectos de <a href=\"https:\/\/culturesconnection.com\/es\/traduccion-sitios-web\/\">traducci\u00f3n de p\u00e1ginas web<\/a> se encuentran en buenas manos.<\/p>\n\n\n\n<h2 class=\"wp-block-heading\">Servicios de traducci\u00f3n de contenido web de ingl\u00e9s<\/h2>\n\n\n\n<p>Nos ocupamos de la traducci\u00f3n de muchos tipos de material audiovisual, como, por ejemplo:<\/p>\n\n\n\n<ul class=\"wp-block-list\"><li>Contenido web<\/li><li>P\u00e1ginas web de comercio electr\u00f3nico<\/li><li>Aplicaciones para m\u00f3viles<\/li><li>Plataformas de comercio<\/li><li>Fichas de informaci\u00f3n de productos<\/li><\/ul>\n","protected":false},"excerpt":{"rendered":"<p>Servicios de traducci\u00f3n de p\u00e1ginas web de ingl\u00e9s Actualmente, la lengua inglesa es omnipresente en nuestra sociedad actual. Millones de personas en el mundo hablan [&#8230;]<\/p>\n<p><a class=\"btn btn-secondary understrap-read-more-link\" href=\"https:\/\/culturesconnection.com\/es\/traduccion-de-paginas-web-al-ingles\/\">Leer m\u00e1s&#8230;<span class=\"screen-reader-text\"> from Traducci\u00f3n de p\u00e1ginas web de ingl\u00e9s<\/span><\/a><\/p>\n","protected":false},"author":22,"featured_media":24337,"parent":0,"menu_order":0,"comment_status":"closed","ping_status":"closed","template":"","meta":{"_acf_changed":false,"_editorskit_title_hidden":false,"_editorskit_reading_time":1,"_editorskit_is_block_options_detached":false,"_editorskit_block_options_position":"{}","footnotes":""},"class_list":["post-11273","page","type-page","status-publish","has-post-thumbnail","hentry"],"acf":[],"_links":{"self":[{"href":"https:\/\/culturesconnection.com\/es\/wp-json\/wp\/v2\/pages\/11273","targetHints":{"allow":["GET"]}}],"collection":[{"href":"https:\/\/culturesconnection.com\/es\/wp-json\/wp\/v2\/pages"}],"about":[{"href":"https:\/\/culturesconnection.com\/es\/wp-json\/wp\/v2\/types\/page"}],"author":[{"embeddable":true,"href":"https:\/\/culturesconnection.com\/es\/wp-json\/wp\/v2\/users\/22"}],"replies":[{"embeddable":true,"href":"https:\/\/culturesconnection.com\/es\/wp-json\/wp\/v2\/comments?post=11273"}],"version-history":[{"count":0,"href":"https:\/\/culturesconnection.com\/es\/wp-json\/wp\/v2\/pages\/11273\/revisions"}],"wp:featuredmedia":[{"embeddable":true,"href":"https:\/\/culturesconnection.com\/es\/wp-json\/wp\/v2\/media\/24337"}],"wp:attachment":[{"href":"https:\/\/culturesconnection.com\/es\/wp-json\/wp\/v2\/media?parent=11273"}],"curies":[{"name":"wp","href":"https:\/\/api.w.org\/{rel}","templated":true}]}}