{"id":11269,"date":"2018-09-28T12:23:17","date_gmt":"2018-09-28T10:23:17","guid":{"rendered":"http:\/\/culturesconnection.com\/?page_id=11269"},"modified":"2022-06-18T23:01:09","modified_gmt":"2022-06-18T21:01:09","slug":"traduccion-medica-de-ingles","status":"publish","type":"page","link":"https:\/\/culturesconnection.com\/es\/traduccion-medica-de-ingles\/","title":{"rendered":"Traducci\u00f3n m\u00e9dica de ingl\u00e9s"},"content":{"rendered":"\n<h2 class=\"wp-block-heading\">La traducci\u00f3n m\u00e9dica espa\u00f1ol-ingl\u00e9s: una cuesti\u00f3n de precisi\u00f3n<\/h2>\n\n\n\n<p>La traducci\u00f3n m\u00e9dica de ingl\u00e9s es una de las \u00e1reas de la traducci\u00f3n m\u00e1s complejas. Este tipo de documentos presentan ideas t\u00e9cnicas expresadas mediante t\u00e9rminos muy espec\u00edficos y precisos. La traducci\u00f3n m\u00e9dica se basa en m\u00faltiples componentes que incluyen diferentes especialidades. Un m\u00e9dico de cabecera, un onc\u00f3logo y un cardi\u00f3logo trabajan en campos diferentes de la medicina. En la traducci\u00f3n sucede lo mismo. El traductor m\u00e9dico tendr\u00e1 que ce\u00f1irse a textos que forman parte del \u00e1rea escogida. En <a href=\"https:\/\/culturesconnection.com\/es\/\">Cultures Connection<\/a>, somos conscientes de la importancia de la precisi\u00f3n en textos m\u00e9dicos, por ello seleccionamos a traductores de ingl\u00e9s que est\u00e9n especializados en el \u00e1rea de su proyecto.<\/p>\n\n\n\n<h2 class=\"wp-block-heading\">\u00bfBusca una agencia de traducci\u00f3n m\u00e9dica?<\/h2>\n\n\n\n<p>Nuestra agencia de traducci\u00f3n lleva a\u00f1os especializ\u00e1ndose en la traducci\u00f3n m\u00e9dica desde y hacia el ingl\u00e9s, y provee <a href=\"https:\/\/culturesconnection.com\/es\/servicios-de-traduccion\/\">servicios de traducci\u00f3n<\/a> de la mejor calidad posible. Gracias a esta experiencia, hemos creado una amplia agenda de traductores de ingl\u00e9s expertos en varios campos de la medicina. \u00bfSu documento trata sobre virolog\u00eda, sobre interacci\u00f3n hu\u00e9sped-pat\u00f3geno o sobre biomedicina? \u00a1Tenemos al traductor que est\u00e1 buscando! Trabajamos en todos los campos m\u00e9dicos y podemos ofrecerle resultados fiables de gran calidad.<\/p>\n\n\n\n<h2 class=\"wp-block-heading\">Traducci\u00f3n de documentos m\u00e9dicos de ingl\u00e9s<\/h2>\n\n\n\n<p>Existen muchos tipos de <a href=\"https:\/\/culturesconnection.com\/es\/traduccion-medica\/\">documentos m\u00e9dicos<\/a>. He aqu\u00ed una peque\u00f1a selecci\u00f3n de los documentos que traducimos a diario:<\/p>\n\n\n\n<ul class=\"wp-block-list\"><li>Revistas<\/li><li>Informes de conferencia<\/li><li>Publicaciones<\/li><li>Proyectos e informes de investigaci\u00f3n<\/li><li>Resultados de estudios y estado de nuevas investigaciones<\/li><li>Obras de divulgaci\u00f3n<\/li><li>Informes de ensayos<\/li><li>Cuestionarios<\/li><li>Folletos<\/li><li>Posolog\u00eda de nuevos productos<\/li><li>Resultados de ensayos cl\u00ednicos<\/li><li>Reglamentaci\u00f3n farmac\u00e9utica<\/li><li>Informes de evaluaci\u00f3n m\u00e9dica<\/li><\/ul>\n","protected":false},"excerpt":{"rendered":"<p>La traducci\u00f3n m\u00e9dica espa\u00f1ol-ingl\u00e9s: una cuesti\u00f3n de precisi\u00f3n La traducci\u00f3n m\u00e9dica de ingl\u00e9s es una de las \u00e1reas de la traducci\u00f3n m\u00e1s complejas. Este tipo [&#8230;]<\/p>\n<p><a class=\"btn btn-secondary understrap-read-more-link\" href=\"https:\/\/culturesconnection.com\/es\/traduccion-medica-de-ingles\/\">Leer m\u00e1s&#8230;<span class=\"screen-reader-text\"> from Traducci\u00f3n m\u00e9dica de ingl\u00e9s<\/span><\/a><\/p>\n","protected":false},"author":22,"featured_media":24337,"parent":0,"menu_order":0,"comment_status":"closed","ping_status":"closed","template":"","meta":{"_acf_changed":false,"_editorskit_title_hidden":false,"_editorskit_reading_time":0,"_editorskit_is_block_options_detached":false,"_editorskit_block_options_position":"{}","footnotes":""},"class_list":["post-11269","page","type-page","status-publish","has-post-thumbnail","hentry"],"acf":[],"_links":{"self":[{"href":"https:\/\/culturesconnection.com\/es\/wp-json\/wp\/v2\/pages\/11269","targetHints":{"allow":["GET"]}}],"collection":[{"href":"https:\/\/culturesconnection.com\/es\/wp-json\/wp\/v2\/pages"}],"about":[{"href":"https:\/\/culturesconnection.com\/es\/wp-json\/wp\/v2\/types\/page"}],"author":[{"embeddable":true,"href":"https:\/\/culturesconnection.com\/es\/wp-json\/wp\/v2\/users\/22"}],"replies":[{"embeddable":true,"href":"https:\/\/culturesconnection.com\/es\/wp-json\/wp\/v2\/comments?post=11269"}],"version-history":[{"count":0,"href":"https:\/\/culturesconnection.com\/es\/wp-json\/wp\/v2\/pages\/11269\/revisions"}],"wp:featuredmedia":[{"embeddable":true,"href":"https:\/\/culturesconnection.com\/es\/wp-json\/wp\/v2\/media\/24337"}],"wp:attachment":[{"href":"https:\/\/culturesconnection.com\/es\/wp-json\/wp\/v2\/media?parent=11269"}],"curies":[{"name":"wp","href":"https:\/\/api.w.org\/{rel}","templated":true}]}}