{"id":11265,"date":"2018-09-28T15:08:38","date_gmt":"2018-09-28T13:08:38","guid":{"rendered":"http:\/\/culturesconnection.com\/?page_id=11265"},"modified":"2022-06-21T20:53:13","modified_gmt":"2022-06-21T18:53:13","slug":"traduccion-comercial-de-ingles","status":"publish","type":"page","link":"https:\/\/culturesconnection.com\/es\/traduccion-comercial-de-ingles\/","title":{"rendered":"Traducci\u00f3n comercial de ingl\u00e9s"},"content":{"rendered":"\n<h2 class=\"wp-block-heading\">La traducci\u00f3n comercial espa\u00f1ol-ingl\u00e9s es una garant\u00eda para su expansi\u00f3n internacional<\/h2>\n\n\n\n<p>En esta \u00e9poca, la globalizaci\u00f3n comercial es una realidad, y la traducci\u00f3n comercial constituye un gran desaf\u00edo para empresas que desean conquistar mercados extranjeros. Adem\u00e1s, la cultura comercial var\u00eda mucho de un pa\u00eds a otro. No se firma un contrato de la misma manera en Par\u00eds que en Madrid o en Buenos Aires. Entonces, \u00bfqu\u00e9 soluci\u00f3n existe para superar esas diferencias culturales? \u00bfC\u00f3mo se puede comunicar con sus socios francoparlantes? \u00a1Traduzca sus documentos comerciales al ingl\u00e9s!<\/p>\n\n\n\n<h2 class=\"wp-block-heading\">Nuestra agencia de traducci\u00f3n comercial<\/h2>\n\n\n\n<p>Puede confiar en nuestra <a href=\"https:\/\/culturesconnection.com\/es\/\">agencia de traducci\u00f3n<\/a> si est\u00e1 buscando <a href=\"https:\/\/culturesconnection.com\/es\/servicios-de-traduccion\/\">servicios de traducci\u00f3n<\/a> de calidad. Estamos especializados en este campo y podemos proveerle los servicios de nuestra amplia red de traductores y revisores experimentados. Todos cuentan con una gran experiencia en la traducci\u00f3n de documentos financieros y tienen profundos conocimientos en las lenguas espa\u00f1ola e inglesa. Todos traducen hacia su lengua materna y han pasado por un riguroso proceso de selecci\u00f3n antes de formar parte de nuestra agencia de traducci\u00f3n.<\/p>\n\n\n\n<h2 class=\"wp-block-heading\">Traducci\u00f3n de documentos comerciales de ingl\u00e9s<\/h2>\n\n\n\n<p>Nuestra agencia de traducci\u00f3n le acompa\u00f1a durante su desarrollo a escala internacional traduciendo todos sus <a href=\"https:\/\/culturesconnection.com\/es\/traduccion-comercial\/\">documentos comerciales<\/a>. He aqu\u00ed algunos ejemplos de proyectos de traducci\u00f3n que nuestra agencia realiza a diario:<\/p>\n\n\n\n<ul class=\"wp-block-list\"><li>Folletos<\/li><li>Panfletos<\/li><li>Tarjetas de presentaci\u00f3n<\/li><li>Comunicados<\/li><li>Campa\u00f1as<\/li><li>P\u00e1ginas web<\/li><li>Cat\u00e1logos<\/li><li>Presentaciones<\/li><li>Material publicitario<\/li><li>Estudios de mercado<\/li><li>Cartas comerciales<\/li><li>Libros blancos<\/li><li>Publicidad<\/li><\/ul>\n","protected":false},"excerpt":{"rendered":"<p>La traducci\u00f3n comercial espa\u00f1ol-ingl\u00e9s es una garant\u00eda para su expansi\u00f3n internacional En esta \u00e9poca, la globalizaci\u00f3n comercial es una realidad, y la traducci\u00f3n comercial constituye [&#8230;]<\/p>\n<p><a class=\"btn btn-secondary understrap-read-more-link\" href=\"https:\/\/culturesconnection.com\/es\/traduccion-comercial-de-ingles\/\">Leer m\u00e1s&#8230;<span class=\"screen-reader-text\"> from Traducci\u00f3n comercial de ingl\u00e9s<\/span><\/a><\/p>\n","protected":false},"author":22,"featured_media":24337,"parent":0,"menu_order":0,"comment_status":"closed","ping_status":"closed","template":"","meta":{"_acf_changed":false,"_editorskit_title_hidden":false,"_editorskit_reading_time":0,"_editorskit_is_block_options_detached":false,"_editorskit_block_options_position":"{}","footnotes":""},"class_list":["post-11265","page","type-page","status-publish","has-post-thumbnail","hentry"],"acf":[],"yoast_head":"<!-- This site is optimized with the Yoast SEO Premium plugin v23.4 (Yoast SEO v27.3) - https:\/\/yoast.com\/product\/yoast-seo-premium-wordpress\/ -->\n<title>Servicios de traducci\u00f3n comercial de ingl\u00e9s<\/title>\n<meta name=\"description\" content=\"Ofrecemos servicios de traducci\u00f3n comercial de ingl\u00e9s, traducimos y localizamos todo tipo de documentos. Pida un presupuesto gratuito.\" \/>\n<meta name=\"robots\" content=\"index, follow, max-snippet:-1, max-image-preview:large, max-video-preview:-1\" \/>\n<link rel=\"canonical\" href=\"https:\/\/culturesconnection.com\/es\/traduccion-comercial-de-ingles\/\" \/>\n<meta property=\"og:locale\" content=\"es_ES\" \/>\n<meta property=\"og:type\" content=\"article\" \/>\n<meta property=\"og:title\" content=\"Traducci\u00f3n comercial de ingl\u00e9s\" \/>\n<meta property=\"og:description\" content=\"Ofrecemos servicios de traducci\u00f3n comercial de ingl\u00e9s, traducimos y localizamos todo tipo de documentos. Pida un presupuesto gratuito.\" \/>\n<meta property=\"og:url\" content=\"https:\/\/culturesconnection.com\/es\/traduccion-comercial-de-ingles\/\" \/>\n<meta property=\"og:site_name\" content=\"Cultures Connection\" \/>\n<meta property=\"article:publisher\" content=\"https:\/\/www.facebook.com\/CulturesConnection\" \/>\n<meta property=\"article:modified_time\" content=\"2022-06-21T18:53:13+00:00\" \/>\n<meta property=\"og:image\" content=\"https:\/\/culturesconnection.com\/wp-content\/uploads\/2020\/09\/P\u00e1gina_Subservicios_de_traducci\u00f3n_por_idioma.png\" \/>\n\t<meta property=\"og:image:width\" content=\"1417\" \/>\n\t<meta property=\"og:image:height\" content=\"561\" \/>\n\t<meta property=\"og:image:type\" content=\"image\/png\" \/>\n<meta name=\"twitter:card\" content=\"summary_large_image\" \/>\n<meta name=\"twitter:site\" content=\"@CulturesCo_\" \/>\n<meta name=\"twitter:label1\" content=\"Tiempo de lectura\" \/>\n\t<meta name=\"twitter:data1\" content=\"1 minuto\" \/>\n<script type=\"application\/ld+json\" class=\"yoast-schema-graph\">{\"@context\":\"https:\\\/\\\/schema.org\",\"@graph\":[{\"@type\":\"WebPage\",\"@id\":\"https:\\\/\\\/culturesconnection.com\\\/es\\\/traduccion-comercial-de-ingles\\\/\",\"url\":\"https:\\\/\\\/culturesconnection.com\\\/es\\\/traduccion-comercial-de-ingles\\\/\",\"name\":\"Servicios de traducci\u00f3n comercial de ingl\u00e9s\",\"isPartOf\":{\"@id\":\"https:\\\/\\\/culturesconnection.com\\\/fr\\\/#website\"},\"primaryImageOfPage\":{\"@id\":\"https:\\\/\\\/culturesconnection.com\\\/es\\\/traduccion-comercial-de-ingles\\\/#primaryimage\"},\"image\":{\"@id\":\"https:\\\/\\\/culturesconnection.com\\\/es\\\/traduccion-comercial-de-ingles\\\/#primaryimage\"},\"thumbnailUrl\":\"https:\\\/\\\/culturesconnection.com\\\/wp-content\\\/uploads\\\/2020\\\/09\\\/P\u00e1gina_Subservicios_de_traducci\u00f3n_por_idioma.png\",\"datePublished\":\"2018-09-28T13:08:38+00:00\",\"dateModified\":\"2022-06-21T18:53:13+00:00\",\"description\":\"Ofrecemos servicios de traducci\u00f3n comercial de ingl\u00e9s, traducimos y localizamos todo tipo de documentos. Pida un presupuesto gratuito.\",\"breadcrumb\":{\"@id\":\"https:\\\/\\\/culturesconnection.com\\\/es\\\/traduccion-comercial-de-ingles\\\/#breadcrumb\"},\"inLanguage\":\"es\",\"potentialAction\":[{\"@type\":\"ReadAction\",\"target\":[\"https:\\\/\\\/culturesconnection.com\\\/es\\\/traduccion-comercial-de-ingles\\\/\"]}]},{\"@type\":\"ImageObject\",\"inLanguage\":\"es\",\"@id\":\"https:\\\/\\\/culturesconnection.com\\\/es\\\/traduccion-comercial-de-ingles\\\/#primaryimage\",\"url\":\"https:\\\/\\\/culturesconnection.com\\\/wp-content\\\/uploads\\\/2020\\\/09\\\/P\u00e1gina_Subservicios_de_traducci\u00f3n_por_idioma.png\",\"contentUrl\":\"https:\\\/\\\/culturesconnection.com\\\/wp-content\\\/uploads\\\/2020\\\/09\\\/P\u00e1gina_Subservicios_de_traducci\u00f3n_por_idioma.png\",\"width\":1417,\"height\":561},{\"@type\":\"BreadcrumbList\",\"@id\":\"https:\\\/\\\/culturesconnection.com\\\/es\\\/traduccion-comercial-de-ingles\\\/#breadcrumb\",\"itemListElement\":[{\"@type\":\"ListItem\",\"position\":1,\"name\":\"Home\",\"item\":\"https:\\\/\\\/culturesconnection.com\\\/es\\\/\"},{\"@type\":\"ListItem\",\"position\":2,\"name\":\"Traducci\u00f3n comercial de ingl\u00e9s\"}]},{\"@type\":\"WebSite\",\"@id\":\"https:\\\/\\\/culturesconnection.com\\\/fr\\\/#website\",\"url\":\"https:\\\/\\\/culturesconnection.com\\\/fr\\\/\",\"name\":\"Cultures Connection\",\"description\":\"Cultures Connection is a translation agency dedicated to the success of its international clients.\",\"publisher\":{\"@id\":\"https:\\\/\\\/culturesconnection.com\\\/fr\\\/#organization\"},\"potentialAction\":[{\"@type\":\"SearchAction\",\"target\":{\"@type\":\"EntryPoint\",\"urlTemplate\":\"https:\\\/\\\/culturesconnection.com\\\/fr\\\/?s={search_term_string}\"},\"query-input\":{\"@type\":\"PropertyValueSpecification\",\"valueRequired\":true,\"valueName\":\"search_term_string\"}}],\"inLanguage\":\"es\"},{\"@type\":\"Organization\",\"@id\":\"https:\\\/\\\/culturesconnection.com\\\/fr\\\/#organization\",\"name\":\"Cultures Connection\",\"url\":\"https:\\\/\\\/culturesconnection.com\\\/fr\\\/\",\"logo\":{\"@type\":\"ImageObject\",\"inLanguage\":\"es\",\"@id\":\"https:\\\/\\\/culturesconnection.com\\\/fr\\\/#\\\/schema\\\/logo\\\/image\\\/\",\"url\":\"https:\\\/\\\/culturesconnection.com\\\/wp-content\\\/uploads\\\/2022\\\/06\\\/cropped-favicon512x512.png\",\"contentUrl\":\"https:\\\/\\\/culturesconnection.com\\\/wp-content\\\/uploads\\\/2022\\\/06\\\/cropped-favicon512x512.png\",\"width\":512,\"height\":512,\"caption\":\"Cultures Connection\"},\"image\":{\"@id\":\"https:\\\/\\\/culturesconnection.com\\\/fr\\\/#\\\/schema\\\/logo\\\/image\\\/\"},\"sameAs\":[\"https:\\\/\\\/www.facebook.com\\\/CulturesConnection\",\"https:\\\/\\\/x.com\\\/CulturesCo_\"]}]}<\/script>\n<!-- \/ Yoast SEO Premium plugin. -->","yoast_head_json":{"title":"Servicios de traducci\u00f3n comercial de ingl\u00e9s","description":"Ofrecemos servicios de traducci\u00f3n comercial de ingl\u00e9s, traducimos y localizamos todo tipo de documentos. Pida un presupuesto gratuito.","robots":{"index":"index","follow":"follow","max-snippet":"max-snippet:-1","max-image-preview":"max-image-preview:large","max-video-preview":"max-video-preview:-1"},"canonical":"https:\/\/culturesconnection.com\/es\/traduccion-comercial-de-ingles\/","og_locale":"es_ES","og_type":"article","og_title":"Traducci\u00f3n comercial de ingl\u00e9s","og_description":"Ofrecemos servicios de traducci\u00f3n comercial de ingl\u00e9s, traducimos y localizamos todo tipo de documentos. Pida un presupuesto gratuito.","og_url":"https:\/\/culturesconnection.com\/es\/traduccion-comercial-de-ingles\/","og_site_name":"Cultures Connection","article_publisher":"https:\/\/www.facebook.com\/CulturesConnection","article_modified_time":"2022-06-21T18:53:13+00:00","og_image":[{"width":1417,"height":561,"url":"https:\/\/culturesconnection.com\/wp-content\/uploads\/2020\/09\/P\u00e1gina_Subservicios_de_traducci\u00f3n_por_idioma.png","type":"image\/png"}],"twitter_card":"summary_large_image","twitter_site":"@CulturesCo_","twitter_misc":{"Tiempo de lectura":"1 minuto"},"schema":{"@context":"https:\/\/schema.org","@graph":[{"@type":"WebPage","@id":"https:\/\/culturesconnection.com\/es\/traduccion-comercial-de-ingles\/","url":"https:\/\/culturesconnection.com\/es\/traduccion-comercial-de-ingles\/","name":"Servicios de traducci\u00f3n comercial de ingl\u00e9s","isPartOf":{"@id":"https:\/\/culturesconnection.com\/fr\/#website"},"primaryImageOfPage":{"@id":"https:\/\/culturesconnection.com\/es\/traduccion-comercial-de-ingles\/#primaryimage"},"image":{"@id":"https:\/\/culturesconnection.com\/es\/traduccion-comercial-de-ingles\/#primaryimage"},"thumbnailUrl":"https:\/\/culturesconnection.com\/wp-content\/uploads\/2020\/09\/P\u00e1gina_Subservicios_de_traducci\u00f3n_por_idioma.png","datePublished":"2018-09-28T13:08:38+00:00","dateModified":"2022-06-21T18:53:13+00:00","description":"Ofrecemos servicios de traducci\u00f3n comercial de ingl\u00e9s, traducimos y localizamos todo tipo de documentos. Pida un presupuesto gratuito.","breadcrumb":{"@id":"https:\/\/culturesconnection.com\/es\/traduccion-comercial-de-ingles\/#breadcrumb"},"inLanguage":"es","potentialAction":[{"@type":"ReadAction","target":["https:\/\/culturesconnection.com\/es\/traduccion-comercial-de-ingles\/"]}]},{"@type":"ImageObject","inLanguage":"es","@id":"https:\/\/culturesconnection.com\/es\/traduccion-comercial-de-ingles\/#primaryimage","url":"https:\/\/culturesconnection.com\/wp-content\/uploads\/2020\/09\/P\u00e1gina_Subservicios_de_traducci\u00f3n_por_idioma.png","contentUrl":"https:\/\/culturesconnection.com\/wp-content\/uploads\/2020\/09\/P\u00e1gina_Subservicios_de_traducci\u00f3n_por_idioma.png","width":1417,"height":561},{"@type":"BreadcrumbList","@id":"https:\/\/culturesconnection.com\/es\/traduccion-comercial-de-ingles\/#breadcrumb","itemListElement":[{"@type":"ListItem","position":1,"name":"Home","item":"https:\/\/culturesconnection.com\/es\/"},{"@type":"ListItem","position":2,"name":"Traducci\u00f3n comercial de ingl\u00e9s"}]},{"@type":"WebSite","@id":"https:\/\/culturesconnection.com\/fr\/#website","url":"https:\/\/culturesconnection.com\/fr\/","name":"Cultures Connection","description":"Cultures Connection is a translation agency dedicated to the success of its international clients.","publisher":{"@id":"https:\/\/culturesconnection.com\/fr\/#organization"},"potentialAction":[{"@type":"SearchAction","target":{"@type":"EntryPoint","urlTemplate":"https:\/\/culturesconnection.com\/fr\/?s={search_term_string}"},"query-input":{"@type":"PropertyValueSpecification","valueRequired":true,"valueName":"search_term_string"}}],"inLanguage":"es"},{"@type":"Organization","@id":"https:\/\/culturesconnection.com\/fr\/#organization","name":"Cultures Connection","url":"https:\/\/culturesconnection.com\/fr\/","logo":{"@type":"ImageObject","inLanguage":"es","@id":"https:\/\/culturesconnection.com\/fr\/#\/schema\/logo\/image\/","url":"https:\/\/culturesconnection.com\/wp-content\/uploads\/2022\/06\/cropped-favicon512x512.png","contentUrl":"https:\/\/culturesconnection.com\/wp-content\/uploads\/2022\/06\/cropped-favicon512x512.png","width":512,"height":512,"caption":"Cultures Connection"},"image":{"@id":"https:\/\/culturesconnection.com\/fr\/#\/schema\/logo\/image\/"},"sameAs":["https:\/\/www.facebook.com\/CulturesConnection","https:\/\/x.com\/CulturesCo_"]}]}},"_links":{"self":[{"href":"https:\/\/culturesconnection.com\/es\/wp-json\/wp\/v2\/pages\/11265","targetHints":{"allow":["GET"]}}],"collection":[{"href":"https:\/\/culturesconnection.com\/es\/wp-json\/wp\/v2\/pages"}],"about":[{"href":"https:\/\/culturesconnection.com\/es\/wp-json\/wp\/v2\/types\/page"}],"author":[{"embeddable":true,"href":"https:\/\/culturesconnection.com\/es\/wp-json\/wp\/v2\/users\/22"}],"replies":[{"embeddable":true,"href":"https:\/\/culturesconnection.com\/es\/wp-json\/wp\/v2\/comments?post=11265"}],"version-history":[{"count":0,"href":"https:\/\/culturesconnection.com\/es\/wp-json\/wp\/v2\/pages\/11265\/revisions"}],"wp:featuredmedia":[{"embeddable":true,"href":"https:\/\/culturesconnection.com\/es\/wp-json\/wp\/v2\/media\/24337"}],"wp:attachment":[{"href":"https:\/\/culturesconnection.com\/es\/wp-json\/wp\/v2\/media?parent=11265"}],"curies":[{"name":"wp","href":"https:\/\/api.w.org\/{rel}","templated":true}]}}