{"id":11249,"date":"2018-09-28T10:51:07","date_gmt":"2018-09-28T08:51:07","guid":{"rendered":"http:\/\/culturesconnection.com\/?page_id=11249"},"modified":"2022-06-22T22:06:36","modified_gmt":"2022-06-22T20:06:36","slug":"traduccion-de-videojuegos-al-italiano","status":"publish","type":"page","link":"https:\/\/culturesconnection.com\/es\/servicios-de-traduccion-de-italiano\/traduccion-de-videojuegos-al-italiano\/","title":{"rendered":"Traducci\u00f3n de videojuegos de italiano"},"content":{"rendered":"\n<h2 class=\"wp-block-heading\">Traducci\u00f3n de videojuegos de italiano<\/h2>\n\n\n\n<p>El trabajo de un traductor de videojuegos consiste m\u00e1s en localizar que en traducir. De hecho, la localizaci\u00f3n de videojuegos es un proceso un poco m\u00e1s complejo que una simple traducci\u00f3n. Un localizador debe adaptarse al contenido ling\u00fc\u00edstico y a las referencias culturales del mercado meta mientras respeta la orientaci\u00f3n, la longitud y el contexto del texto de origen. El traductor de videojuegos tambi\u00e9n debe adaptar muchos elementos de la interfaz: di\u00e1logos, men\u00fas, subt\u00edtulos, instrucciones, etc. Adem\u00e1s, no hay que olvidar todo el material de comunicaci\u00f3n, como la portada, el manual de usuario, carteles publicitarios, etc.<\/p>\n\n\n\n<h2 class=\"wp-block-heading\">Nuestra agencia de traducci\u00f3n localiza todos sus videojuegos de italiano<\/h2>\n\n\n\n<p>Nuestros localizadores de videojuegos trabajan sin descanso para ofrecer la misma experiencia de juego al p\u00fablico italiano que al p\u00fablico espa\u00f1ol sin dejar ning\u00fan cabo suelto en sus traducciones. Cuentan con una educaci\u00f3n de alto nivel, son grandes conocedores de dos o m\u00e1s lenguas y tambi\u00e9n sienten pasi\u00f3n por los videojuegos. \u00bfQui\u00e9n podr\u00eda estar m\u00e1s cualificado que los mismos jugadores para localizar sus videojuegos al italiano?&nbsp;Si desea distribuir su juego por todo el mundo, \u00a1<a href=\"https:\/\/culturesconnection.com\/es\/\">Cultures Connection<\/a> es la agencia de traducci\u00f3n que est\u00e1 buscando!&nbsp;Elegir nuestros <a href=\"https:\/\/culturesconnection.com\/es\/servicios-de-traduccion\/\">servicios de traducci\u00f3n<\/a> significa elegir calidad y \u00e9xito.<\/p>\n\n\n\n<h2 class=\"wp-block-heading\">Nuestros servicios de traducci\u00f3n de videojuegos de italiano<\/h2>\n\n\n\n<p>Nuestra agencia de traducci\u00f3n se encarga de la traducci\u00f3n de diferentes tipos de <a href=\"https:\/\/culturesconnection.com\/es\/traduccion-localizacion-videojuegos\/\">material de videojuegos<\/a>, como, por ejemplo:<\/p>\n\n\n\n<ul class=\"wp-block-list\"><li>Traducci\u00f3n de videojuegos<\/li><li>Localizaci\u00f3n de videojuegos<\/li><li>Gesti\u00f3n de proyectos<\/li><li>Subtitulaci\u00f3n<\/li><li>Grabaci\u00f3n y doblaje<\/li><li>Control de calidad<\/li><\/ul>\n","protected":false},"excerpt":{"rendered":"<p>Traducci\u00f3n de videojuegos de italiano El trabajo de un traductor de videojuegos consiste m\u00e1s en localizar que en traducir. De hecho, la localizaci\u00f3n de videojuegos [&#8230;]<\/p>\n<p><a class=\"btn btn-secondary understrap-read-more-link\" href=\"https:\/\/culturesconnection.com\/es\/servicios-de-traduccion-de-italiano\/traduccion-de-videojuegos-al-italiano\/\">Leer m\u00e1s&#8230;<span class=\"screen-reader-text\"> from Traducci\u00f3n de videojuegos de italiano<\/span><\/a><\/p>\n","protected":false},"author":22,"featured_media":24337,"parent":11408,"menu_order":0,"comment_status":"closed","ping_status":"closed","template":"","meta":{"_acf_changed":false,"_editorskit_title_hidden":false,"_editorskit_reading_time":0,"_editorskit_is_block_options_detached":false,"_editorskit_block_options_position":"{}","footnotes":""},"class_list":["post-11249","page","type-page","status-publish","has-post-thumbnail","hentry"],"acf":[],"_links":{"self":[{"href":"https:\/\/culturesconnection.com\/es\/wp-json\/wp\/v2\/pages\/11249","targetHints":{"allow":["GET"]}}],"collection":[{"href":"https:\/\/culturesconnection.com\/es\/wp-json\/wp\/v2\/pages"}],"about":[{"href":"https:\/\/culturesconnection.com\/es\/wp-json\/wp\/v2\/types\/page"}],"author":[{"embeddable":true,"href":"https:\/\/culturesconnection.com\/es\/wp-json\/wp\/v2\/users\/22"}],"replies":[{"embeddable":true,"href":"https:\/\/culturesconnection.com\/es\/wp-json\/wp\/v2\/comments?post=11249"}],"version-history":[{"count":0,"href":"https:\/\/culturesconnection.com\/es\/wp-json\/wp\/v2\/pages\/11249\/revisions"}],"up":[{"embeddable":true,"href":"https:\/\/culturesconnection.com\/es\/wp-json\/wp\/v2\/pages\/11408"}],"wp:featuredmedia":[{"embeddable":true,"href":"https:\/\/culturesconnection.com\/es\/wp-json\/wp\/v2\/media\/24337"}],"wp:attachment":[{"href":"https:\/\/culturesconnection.com\/es\/wp-json\/wp\/v2\/media?parent=11249"}],"curies":[{"name":"wp","href":"https:\/\/api.w.org\/{rel}","templated":true}]}}