{"id":11204,"date":"2018-09-27T09:38:24","date_gmt":"2018-09-27T07:38:24","guid":{"rendered":"http:\/\/culturesconnection.com\/?page_id=11204"},"modified":"2022-07-29T15:19:33","modified_gmt":"2022-07-29T13:19:33","slug":"traduccion-de-paginas-web-al-neerlandes","status":"publish","type":"page","link":"https:\/\/culturesconnection.com\/es\/servicios-de-traduccion-de-neerlandes\/traduccion-de-paginas-web-al-neerlandes\/","title":{"rendered":"Traducci\u00f3n de p\u00e1ginas web de neerland\u00e9s"},"content":{"rendered":"\n<h2 class=\"wp-block-heading\">Servicios de traducci\u00f3n de p\u00e1ginas web de neerland\u00e9s<\/h2>\n\n\n\n<p>Nunca antes ha sido tan f\u00e1cil comunicarse como con la era de internet. La globalizaci\u00f3n es omnipresente y ofrece muchas oportunidades para compa\u00f1\u00edas que desean exportar la venta de sus productos o servicios. La traducci\u00f3n de p\u00e1ginas web del dan\u00e9s es uno de los servicios que <a href=\"https:\/\/culturesconnection.com\/es\/\">Cultures Connection<\/a> le ofrece para ayudarle a conseguirlo. Traducir p\u00e1ginas web es un paso importante porque representa la primera etapa de contacto entre la empresa y el cliente. Por esta raz\u00f3n, es primordial que este trabajo sea realizado con inteligencia y que el sitio no presente ning\u00fan error o falta de sentido. La primera dificultad reside en las diferencias culturales entre el lector del documento de origen y el lector del documento meta.<\/p>\n\n\n\n<h2 class=\"wp-block-heading\">\u00bfBusca una agencia de traducci\u00f3n?<\/h2>\n\n\n\n<p>\u00bfForma parte de una empresa latinoamericana o espa\u00f1ola que desea conquistar el mercado neerland\u00e9s o flamenco? \u00bfO al contrario? Los traductores que trabajan en Cultures Connection est\u00e1n especializados en la localizaci\u00f3n de p\u00e1ginas web y le ofrecen <a href=\"https:\/\/culturesconnection.com\/es\/servicios-de-traduccion\/\">servicios de traducci\u00f3n<\/a> de gran calidad. Ellos mismos forman parte de ese mercado y saben identificar las necesidades del mercado meta sin dar un paso en falso. Muchas empresas han visto caer sus ventas r\u00e1pidamente por culpa de problemas de traducci\u00f3n e incompatibilidades culturales. No cometa el mismo error: conf\u00ede sus proyectos de neerland\u00e9s a traductores especializados en la <a href=\"https:\/\/culturesconnection.com\/es\/traduccion-sitios-web\/\">traducci\u00f3n de p\u00e1ginas web<\/a>.<\/p>\n\n\n\n<h2 class=\"wp-block-heading\">Nuestros servicios de traducci\u00f3n de contenidos web de neerland\u00e9s<\/h2>\n\n\n\n<p>Cultures Connection realiza traducciones de muchos tipos de documentos web. He aqu\u00ed una lista de traducciones que nuestra agencia ha llevado a cabo:<\/p>\n\n\n\n<ul class=\"wp-block-list\"><li>Contenido web<\/li><li>P\u00e1ginas web de comercio electr\u00f3nico<\/li><li>Aplicaciones para m\u00f3viles<\/li><li>Plataformas de comercio<\/li><li>Fichas de informaci\u00f3n de productos<\/li><\/ul>\n","protected":false},"excerpt":{"rendered":"<p>Servicios de traducci\u00f3n de p\u00e1ginas web de neerland\u00e9s Nunca antes ha sido tan f\u00e1cil comunicarse como con la era de internet. La globalizaci\u00f3n es omnipresente [&#8230;]<\/p>\n<p><a class=\"btn btn-secondary understrap-read-more-link\" href=\"https:\/\/culturesconnection.com\/es\/servicios-de-traduccion-de-neerlandes\/traduccion-de-paginas-web-al-neerlandes\/\">Leer m\u00e1s&#8230;<span class=\"screen-reader-text\"> from Traducci\u00f3n de p\u00e1ginas web de neerland\u00e9s<\/span><\/a><\/p>\n","protected":false},"author":22,"featured_media":24337,"parent":11203,"menu_order":0,"comment_status":"closed","ping_status":"closed","template":"","meta":{"_acf_changed":false,"_editorskit_title_hidden":false,"_editorskit_reading_time":1,"_editorskit_is_block_options_detached":false,"_editorskit_block_options_position":"{}","footnotes":""},"class_list":["post-11204","page","type-page","status-publish","has-post-thumbnail","hentry"],"acf":[],"_links":{"self":[{"href":"https:\/\/culturesconnection.com\/es\/wp-json\/wp\/v2\/pages\/11204","targetHints":{"allow":["GET"]}}],"collection":[{"href":"https:\/\/culturesconnection.com\/es\/wp-json\/wp\/v2\/pages"}],"about":[{"href":"https:\/\/culturesconnection.com\/es\/wp-json\/wp\/v2\/types\/page"}],"author":[{"embeddable":true,"href":"https:\/\/culturesconnection.com\/es\/wp-json\/wp\/v2\/users\/22"}],"replies":[{"embeddable":true,"href":"https:\/\/culturesconnection.com\/es\/wp-json\/wp\/v2\/comments?post=11204"}],"version-history":[{"count":0,"href":"https:\/\/culturesconnection.com\/es\/wp-json\/wp\/v2\/pages\/11204\/revisions"}],"up":[{"embeddable":true,"href":"https:\/\/culturesconnection.com\/es\/wp-json\/wp\/v2\/pages\/11203"}],"wp:featuredmedia":[{"embeddable":true,"href":"https:\/\/culturesconnection.com\/es\/wp-json\/wp\/v2\/media\/24337"}],"wp:attachment":[{"href":"https:\/\/culturesconnection.com\/es\/wp-json\/wp\/v2\/media?parent=11204"}],"curies":[{"name":"wp","href":"https:\/\/api.w.org\/{rel}","templated":true}]}}