{"id":11203,"date":"2018-09-27T10:00:46","date_gmt":"2018-09-27T09:00:46","guid":{"rendered":"http:\/\/culturesconnection.com\/?page_id=11203"},"modified":"2022-06-14T01:05:09","modified_gmt":"2022-06-13T23:05:09","slug":"servicios-de-traduccion-de-neerlandes","status":"publish","type":"page","link":"https:\/\/culturesconnection.com\/es\/servicios-de-traduccion-de-neerlandes\/","title":{"rendered":"Traducci\u00f3n de neerland\u00e9s"},"content":{"rendered":"\n<h2 class=\"wp-block-heading\">Traducci\u00f3n profesional de neerland\u00e9s<\/h2>\n\n\n\n<p>Si traduce sus documentos al neerland\u00e9s, podr\u00e1 comunicarse con los 28 millones de hablantes de esta lengua. Aunque la mayor\u00eda de los hablantes de neerland\u00e9s hablen ingl\u00e9s, siempre valorar\u00e1n el hecho de tener acceso a su contenido en su lengua materna. Si tenemos en cuenta que Espa\u00f1a se sit\u00faa en s\u00e9ptimo lugar como pa\u00eds exportador a los Pa\u00edses Bajos, se comprende que la demanda de traducciones espa\u00f1ol-neerland\u00e9s sea particularmente alta.<\/p>\n\n\n\n<p>Traducir sus documentos al neerland\u00e9s es un paso muy importante para facilitar las negociaciones, el intercambio de informaci\u00f3n y el di\u00e1logo con sus contactos neerlandeses. <a href=\"https:\/\/culturesconnection.com\/es\/\">Cultures Connection<\/a> ofrece servicios de traducci\u00f3n desde o hacia el neerland\u00e9s sin importar la naturaleza de su proyecto o el sector de negocios de su empresa.<\/p>\n\n\n\n<h2 class=\"wp-block-heading\">\u00bfEst\u00e1 buscando un traductor de neerland\u00e9s?<\/h2>\n\n\n\n<p>Cultures Connection se ocupa de sus proyectos de traducci\u00f3n de neerland\u00e9s (desde y hacia el espa\u00f1ol) desde la recepci\u00f3n de sus documentos hasta su entrega. Al tener tanta experiencia en la industria de la traducci\u00f3n, nuestra agencia ha creado una amplia red de traductores de nacionalidad neerlandesa. Ya necesite una traducci\u00f3n del espa\u00f1ol al neerland\u00e9s o una traducci\u00f3n del neerland\u00e9s al espa\u00f1ol, nuestros gestores de proyecto seleccionar\u00e1n al profesional que mejor se adapte a sus necesidades y a su plazo de entrega.<\/p>\n\n\n\n<p>Cultures Connection es consciente de los problemas que una mala traducci\u00f3n puede acarrear, por ello hemos seleccionados a nuestros traductores bas\u00e1ndonos en sus conocimientos <a href=\"https:\/\/culturesconnection.com\/es\/traductor-profesional\/\">ling\u00fc\u00edsticos <\/a>y en sus estudios. Todos cuentan con cinco a\u00f1os de exitosa experiencia en el \u00e1mbito de la traducci\u00f3n y son sometidos a pruebas de nivel para poder formar parte de nuestra base de datos.<\/p>\n","protected":false},"excerpt":{"rendered":"<p>Traducci\u00f3n profesional de neerland\u00e9s Si traduce sus documentos al neerland\u00e9s, podr\u00e1 comunicarse con los 28 millones de hablantes de esta lengua. Aunque la mayor\u00eda de [&#8230;]<\/p>\n<p><a class=\"btn btn-secondary understrap-read-more-link\" href=\"https:\/\/culturesconnection.com\/es\/servicios-de-traduccion-de-neerlandes\/\">Leer m\u00e1s&#8230;<span class=\"screen-reader-text\"> from Traducci\u00f3n de neerland\u00e9s<\/span><\/a><\/p>\n","protected":false},"author":22,"featured_media":23259,"parent":0,"menu_order":0,"comment_status":"closed","ping_status":"closed","template":"","meta":{"_acf_changed":false,"_editorskit_title_hidden":false,"_editorskit_reading_time":0,"_editorskit_is_block_options_detached":false,"_editorskit_block_options_position":"{}","footnotes":""},"class_list":["post-11203","page","type-page","status-publish","has-post-thumbnail","hentry"],"acf":[],"_links":{"self":[{"href":"https:\/\/culturesconnection.com\/es\/wp-json\/wp\/v2\/pages\/11203","targetHints":{"allow":["GET"]}}],"collection":[{"href":"https:\/\/culturesconnection.com\/es\/wp-json\/wp\/v2\/pages"}],"about":[{"href":"https:\/\/culturesconnection.com\/es\/wp-json\/wp\/v2\/types\/page"}],"author":[{"embeddable":true,"href":"https:\/\/culturesconnection.com\/es\/wp-json\/wp\/v2\/users\/22"}],"replies":[{"embeddable":true,"href":"https:\/\/culturesconnection.com\/es\/wp-json\/wp\/v2\/comments?post=11203"}],"version-history":[{"count":0,"href":"https:\/\/culturesconnection.com\/es\/wp-json\/wp\/v2\/pages\/11203\/revisions"}],"wp:featuredmedia":[{"embeddable":true,"href":"https:\/\/culturesconnection.com\/es\/wp-json\/wp\/v2\/media\/23259"}],"wp:attachment":[{"href":"https:\/\/culturesconnection.com\/es\/wp-json\/wp\/v2\/media?parent=11203"}],"curies":[{"name":"wp","href":"https:\/\/api.w.org\/{rel}","templated":true}]}}