{"id":11202,"date":"2018-09-27T10:11:38","date_gmt":"2018-09-27T08:11:38","guid":{"rendered":"http:\/\/culturesconnection.com\/?page_id=11202"},"modified":"2022-06-18T03:12:26","modified_gmt":"2022-06-18T01:12:26","slug":"traduccion-tecnica-de-neerlandes","status":"publish","type":"page","link":"https:\/\/culturesconnection.com\/es\/servicios-de-traduccion-de-neerlandes\/traduccion-tecnica-de-neerlandes\/","title":{"rendered":"Traducci\u00f3n T\u00e9cnica de Neerland\u00e9s"},"content":{"rendered":"\n<h2 class=\"wp-block-heading\">Servicios de traducci\u00f3n t\u00e9cnica espa\u00f1ol-neerland\u00e9s <\/h2>\n\n\n\n<p>El hecho de traducir documentos t\u00e9cnicos se ha convertido en una herramienta esencial para empresas que desean exportar sus bienes y servicios a otros mercados. La traducci\u00f3n t\u00e9cnica es una tarea que requiere unos conocimientos espec\u00edficos. Antes de comenzar una traducci\u00f3n, los traductores t\u00e9cnicos deben asegurarse de que comprenden a la perfecci\u00f3n el funcionamiento del producto antes de explicarlo en otra lengua, porque una simple transposici\u00f3n de palabras no es suficiente. Deben realizar traducciones precisas de terminolog\u00eda t\u00e9cnica y adaptarla a la cultura meta.<\/p>\n\n\n\n<h2 class=\"wp-block-heading\">Nuestra agencia de traducci\u00f3n t\u00e9cnica<\/h2>\n\n\n\n<p>Los traductores de neerland\u00e9s con los que <a href=\"https:\/\/culturesconnection.com\/es\/\">Cultures Connection<\/a> trabaja est\u00e1n especializados en la traducci\u00f3n de documentos t\u00e9cnicos. Sus campos de especializaci\u00f3n abarcan desde la ingenier\u00eda industrial hasta la industria qu\u00edmica, la tecnolog\u00eda solar, el sector aeroespacial, la tecnolog\u00eda de la informaci\u00f3n y muchos m\u00e1s. Nuestros traductores t\u00e9cnicos de neerland\u00e9s cuentan con estudios y una s\u00f3lida experiencia, que puede estar basada en sus diplomas o en experiencia profesional previa en la industria t\u00e9cnica. Tienen un excelente nivel en neerland\u00e9s y espa\u00f1ol, son expertos en la terminolog\u00eda t\u00e9cnica de ambas lenguas y solo traducen hacia su lengua materna. Elegir nuestros <a href=\"https:\/\/culturesconnection.com\/es\/servicios-de-traduccion\/\">servicios de traducci\u00f3n<\/a> le garantiza traducciones de gran calidad.<\/p>\n\n\n\n<h2 class=\"wp-block-heading\">Traducci\u00f3n de documentos t\u00e9cnicos de neerland\u00e9s<\/h2>\n\n\n\n<p>Nuestra agencia de servicios ling\u00fc\u00edsticos traduce muchos <a href=\"https:\/\/culturesconnection.com\/es\/traduccion-tecnica\/\">documentos t\u00e9cnicos<\/a>. He aqu\u00ed algunos ejemplos de traducciones t\u00e9cnicas que nuestra agencia de traducci\u00f3n ha llevado a cabo:<\/p>\n\n\n\n<ul class=\"wp-block-list\"><li>Presupuestos<\/li><li>Textos sobre ingenier\u00eda<\/li><li>Manuales de instrucciones de herramientas mec\u00e1nicas (o de cualquier otro tipo de herramienta)<\/li><li>Descripciones de productos y fichas t\u00e9cnicas<\/li><li>Normas<\/li><li>Pliegos de condiciones<\/li><li>Patentes t\u00e9cnicas<\/li><li>Manuales t\u00e9cnicos<\/li><li>Manuales de instrucciones<\/li><li>Gu\u00edas de usuario<\/li><\/ul>\n","protected":false},"excerpt":{"rendered":"<p>Servicios de traducci\u00f3n t\u00e9cnica espa\u00f1ol-neerland\u00e9s El hecho de traducir documentos t\u00e9cnicos se ha convertido en una herramienta esencial para empresas que desean exportar sus bienes [&#8230;]<\/p>\n<p><a class=\"btn btn-secondary understrap-read-more-link\" href=\"https:\/\/culturesconnection.com\/es\/servicios-de-traduccion-de-neerlandes\/traduccion-tecnica-de-neerlandes\/\">Leer m\u00e1s&#8230;<span class=\"screen-reader-text\"> from Traducci\u00f3n T\u00e9cnica de Neerland\u00e9s<\/span><\/a><\/p>\n","protected":false},"author":22,"featured_media":24337,"parent":11203,"menu_order":0,"comment_status":"closed","ping_status":"closed","template":"","meta":{"_acf_changed":false,"_editorskit_title_hidden":false,"_editorskit_reading_time":0,"_editorskit_is_block_options_detached":false,"_editorskit_block_options_position":"{}","footnotes":""},"class_list":["post-11202","page","type-page","status-publish","has-post-thumbnail","hentry"],"acf":[],"_links":{"self":[{"href":"https:\/\/culturesconnection.com\/es\/wp-json\/wp\/v2\/pages\/11202","targetHints":{"allow":["GET"]}}],"collection":[{"href":"https:\/\/culturesconnection.com\/es\/wp-json\/wp\/v2\/pages"}],"about":[{"href":"https:\/\/culturesconnection.com\/es\/wp-json\/wp\/v2\/types\/page"}],"author":[{"embeddable":true,"href":"https:\/\/culturesconnection.com\/es\/wp-json\/wp\/v2\/users\/22"}],"replies":[{"embeddable":true,"href":"https:\/\/culturesconnection.com\/es\/wp-json\/wp\/v2\/comments?post=11202"}],"version-history":[{"count":0,"href":"https:\/\/culturesconnection.com\/es\/wp-json\/wp\/v2\/pages\/11202\/revisions"}],"up":[{"embeddable":true,"href":"https:\/\/culturesconnection.com\/es\/wp-json\/wp\/v2\/pages\/11203"}],"wp:featuredmedia":[{"embeddable":true,"href":"https:\/\/culturesconnection.com\/es\/wp-json\/wp\/v2\/media\/24337"}],"wp:attachment":[{"href":"https:\/\/culturesconnection.com\/es\/wp-json\/wp\/v2\/media?parent=11202"}],"curies":[{"name":"wp","href":"https:\/\/api.w.org\/{rel}","templated":true}]}}