{"id":11201,"date":"2018-09-27T10:17:26","date_gmt":"2018-09-27T08:17:26","guid":{"rendered":"http:\/\/culturesconnection.com\/?page_id=11201"},"modified":"2022-06-21T23:10:28","modified_gmt":"2022-06-21T21:10:28","slug":"traduccion-audiovisual-de-neerlandes","status":"publish","type":"page","link":"https:\/\/culturesconnection.com\/es\/servicios-de-traduccion-de-neerlandes\/traduccion-audiovisual-de-neerlandes\/","title":{"rendered":"Traducci\u00f3n audiovisual de neerland\u00e9s"},"content":{"rendered":"\n<h2 class=\"wp-block-heading\">Servicios de traducci\u00f3n audiovisual espa\u00f1ol-neerland\u00e9s<\/h2>\n\n\n\n<p>Las empresas recurren cada vez m\u00e1s a traductores audiovisuales especializados para transcribir su material. El material se adapta a nuevas lenguas y nuevas culturas para alcanzar a un mayor p\u00fablico. Este material puede tener muchas formas; puede ser una pel\u00edcula, un documental o, incluso, un anuncio. El procedimiento necesario para traducir este tipo de documentos no es siempre el mismo y puede variar de un documento a otro. La traducci\u00f3n audiovisual es una tarea que se debe dejar a profesionales.<\/p>\n\n\n\n<h2 class=\"wp-block-heading\">\u00bfBusca una agencia de traducci\u00f3n audiovisual?<\/h2>\n\n\n\n<p>Gracias a su amplia experiencia en esta industria, <a href=\"https:\/\/culturesconnection.com\/es\/\">Cultures Connection<\/a> est\u00e1 especializada, entre otras cosas, en subtitulaci\u00f3n, voice-over y doblaje en neerland\u00e9s, as\u00ed como en otros <a href=\"https:\/\/culturesconnection.com\/es\/servicios-de-traduccion\/\">servicios de traducci\u00f3n<\/a>. Estos servicios proporcionan diferentes resultados y no son compatibles con todo el material audiovisual. Con la <a href=\"https:\/\/culturesconnection.com\/es\/traduccion-audiovisual\/\">subtitulaci\u00f3n<\/a>, puede mantener la versi\u00f3n original y puede ahorrar tiempo y dinero. El doblaje es un poco m\u00e1s laborioso porque consiste en reemplazar la pista de audio por otra pista en la lengua meta. Los traductores audiovisuales deben conseguir que el movimiento de los labios corresponda con el di\u00e1logo traducido. Por todas estas razones, es importante confiar su trabajo a un traductor espa\u00f1ol-neerland\u00e9s o viceversa especializado en traducci\u00f3n audiovisual.<\/p>\n\n\n\n<h2 class=\"wp-block-heading\">Traducci\u00f3n de su material audiovisual de neerland\u00e9s<\/h2>\n\n\n\n<p>Nuestra agencia de traducci\u00f3n ofrece servicios de traducci\u00f3n audiovisual en neerland\u00e9s para una amplia gama de material audiovisual. A continuaci\u00f3n encontrar\u00e1 una lista del material con el que trabajamos:<\/p>\n\n\n\n<ul class=\"wp-block-list\"><li>V\u00eddeos comerciales y publicitarios<\/li><li>V\u00eddeos corporativos<\/li><li>V\u00eddeos institucionales<\/li><li>Audiolibros<\/li><li>Documentales<\/li><li>Videojuegos<\/li><\/ul>\n","protected":false},"excerpt":{"rendered":"<p>Servicios de traducci\u00f3n audiovisual espa\u00f1ol-neerland\u00e9s Las empresas recurren cada vez m\u00e1s a traductores audiovisuales especializados para transcribir su material. El material se adapta a nuevas [&#8230;]<\/p>\n<p><a class=\"btn btn-secondary understrap-read-more-link\" href=\"https:\/\/culturesconnection.com\/es\/servicios-de-traduccion-de-neerlandes\/traduccion-audiovisual-de-neerlandes\/\">Leer m\u00e1s&#8230;<span class=\"screen-reader-text\"> from Traducci\u00f3n audiovisual de neerland\u00e9s<\/span><\/a><\/p>\n","protected":false},"author":22,"featured_media":24337,"parent":11203,"menu_order":0,"comment_status":"closed","ping_status":"closed","template":"","meta":{"_acf_changed":false,"_editorskit_title_hidden":false,"_editorskit_reading_time":0,"_editorskit_is_block_options_detached":false,"_editorskit_block_options_position":"{}","footnotes":""},"class_list":["post-11201","page","type-page","status-publish","has-post-thumbnail","hentry"],"acf":[],"_links":{"self":[{"href":"https:\/\/culturesconnection.com\/es\/wp-json\/wp\/v2\/pages\/11201","targetHints":{"allow":["GET"]}}],"collection":[{"href":"https:\/\/culturesconnection.com\/es\/wp-json\/wp\/v2\/pages"}],"about":[{"href":"https:\/\/culturesconnection.com\/es\/wp-json\/wp\/v2\/types\/page"}],"author":[{"embeddable":true,"href":"https:\/\/culturesconnection.com\/es\/wp-json\/wp\/v2\/users\/22"}],"replies":[{"embeddable":true,"href":"https:\/\/culturesconnection.com\/es\/wp-json\/wp\/v2\/comments?post=11201"}],"version-history":[{"count":0,"href":"https:\/\/culturesconnection.com\/es\/wp-json\/wp\/v2\/pages\/11201\/revisions"}],"up":[{"embeddable":true,"href":"https:\/\/culturesconnection.com\/es\/wp-json\/wp\/v2\/pages\/11203"}],"wp:featuredmedia":[{"embeddable":true,"href":"https:\/\/culturesconnection.com\/es\/wp-json\/wp\/v2\/media\/24337"}],"wp:attachment":[{"href":"https:\/\/culturesconnection.com\/es\/wp-json\/wp\/v2\/media?parent=11201"}],"curies":[{"name":"wp","href":"https:\/\/api.w.org\/{rel}","templated":true}]}}