{"id":11200,"date":"2018-09-27T10:26:10","date_gmt":"2018-09-27T08:26:10","guid":{"rendered":"http:\/\/culturesconnection.com\/?page_id=11200"},"modified":"2022-07-29T15:17:20","modified_gmt":"2022-07-29T13:17:20","slug":"traduccion-cientifica-de-neerlandes","status":"publish","type":"page","link":"https:\/\/culturesconnection.com\/es\/servicios-de-traduccion-de-neerlandes\/traduccion-cientifica-de-neerlandes\/","title":{"rendered":"Traducci\u00f3n cient\u00edfica de neerland\u00e9s"},"content":{"rendered":"\n<h2 class=\"wp-block-heading\">Traducci\u00f3n cient\u00edfica espa\u00f1ol-neerland\u00e9s, un trabajo de precisi\u00f3n<\/h2>\n\n\n\n<p>La investigaci\u00f3n consiste en un sector principal de la traducci\u00f3n cient\u00edfica. La terminolog\u00eda es un aspecto esencial; esta var\u00eda seg\u00fan el \u00e1rea de especializaci\u00f3n en cuesti\u00f3n. Por ello, el traductor cient\u00edfico debe realizar una investigaci\u00f3n previa para utilizar los t\u00e9rminos m\u00e1s precisos posibles. En muchos casos, es necesario efectuar una investigaci\u00f3n por medio de diccionarios y manuales especializados y, si en alg\u00fan momento existe alguna duda no resuelta, se le pregunta al cliente.<\/p>\n\n\n\n<h2 class=\"wp-block-heading\">Nuestra agencia de traducci\u00f3n<\/h2>\n\n\n\n<p>Gracias a nuestra amplia red de traductores, <a href=\"https:\/\/culturesconnection.com\/es\/\">Cultures Connection<\/a> es capaz de ofrecer servicios de traductores cient\u00edficos de neerland\u00e9s en un amplio abanico de \u00e1reas. Ya est\u00e9 relacionado con la biotecnolog\u00eda, la bot\u00e1nica, la alimentaci\u00f3n, la bioingenier\u00eda o con cualquier otra \u00e1rea, contamos con el especialista que mejor se adapta a su proyecto de traducci\u00f3n cient\u00edfica. Adem\u00e1s de los conocimientos cient\u00edficos, nuestros traductores manejan a la perfecci\u00f3n el neerland\u00e9s y el espa\u00f1ol y tienen unos profundos conocimientos de terminolog\u00eda.<\/p>\n\n\n\n<h2 class=\"wp-block-heading\">Traducci\u00f3n de documentos cient\u00edficos de neerland\u00e9s<\/h2>\n\n\n\n<p>Nuestra agencia de traducci\u00f3n est\u00e1 especializada en un amplio abanico de documentos cient\u00edficos y le garantiza unos <a href=\"https:\/\/culturesconnection.com\/es\/servicios-de-traduccion\/\">servicios de traducci\u00f3n<\/a> de calidad. A continuaci\u00f3n, encontrar\u00e1 una lista de <a href=\"https:\/\/culturesconnection.com\/es\/traduccion-cientifica\/\">documentos<\/a> de los que nos encargamos con regularidad:<\/p>\n\n\n\n<ul class=\"wp-block-list\"><li>L\u00e9xicos, enciclopedias cient\u00edficas y glosarios<\/li><li>Documentos t\u00e9cnicos y art\u00edculos de investigaci\u00f3n<\/li><li>Manuales del operario y de usuario<\/li><li>Ensayos de laboratorio, procedimientos de ensayos<\/li><li>Documentos jur\u00eddicos, patentes y directivas<\/li><li>Pliegos de condiciones<\/li><li>Proyectos y estudios de mercado multipa\u00eds<\/li><li>Programas de simulaci\u00f3n (biotecnolog\u00eda, medio ambiente, rehabilitaci\u00f3n de \u00e1reas industriales)<\/li><li>Presentaciones multimedia y v\u00eddeos<\/li><li>Traducci\u00f3n y localizaci\u00f3n de p\u00e1ginas web<\/li><li>Traducci\u00f3n de instrucciones t\u00e9cnicas, presentaciones de congreso<\/li><\/ul>\n","protected":false},"excerpt":{"rendered":"<p>Traducci\u00f3n cient\u00edfica espa\u00f1ol-neerland\u00e9s, un trabajo de precisi\u00f3n La investigaci\u00f3n consiste en un sector principal de la traducci\u00f3n cient\u00edfica. La terminolog\u00eda es un aspecto esencial; esta [&#8230;]<\/p>\n<p><a class=\"btn btn-secondary understrap-read-more-link\" href=\"https:\/\/culturesconnection.com\/es\/servicios-de-traduccion-de-neerlandes\/traduccion-cientifica-de-neerlandes\/\">Leer m\u00e1s&#8230;<span class=\"screen-reader-text\"> from Traducci\u00f3n cient\u00edfica de neerland\u00e9s<\/span><\/a><\/p>\n","protected":false},"author":22,"featured_media":24337,"parent":11203,"menu_order":0,"comment_status":"closed","ping_status":"closed","template":"","meta":{"_acf_changed":false,"_editorskit_title_hidden":false,"_editorskit_reading_time":1,"_editorskit_is_block_options_detached":false,"_editorskit_block_options_position":"{}","footnotes":""},"class_list":["post-11200","page","type-page","status-publish","has-post-thumbnail","hentry"],"acf":[],"_links":{"self":[{"href":"https:\/\/culturesconnection.com\/es\/wp-json\/wp\/v2\/pages\/11200","targetHints":{"allow":["GET"]}}],"collection":[{"href":"https:\/\/culturesconnection.com\/es\/wp-json\/wp\/v2\/pages"}],"about":[{"href":"https:\/\/culturesconnection.com\/es\/wp-json\/wp\/v2\/types\/page"}],"author":[{"embeddable":true,"href":"https:\/\/culturesconnection.com\/es\/wp-json\/wp\/v2\/users\/22"}],"replies":[{"embeddable":true,"href":"https:\/\/culturesconnection.com\/es\/wp-json\/wp\/v2\/comments?post=11200"}],"version-history":[{"count":0,"href":"https:\/\/culturesconnection.com\/es\/wp-json\/wp\/v2\/pages\/11200\/revisions"}],"up":[{"embeddable":true,"href":"https:\/\/culturesconnection.com\/es\/wp-json\/wp\/v2\/pages\/11203"}],"wp:featuredmedia":[{"embeddable":true,"href":"https:\/\/culturesconnection.com\/es\/wp-json\/wp\/v2\/media\/24337"}],"wp:attachment":[{"href":"https:\/\/culturesconnection.com\/es\/wp-json\/wp\/v2\/media?parent=11200"}],"curies":[{"name":"wp","href":"https:\/\/api.w.org\/{rel}","templated":true}]}}